{"id":1004,"date":"2024-01-15T00:18:14","date_gmt":"2024-01-14T21:18:14","guid":{"rendered":"https:\/\/playroom.tr\/?page_id=1004"},"modified":"2024-01-15T00:19:54","modified_gmt":"2024-01-14T21:19:54","slug":"konvansiyonel-yangin-algilama-sistemi","status":"publish","type":"page","link":"https:\/\/playroom.tr\/en\/konvansiyonel-yangin-algilama-sistemi\/","title":{"rendered":"Konvansiyonel Yang\u0131n Alg\u0131lama Sistemi"},"content":{"rendered":"<div data-elementor-type=\"wp-page\" data-elementor-id=\"1004\" class=\"elementor elementor-1004\" data-elementor-post-type=\"page\">\n\t\t\t\t\t\t\t<div class=\"elementor-element elementor-element-7fa8ad4 e-flex e-con-boxed elementor-invisible e-con e-parent\" data-id=\"7fa8ad4\" data-element_type=\"container\" data-settings=\"{&quot;jet_parallax_layout_list&quot;:[],&quot;animation&quot;:&quot;fadeInUp&quot;,&quot;content_width&quot;:&quot;boxed&quot;}\" data-core-v316-plus=\"true\">\n\t\t\t\t\t<div class=\"e-con-inner\">\n\t\t\t\t<div class=\"elementor-element elementor-element-939e642 elementor-widget elementor-widget-heading\" data-id=\"939e642\" data-element_type=\"widget\" data-widget_type=\"heading.default\">\n\t\t\t\t<div class=\"elementor-widget-container\">\n\t\t\t<style>\/*! elementor - v3.18.0 - 04-12-2023 *\/\n.elementor-heading-title{padding:0;margin:0;line-height:1}.elementor-widget-heading .elementor-heading-title[class*=elementor-size-]>a{color:inherit;font-size:inherit;line-height:inherit}.elementor-widget-heading .elementor-heading-title.elementor-size-small{font-size:15px}.elementor-widget-heading .elementor-heading-title.elementor-size-medium{font-size:19px}.elementor-widget-heading .elementor-heading-title.elementor-size-large{font-size:29px}.elementor-widget-heading .elementor-heading-title.elementor-size-xl{font-size:39px}.elementor-widget-heading .elementor-heading-title.elementor-size-xxl{font-size:59px}<\/style><h2 class=\"elementor-heading-title elementor-size-default\">Konvansiyonel Yang\u0131n Alg\u0131lama Sistemi<\/h2>\t\t<\/div>\n\t\t\t\t<\/div>\n\t\t\t\t\t<\/div>\n\t\t\t\t<\/div>\n\t\t<div class=\"elementor-element elementor-element-04249d4 e-flex e-con-boxed e-con e-parent\" data-id=\"04249d4\" data-element_type=\"container\" data-settings=\"{&quot;jet_parallax_layout_list&quot;:[],&quot;content_width&quot;:&quot;boxed&quot;}\" data-core-v316-plus=\"true\">\n\t\t\t\t\t<div class=\"e-con-inner\">\n\t\t<div class=\"elementor-element elementor-element-20327cc e-con-full e-flex elementor-invisible e-con e-child\" data-id=\"20327cc\" data-element_type=\"container\" data-settings=\"{&quot;content_width&quot;:&quot;full&quot;,&quot;jet_parallax_layout_list&quot;:[],&quot;animation&quot;:&quot;fadeInLeft&quot;}\">\n\t\t\t\t<div class=\"elementor-element elementor-element-b5cec9c elementor-widget elementor-widget-image\" data-id=\"b5cec9c\" data-element_type=\"widget\" data-widget_type=\"image.default\">\n\t\t\t\t<div class=\"elementor-widget-container\">\n\t\t\t<style>\/*! elementor - v3.18.0 - 04-12-2023 *\/\n.elementor-widget-image{text-align:center}.elementor-widget-image a{display:inline-block}.elementor-widget-image a img[src$=\".svg\"]{width:48px}.elementor-widget-image img{vertical-align:middle;display:inline-block}<\/style>\t\t\t\t\t\t\t\t\t\t\t\t<img fetchpriority=\"high\" decoding=\"async\" width=\"1024\" height=\"1024\" src=\"https:\/\/playroom.tr\/wp-content\/uploads\/2024\/01\/1-20.png\" class=\"elementor-animation-grow attachment-large size-large wp-image-1009\" alt=\"\" srcset=\"https:\/\/playroom.tr\/wp-content\/uploads\/2024\/01\/1-20.png 1024w, https:\/\/playroom.tr\/wp-content\/uploads\/2024\/01\/1-20-300x300.png 300w, https:\/\/playroom.tr\/wp-content\/uploads\/2024\/01\/1-20-150x150.png 150w, https:\/\/playroom.tr\/wp-content\/uploads\/2024\/01\/1-20-768x768.png 768w, https:\/\/playroom.tr\/wp-content\/uploads\/2024\/01\/1-20-12x12.png 12w, https:\/\/playroom.tr\/wp-content\/uploads\/2024\/01\/1-20-500x500.png 500w\" sizes=\"(max-width: 1024px) 100vw, 1024px\" \/>\t\t\t\t\t\t\t\t\t\t\t\t\t\t\t<\/div>\n\t\t\t\t<\/div>\n\t\t\t\t<\/div>\n\t\t<div class=\"elementor-element elementor-element-bdbc0b6 e-con-full e-flex elementor-invisible e-con e-child\" data-id=\"bdbc0b6\" data-element_type=\"container\" data-settings=\"{&quot;content_width&quot;:&quot;full&quot;,&quot;jet_parallax_layout_list&quot;:[],&quot;animation&quot;:&quot;fadeInRight&quot;}\">\n\t\t\t\t<div class=\"elementor-element elementor-element-9c70733 elementor-widget elementor-widget-text-editor\" data-id=\"9c70733\" data-element_type=\"widget\" data-widget_type=\"text-editor.default\">\n\t\t\t\t<div class=\"elementor-widget-container\">\n\t\t\t<style>\/*! elementor - v3.18.0 - 04-12-2023 *\/\n.elementor-widget-text-editor.elementor-drop-cap-view-stacked .elementor-drop-cap{background-color:#69727d;color:#fff}.elementor-widget-text-editor.elementor-drop-cap-view-framed .elementor-drop-cap{color:#69727d;border:3px solid;background-color:transparent}.elementor-widget-text-editor:not(.elementor-drop-cap-view-default) .elementor-drop-cap{margin-top:8px}.elementor-widget-text-editor:not(.elementor-drop-cap-view-default) .elementor-drop-cap-letter{width:1em;height:1em}.elementor-widget-text-editor .elementor-drop-cap{float:left;text-align:center;line-height:1;font-size:50px}.elementor-widget-text-editor .elementor-drop-cap-letter{display:inline-block}<\/style>\t\t\t\t<p><strong>Netko Sistem: Konvansiyonel Yang\u0131n Alg\u0131lama Sistemiyle G\u00fcvenlik ve Koruma<\/strong><\/p><p>Netko Sistem Teknoloji ve Bilgi \u0130\u015flem Hizmetleri San. Tic. Ltd. \u015eti., konvansiyonel yang\u0131n alg\u0131lama sistemleri alan\u0131nda, i\u015fletmelerin ve binalar\u0131n g\u00fcvenli\u011fini sa\u011flamak i\u00e7in kapsaml\u0131 \u00e7\u00f6z\u00fcmler sunmaktad\u0131r. Konvansiyonel yang\u0131n alg\u0131lama sistemleri, yang\u0131n g\u00fcvenli\u011fi i\u00e7in temel bir ihtiya\u00e7t\u0131r ve erken a\u015famada yang\u0131n tespiti yaparak, can ve mal g\u00fcvenli\u011fini korumada kritik bir rol oynar.<\/p><p>Netko Sistem taraf\u0131ndan sunulan konvansiyonel yang\u0131n alg\u0131lama sistemleri, duman detekt\u00f6rleri, \u0131s\u0131 detekt\u00f6rleri ve manuel \u00e7a\u011fr\u0131 noktalar\u0131 gibi \u00e7e\u015fitli bile\u015fenlerden olu\u015fur. Bu sistemler, yang\u0131n alg\u0131land\u0131\u011f\u0131nda hemen alarm vererek, bina sakinlerine ve ilgili g\u00fcvenlik ekiplerine erken uyar\u0131da bulunur. Netko Sistem, bu sistemlerin kurulumu ve entegrasyonunda uzmanl\u0131k sa\u011flayarak, m\u00fc\u015fterilerinin yang\u0131n g\u00fcvenli\u011fi ihtiya\u00e7lar\u0131n\u0131 kar\u015f\u0131lar.<\/p>\t\t\t\t\t\t<\/div>\n\t\t\t\t<\/div>\n\t\t\t\t<\/div>\n\t\t\t\t\t<\/div>\n\t\t\t\t<\/div>\n\t\t<div class=\"elementor-element elementor-element-31d53c2 e-flex e-con-boxed e-con e-parent\" data-id=\"31d53c2\" data-element_type=\"container\" data-settings=\"{&quot;jet_parallax_layout_list&quot;:[],&quot;content_width&quot;:&quot;boxed&quot;}\" data-core-v316-plus=\"true\">\n\t\t\t\t\t<div class=\"e-con-inner\">\n\t\t<div class=\"elementor-element elementor-element-af1e2e2 e-con-full e-flex elementor-invisible e-con e-child\" data-id=\"af1e2e2\" data-element_type=\"container\" data-settings=\"{&quot;content_width&quot;:&quot;full&quot;,&quot;jet_parallax_layout_list&quot;:[],&quot;animation&quot;:&quot;fadeInLeft&quot;}\">\n\t\t\t\t<div class=\"elementor-element elementor-element-8dd987f elementor-widget elementor-widget-text-editor\" data-id=\"8dd987f\" data-element_type=\"widget\" data-widget_type=\"text-editor.default\">\n\t\t\t\t<div class=\"elementor-widget-container\">\n\t\t\t\t\t\t\t<div class=\"min-h-[20px] text-message flex flex-col items-start gap-3 whitespace-pre-wrap break-words [.text-message+&amp;]:mt-5 overflow-x-auto\" data-message-author-role=\"assistant\" data-message-id=\"3738f0a5-01a5-4f7a-adbf-6c33aca69424\"><div class=\"markdown prose w-full break-words dark:prose-invert light\"><p>Konvansiyonel yang\u0131n alg\u0131lama sistemleri, basit ve anla\u015f\u0131l\u0131r yap\u0131lar\u0131 ile bilinir. Her detekt\u00f6r veya \u00e7a\u011fr\u0131 noktas\u0131, belirli bir b\u00f6lgeyi kapsar ve alarm kontrol paneline ba\u011flan\u0131r. Netko Sistem, m\u00fc\u015fterilerinin \u00f6zel ihtiya\u00e7lar\u0131na g\u00f6re en uygun detekt\u00f6r ve sistem konfig\u00fcrasyonunu \u00f6nerir. Bu, her b\u00f6lgenin do\u011fru bir \u015fekilde korunmas\u0131n\u0131 ve sistemin etkin bir \u015fekilde \u00e7al\u0131\u015fmas\u0131n\u0131 sa\u011flar.<\/p><p>Netko Sistem, konvansiyonel yang\u0131n alg\u0131lama sistemlerinin bak\u0131m\u0131 ve onar\u0131m\u0131 konusunda da hizmet verir. D\u00fczenli bak\u0131m, sistemin s\u00fcrekli olarak do\u011fru \u00e7al\u0131\u015fmas\u0131n\u0131 ve yanl\u0131\u015f alarmlar\u0131n \u00f6nlenmesini sa\u011flar.<\/p><\/div><\/div><div class=\"min-h-[20px] text-message flex flex-col items-start gap-3 whitespace-pre-wrap break-words [.text-message+&amp;]:mt-5 overflow-x-auto\" data-message-author-role=\"assistant\" data-message-id=\"5e6595b0-aee5-4ad0-b8fd-feed976b8b40\"><div class=\"markdown prose w-full break-words dark:prose-invert light\"><p>Ayr\u0131ca, \u015firket, yang\u0131n alg\u0131lama sistemlerinin periyodik testlerini ve gerekti\u011finde g\u00fcncellemelerini yaparak, sistemlerin her zaman en y\u00fcksek standartlarda \u00e7al\u0131\u015fmas\u0131n\u0131 garanti eder.<\/p><\/div><\/div>\t\t\t\t\t\t<\/div>\n\t\t\t\t<\/div>\n\t\t\t\t<\/div>\n\t\t<div class=\"elementor-element elementor-element-b113bd3 e-con-full e-flex elementor-invisible e-con e-child\" data-id=\"b113bd3\" data-element_type=\"container\" data-settings=\"{&quot;content_width&quot;:&quot;full&quot;,&quot;jet_parallax_layout_list&quot;:[],&quot;animation&quot;:&quot;fadeInRight&quot;}\">\n\t\t\t\t<div class=\"elementor-element elementor-element-2ca3a05 elementor-widget elementor-widget-image\" data-id=\"2ca3a05\" data-element_type=\"widget\" data-widget_type=\"image.default\">\n\t\t\t\t<div class=\"elementor-widget-container\">\n\t\t\t\t\t\t\t\t\t\t\t\t\t\t\t<img decoding=\"async\" width=\"1024\" height=\"1024\" src=\"https:\/\/playroom.tr\/wp-content\/uploads\/2024\/01\/2-20.png\" class=\"elementor-animation-grow attachment-large size-large wp-image-1010\" alt=\"\" srcset=\"https:\/\/playroom.tr\/wp-content\/uploads\/2024\/01\/2-20.png 1024w, https:\/\/playroom.tr\/wp-content\/uploads\/2024\/01\/2-20-300x300.png 300w, https:\/\/playroom.tr\/wp-content\/uploads\/2024\/01\/2-20-150x150.png 150w, https:\/\/playroom.tr\/wp-content\/uploads\/2024\/01\/2-20-768x768.png 768w, https:\/\/playroom.tr\/wp-content\/uploads\/2024\/01\/2-20-12x12.png 12w, https:\/\/playroom.tr\/wp-content\/uploads\/2024\/01\/2-20-500x500.png 500w\" sizes=\"(max-width: 1024px) 100vw, 1024px\" \/>\t\t\t\t\t\t\t\t\t\t\t\t\t\t\t<\/div>\n\t\t\t\t<\/div>\n\t\t\t\t<\/div>\n\t\t\t\t\t<\/div>\n\t\t\t\t<\/div>\n\t\t<div class=\"elementor-element elementor-element-4a9e910 e-flex e-con-boxed e-con e-parent\" data-id=\"4a9e910\" data-element_type=\"container\" data-settings=\"{&quot;jet_parallax_layout_list&quot;:[],&quot;content_width&quot;:&quot;boxed&quot;}\" data-core-v316-plus=\"true\">\n\t\t\t\t\t<div class=\"e-con-inner\">\n\t\t<div class=\"elementor-element elementor-element-d24ef09 e-con-full e-flex elementor-invisible e-con e-child\" data-id=\"d24ef09\" data-element_type=\"container\" data-settings=\"{&quot;content_width&quot;:&quot;full&quot;,&quot;jet_parallax_layout_list&quot;:[],&quot;animation&quot;:&quot;fadeInLeft&quot;}\">\n\t\t\t\t<div class=\"elementor-element elementor-element-23df788 elementor-widget elementor-widget-image\" data-id=\"23df788\" data-element_type=\"widget\" data-widget_type=\"image.default\">\n\t\t\t\t<div class=\"elementor-widget-container\">\n\t\t\t\t\t\t\t\t\t\t\t\t\t\t\t<img decoding=\"async\" width=\"1024\" height=\"1024\" src=\"https:\/\/playroom.tr\/wp-content\/uploads\/2024\/01\/3-18.png\" class=\"elementor-animation-grow attachment-large size-large wp-image-1011\" alt=\"\" srcset=\"https:\/\/playroom.tr\/wp-content\/uploads\/2024\/01\/3-18.png 1024w, https:\/\/playroom.tr\/wp-content\/uploads\/2024\/01\/3-18-300x300.png 300w, https:\/\/playroom.tr\/wp-content\/uploads\/2024\/01\/3-18-150x150.png 150w, https:\/\/playroom.tr\/wp-content\/uploads\/2024\/01\/3-18-768x768.png 768w, https:\/\/playroom.tr\/wp-content\/uploads\/2024\/01\/3-18-12x12.png 12w, https:\/\/playroom.tr\/wp-content\/uploads\/2024\/01\/3-18-500x500.png 500w\" sizes=\"(max-width: 1024px) 100vw, 1024px\" \/>\t\t\t\t\t\t\t\t\t\t\t\t\t\t\t<\/div>\n\t\t\t\t<\/div>\n\t\t\t\t<\/div>\n\t\t<div class=\"elementor-element elementor-element-7dba90f e-con-full e-flex elementor-invisible e-con e-child\" data-id=\"7dba90f\" data-element_type=\"container\" data-settings=\"{&quot;content_width&quot;:&quot;full&quot;,&quot;jet_parallax_layout_list&quot;:[],&quot;animation&quot;:&quot;fadeInRight&quot;}\">\n\t\t\t\t<div class=\"elementor-element elementor-element-174d2e3 elementor-widget elementor-widget-text-editor\" data-id=\"174d2e3\" data-element_type=\"widget\" data-widget_type=\"text-editor.default\">\n\t\t\t\t<div class=\"elementor-widget-container\">\n\t\t\t\t\t\t\t<p>G\u00fcvenlik ve g\u00fcvenilirlik, Netko Sistem&#8217;in konvansiyonel yang\u0131n alg\u0131lama sistemleri sunumunda en \u00f6nemli unsurlardand\u0131r. \u015eirket, uluslararas\u0131 g\u00fcvenlik standartlar\u0131na ve y\u00f6netmeliklere uygun olarak tasarlanm\u0131\u015f ve sertifikal\u0131 \u00fcr\u00fcnler kullan\u0131r. Bu, m\u00fc\u015fterilerin yang\u0131n durumlar\u0131nda maksimum koruma ve g\u00fcvenlik elde etmelerini sa\u011flar.<\/p><p>Netko Sistem ayr\u0131ca, m\u00fc\u015fterilere yang\u0131n g\u00fcvenli\u011fi konusunda e\u011fitim ve bilin\u00e7lendirme hizmetleri de sunar. Bu hizmetler, yang\u0131n durumunda yap\u0131lmas\u0131 gerekenler, yang\u0131n g\u00fcvenli\u011fi prosed\u00fcrleri ve sistemlerin etkili kullan\u0131m\u0131 hakk\u0131nda bilgi i\u00e7erir. B\u00f6ylece, i\u015fletmeler ve bina y\u00f6neticileri, yang\u0131n alg\u0131lama sistemlerinin \u00f6nemi ve kullan\u0131m\u0131 konusunda daha bilin\u00e7li hale gelir.<\/p>\t\t\t\t\t\t<\/div>\n\t\t\t\t<\/div>\n\t\t\t\t<\/div>\n\t\t\t\t\t<\/div>\n\t\t\t\t<\/div>\n\t\t<div class=\"elementor-element elementor-element-16a4620 e-flex e-con-boxed e-con e-parent\" data-id=\"16a4620\" data-element_type=\"container\" data-settings=\"{&quot;jet_parallax_layout_list&quot;:[],&quot;content_width&quot;:&quot;boxed&quot;}\" data-core-v316-plus=\"true\">\n\t\t\t\t\t<div class=\"e-con-inner\">\n\t\t<div class=\"elementor-element elementor-element-975a14a e-con-full e-flex elementor-invisible e-con e-child\" data-id=\"975a14a\" data-element_type=\"container\" data-settings=\"{&quot;content_width&quot;:&quot;full&quot;,&quot;jet_parallax_layout_list&quot;:[],&quot;animation&quot;:&quot;fadeInLeft&quot;}\">\n\t\t\t\t<div class=\"elementor-element elementor-element-6a6e16f elementor-widget elementor-widget-text-editor\" data-id=\"6a6e16f\" data-element_type=\"widget\" data-widget_type=\"text-editor.default\">\n\t\t\t\t<div class=\"elementor-widget-container\">\n\t\t\t\t\t\t\t<p>Sonu\u00e7 olarak, Netko Sistem&#8217;in konvansiyonel yang\u0131n alg\u0131lama sistemleri, i\u015fletmelerin ve binalar\u0131n yang\u0131n g\u00fcvenli\u011fi ihtiya\u00e7lar\u0131n\u0131 kar\u015f\u0131lamak i\u00e7in g\u00fcvenilir ve etkili \u00e7\u00f6z\u00fcmler sunar. Bu sistemler, erken yang\u0131n tespiti ve h\u0131zl\u0131 m\u00fcdahale imkan\u0131 sa\u011flayarak, can ve mal g\u00fcvenli\u011fini korumada hayati bir rol oynar. Netko Sistem, m\u00fc\u015fterilerine en \u00fcst d\u00fczeyde hizmet ve destek sunarak, onlar\u0131n g\u00fcvenli ve korunmu\u015f bir ortamda faaliyet g\u00f6stermelerine yard\u0131mc\u0131 olur.<\/p>\t\t\t\t\t\t<\/div>\n\t\t\t\t<\/div>\n\t\t\t\t<\/div>\n\t\t<div class=\"elementor-element elementor-element-a38b625 e-con-full e-flex elementor-invisible e-con e-child\" data-id=\"a38b625\" data-element_type=\"container\" data-settings=\"{&quot;content_width&quot;:&quot;full&quot;,&quot;jet_parallax_layout_list&quot;:[],&quot;animation&quot;:&quot;fadeInRight&quot;}\">\n\t\t\t\t<div class=\"elementor-element elementor-element-808becb elementor-widget elementor-widget-image\" data-id=\"808becb\" data-element_type=\"widget\" data-widget_type=\"image.default\">\n\t\t\t\t<div class=\"elementor-widget-container\">\n\t\t\t\t\t\t\t\t\t\t\t\t\t\t\t<img loading=\"lazy\" decoding=\"async\" width=\"1024\" height=\"1024\" src=\"https:\/\/playroom.tr\/wp-content\/uploads\/2024\/01\/4-17.png\" class=\"elementor-animation-grow attachment-large size-large wp-image-1012\" alt=\"\" srcset=\"https:\/\/playroom.tr\/wp-content\/uploads\/2024\/01\/4-17.png 1024w, https:\/\/playroom.tr\/wp-content\/uploads\/2024\/01\/4-17-300x300.png 300w, https:\/\/playroom.tr\/wp-content\/uploads\/2024\/01\/4-17-150x150.png 150w, https:\/\/playroom.tr\/wp-content\/uploads\/2024\/01\/4-17-768x768.png 768w, https:\/\/playroom.tr\/wp-content\/uploads\/2024\/01\/4-17-12x12.png 12w, https:\/\/playroom.tr\/wp-content\/uploads\/2024\/01\/4-17-500x500.png 500w\" sizes=\"(max-width: 1024px) 100vw, 1024px\" \/>\t\t\t\t\t\t\t\t\t\t\t\t\t\t\t<\/div>\n\t\t\t\t<\/div>\n\t\t\t\t<\/div>\n\t\t\t\t\t<\/div>\n\t\t\t\t<\/div>\n\t\t<div class=\"elementor-element elementor-element-2783dc4 e-flex e-con-boxed e-con e-parent\" data-id=\"2783dc4\" data-element_type=\"container\" data-settings=\"{&quot;jet_parallax_layout_list&quot;:[],&quot;content_width&quot;:&quot;boxed&quot;}\" data-core-v316-plus=\"true\">\n\t\t\t\t\t<div class=\"e-con-inner\">\n\t\t\t\t<div class=\"elementor-element elementor-element-00e92ee elementor-align-center elementor-mobile-align-center elementor-widget elementor-widget-raven-button\" data-id=\"00e92ee\" data-element_type=\"widget\" data-settings=\"{&quot;turn_to_popup_action_button&quot;:&quot;no&quot;}\" data-widget_type=\"raven-button.default\">\n\t\t\t\t<div class=\"elementor-widget-container\">\n\t\t\t\t\t<div class=\"raven-widget-wrapper\">\n\t\t\t<a class=\"raven-button raven-button-widget-normal-effect-shine raven-button-text-align-center raven-button-link elementor-animation-grow\" href=\"https:\/\/playroom.tr\/index.php\/contact\/\">\t\t\t\t<div class=\"raven-button-overlay\" ><\/div>\n\t\t\t\t<span class=\"raven-button-content\">\n\t\t\t\t\t\n\t\t\t\t\t<div class=\"button-text-container\">\n\t\t\t\t\t\t\t\t\t\t\t\t<div class=\"raven-button-texts-wrapper\">\n\t\t\t\t\t\t\t<div class=\"button-text\">\n\t\t\t\t\t\t\t\t<span class=\"raven-button-text\">\n\t\t\t\t\t\t\t\t\tTeklif Al\t\t\t\t\t\t\t\t<\/span>\n\t\t\t\t\t\t\t<\/div>\n\t\t\t\t\t\t\t\t\t\t\t\t\t<\/div>\n\t\t\t\t\t\t\t\t\t\t\t<\/div>\n\t\t\t\t\t\n\t\t\t\t\t\t\t\t\t<\/span>\n\t\t\t<\/a>\t\t<\/div>\n\t\t\t\t<\/div>\n\t\t\t\t<\/div>\n\t\t\t\t\t<\/div>\n\t\t\t\t<\/div>\n\t\t\t\t\t\t\t<\/div>","protected":false},"excerpt":{"rendered":"<p>Konvansiyonel Yang\u0131n Alg\u0131lama Sistemi Netko Sistem: Konvansiyonel Yang\u0131n Alg\u0131lama Sistemiyle G\u00fcvenlik ve Koruma Netko Sistem Teknoloji ve Bilgi \u0130\u015flem Hizmetleri San. Tic. Ltd. \u015eti., konvansiyonel yang\u0131n alg\u0131lama sistemleri alan\u0131nda, i\u015fletmelerin ve binalar\u0131n g\u00fcvenli\u011fini sa\u011flamak i\u00e7in kapsaml\u0131 \u00e7\u00f6z\u00fcmler sunmaktad\u0131r. Konvansiyonel yang\u0131n alg\u0131lama sistemleri, yang\u0131n g\u00fcvenli\u011fi i\u00e7in temel bir ihtiya\u00e7t\u0131r ve erken a\u015famada yang\u0131n tespiti yaparak, can [&hellip;]<\/p>","protected":false},"author":1,"featured_media":0,"parent":0,"menu_order":0,"comment_status":"closed","ping_status":"closed","template":"elementor_header_footer","meta":{"footnotes":""},"class_list":["post-1004","page","type-page","status-publish","hentry"],"acf":[],"yoast_head":"<!-- This site is optimized with the Yoast SEO Premium plugin v21.8 (Yoast SEO v21.8) - https:\/\/yoast.com\/wordpress\/plugins\/seo\/ -->\n<title>Konvansiyonel Yang\u0131n Alg\u0131lama Sistemi - Netko Sistem Teknoloji<\/title>\n<meta name=\"robots\" content=\"index, follow, max-snippet:-1, max-image-preview:large, max-video-preview:-1\" \/>\n<link rel=\"canonical\" href=\"https:\/\/playroom.tr\/en\/konvansiyonel-yangin-algilama-sistemi\/\" \/>\n<meta property=\"og:locale\" content=\"en_US\" \/>\n<meta property=\"og:type\" content=\"article\" \/>\n<meta property=\"og:title\" content=\"Konvansiyonel Yang\u0131n Alg\u0131lama Sistemi\" \/>\n<meta property=\"og:description\" content=\"Konvansiyonel Yang\u0131n Alg\u0131lama Sistemi Netko Sistem: Konvansiyonel Yang\u0131n Alg\u0131lama Sistemiyle G\u00fcvenlik ve Koruma Netko Sistem Teknoloji ve Bilgi \u0130\u015flem Hizmetleri San. Tic. Ltd. \u015eti., konvansiyonel yang\u0131n alg\u0131lama sistemleri alan\u0131nda, i\u015fletmelerin ve binalar\u0131n g\u00fcvenli\u011fini sa\u011flamak i\u00e7in kapsaml\u0131 \u00e7\u00f6z\u00fcmler sunmaktad\u0131r. Konvansiyonel yang\u0131n alg\u0131lama sistemleri, yang\u0131n g\u00fcvenli\u011fi i\u00e7in temel bir ihtiya\u00e7t\u0131r ve erken a\u015famada yang\u0131n tespiti yaparak, can [&hellip;]\" \/>\n<meta property=\"og:url\" content=\"https:\/\/playroom.tr\/en\/konvansiyonel-yangin-algilama-sistemi\/\" \/>\n<meta property=\"og:site_name\" content=\"Netko Sistem Teknoloji\" \/>\n<meta property=\"article:modified_time\" content=\"2024-01-14T21:19:54+00:00\" \/>\n<meta property=\"og:image\" content=\"https:\/\/playroom.tr\/wp-content\/uploads\/2024\/01\/1-20.png\" \/>\n<meta name=\"twitter:card\" content=\"summary_large_image\" \/>\n<script type=\"application\/ld+json\" class=\"yoast-schema-graph\">{\"@context\":\"https:\/\/schema.org\",\"@graph\":[{\"@type\":\"WebPage\",\"@id\":\"https:\/\/playroom.tr\/konvansiyonel-yangin-algilama-sistemi\/\",\"url\":\"https:\/\/playroom.tr\/konvansiyonel-yangin-algilama-sistemi\/\",\"name\":\"Konvansiyonel Yang\u0131n Alg\u0131lama Sistemi - Netko Sistem Teknoloji\",\"isPartOf\":{\"@id\":\"https:\/\/playroom.tr\/#website\"},\"datePublished\":\"2024-01-14T21:18:14+00:00\",\"dateModified\":\"2024-01-14T21:19:54+00:00\",\"breadcrumb\":{\"@id\":\"https:\/\/playroom.tr\/konvansiyonel-yangin-algilama-sistemi\/#breadcrumb\"},\"inLanguage\":\"en-US\",\"potentialAction\":[{\"@type\":\"ReadAction\",\"target\":[\"https:\/\/playroom.tr\/konvansiyonel-yangin-algilama-sistemi\/\"]}]},{\"@type\":\"BreadcrumbList\",\"@id\":\"https:\/\/playroom.tr\/konvansiyonel-yangin-algilama-sistemi\/#breadcrumb\",\"itemListElement\":[{\"@type\":\"ListItem\",\"position\":1,\"name\":\"Anasayfa\",\"item\":\"https:\/\/playroom.tr\/\"},{\"@type\":\"ListItem\",\"position\":2,\"name\":\"Konvansiyonel Yang\u0131n Alg\u0131lama Sistemi\"}]},{\"@type\":\"WebSite\",\"@id\":\"https:\/\/playroom.tr\/#website\",\"url\":\"https:\/\/playroom.tr\/\",\"name\":\"Netko Sistem Teknoloji\",\"description\":\"Netko Sistem Teknoloji\",\"potentialAction\":[{\"@type\":\"SearchAction\",\"target\":{\"@type\":\"EntryPoint\",\"urlTemplate\":\"https:\/\/playroom.tr\/?s={search_term_string}\"},\"query-input\":\"required name=search_term_string\"}],\"inLanguage\":\"en-US\"}]}<\/script>\n<!-- \/ Yoast SEO Premium plugin. -->","yoast_head_json":{"title":"Konvansiyonel Yang\u0131n Alg\u0131lama Sistemi - Netko Sistem Teknoloji","robots":{"index":"index","follow":"follow","max-snippet":"max-snippet:-1","max-image-preview":"max-image-preview:large","max-video-preview":"max-video-preview:-1"},"canonical":"https:\/\/playroom.tr\/en\/konvansiyonel-yangin-algilama-sistemi\/","og_locale":"en_US","og_type":"article","og_title":"Konvansiyonel Yang\u0131n Alg\u0131lama Sistemi","og_description":"Konvansiyonel Yang\u0131n Alg\u0131lama Sistemi Netko Sistem: Konvansiyonel Yang\u0131n Alg\u0131lama Sistemiyle G\u00fcvenlik ve Koruma Netko Sistem Teknoloji ve Bilgi \u0130\u015flem Hizmetleri San. Tic. Ltd. \u015eti., konvansiyonel yang\u0131n alg\u0131lama sistemleri alan\u0131nda, i\u015fletmelerin ve binalar\u0131n g\u00fcvenli\u011fini sa\u011flamak i\u00e7in kapsaml\u0131 \u00e7\u00f6z\u00fcmler sunmaktad\u0131r. Konvansiyonel yang\u0131n alg\u0131lama sistemleri, yang\u0131n g\u00fcvenli\u011fi i\u00e7in temel bir ihtiya\u00e7t\u0131r ve erken a\u015famada yang\u0131n tespiti yaparak, can [&hellip;]","og_url":"https:\/\/playroom.tr\/en\/konvansiyonel-yangin-algilama-sistemi\/","og_site_name":"Netko Sistem Teknoloji","article_modified_time":"2024-01-14T21:19:54+00:00","og_image":[{"url":"https:\/\/playroom.tr\/wp-content\/uploads\/2024\/01\/1-20.png"}],"twitter_card":"summary_large_image","schema":{"@context":"https:\/\/schema.org","@graph":[{"@type":"WebPage","@id":"https:\/\/playroom.tr\/konvansiyonel-yangin-algilama-sistemi\/","url":"https:\/\/playroom.tr\/konvansiyonel-yangin-algilama-sistemi\/","name":"Konvansiyonel Yang\u0131n Alg\u0131lama Sistemi - Netko Sistem Teknoloji","isPartOf":{"@id":"https:\/\/playroom.tr\/#website"},"datePublished":"2024-01-14T21:18:14+00:00","dateModified":"2024-01-14T21:19:54+00:00","breadcrumb":{"@id":"https:\/\/playroom.tr\/konvansiyonel-yangin-algilama-sistemi\/#breadcrumb"},"inLanguage":"en-US","potentialAction":[{"@type":"ReadAction","target":["https:\/\/playroom.tr\/konvansiyonel-yangin-algilama-sistemi\/"]}]},{"@type":"BreadcrumbList","@id":"https:\/\/playroom.tr\/konvansiyonel-yangin-algilama-sistemi\/#breadcrumb","itemListElement":[{"@type":"ListItem","position":1,"name":"Anasayfa","item":"https:\/\/playroom.tr\/"},{"@type":"ListItem","position":2,"name":"Konvansiyonel Yang\u0131n Alg\u0131lama Sistemi"}]},{"@type":"WebSite","@id":"https:\/\/playroom.tr\/#website","url":"https:\/\/playroom.tr\/","name":"Netko Sistem Teknoloji","description":"Netko Sistem Teknoloji","potentialAction":[{"@type":"SearchAction","target":{"@type":"EntryPoint","urlTemplate":"https:\/\/playroom.tr\/?s={search_term_string}"},"query-input":"required name=search_term_string"}],"inLanguage":"en-US"}]}},"_links":{"self":[{"href":"https:\/\/playroom.tr\/en\/wp-json\/wp\/v2\/pages\/1004","targetHints":{"allow":["GET"]}}],"collection":[{"href":"https:\/\/playroom.tr\/en\/wp-json\/wp\/v2\/pages"}],"about":[{"href":"https:\/\/playroom.tr\/en\/wp-json\/wp\/v2\/types\/page"}],"author":[{"embeddable":true,"href":"https:\/\/playroom.tr\/en\/wp-json\/wp\/v2\/users\/1"}],"replies":[{"embeddable":true,"href":"https:\/\/playroom.tr\/en\/wp-json\/wp\/v2\/comments?post=1004"}],"version-history":[{"count":4,"href":"https:\/\/playroom.tr\/en\/wp-json\/wp\/v2\/pages\/1004\/revisions"}],"predecessor-version":[{"id":1015,"href":"https:\/\/playroom.tr\/en\/wp-json\/wp\/v2\/pages\/1004\/revisions\/1015"}],"wp:attachment":[{"href":"https:\/\/playroom.tr\/en\/wp-json\/wp\/v2\/media?parent=1004"}],"curies":[{"name":"wp","href":"https:\/\/api.w.org\/{rel}","templated":true}]}}