{"id":1016,"date":"2024-01-15T00:20:14","date_gmt":"2024-01-14T21:20:14","guid":{"rendered":"https:\/\/playroom.tr\/?page_id=1016"},"modified":"2024-01-15T00:23:35","modified_gmt":"2024-01-14T21:23:35","slug":"adresli-yangin-algilama-sistemi","status":"publish","type":"page","link":"https:\/\/playroom.tr\/en\/adresli-yangin-algilama-sistemi\/","title":{"rendered":"Adresli Yang\u0131n Alg\u0131lama Sistemi"},"content":{"rendered":"<div data-elementor-type=\"wp-page\" data-elementor-id=\"1016\" class=\"elementor elementor-1016\" data-elementor-post-type=\"page\">\n\t\t\t\t\t\t\t<div class=\"elementor-element elementor-element-a31e342 e-flex e-con-boxed elementor-invisible e-con e-parent\" data-id=\"a31e342\" data-element_type=\"container\" data-settings=\"{&quot;jet_parallax_layout_list&quot;:[],&quot;animation&quot;:&quot;fadeInUp&quot;,&quot;content_width&quot;:&quot;boxed&quot;}\" data-core-v316-plus=\"true\">\n\t\t\t\t\t<div class=\"e-con-inner\">\n\t\t\t\t<div class=\"elementor-element elementor-element-c5f37cc elementor-widget elementor-widget-heading\" data-id=\"c5f37cc\" data-element_type=\"widget\" data-widget_type=\"heading.default\">\n\t\t\t\t<div class=\"elementor-widget-container\">\n\t\t\t<style>\/*! elementor - v3.18.0 - 04-12-2023 *\/\n.elementor-heading-title{padding:0;margin:0;line-height:1}.elementor-widget-heading .elementor-heading-title[class*=elementor-size-]>a{color:inherit;font-size:inherit;line-height:inherit}.elementor-widget-heading .elementor-heading-title.elementor-size-small{font-size:15px}.elementor-widget-heading .elementor-heading-title.elementor-size-medium{font-size:19px}.elementor-widget-heading .elementor-heading-title.elementor-size-large{font-size:29px}.elementor-widget-heading .elementor-heading-title.elementor-size-xl{font-size:39px}.elementor-widget-heading .elementor-heading-title.elementor-size-xxl{font-size:59px}<\/style><h2 class=\"elementor-heading-title elementor-size-default\">Adresli Yang\u0131n Alg\u0131lama Sistemi<\/h2>\t\t<\/div>\n\t\t\t\t<\/div>\n\t\t\t\t\t<\/div>\n\t\t\t\t<\/div>\n\t\t<div class=\"elementor-element elementor-element-487fa90 e-flex e-con-boxed e-con e-parent\" data-id=\"487fa90\" data-element_type=\"container\" data-settings=\"{&quot;jet_parallax_layout_list&quot;:[],&quot;content_width&quot;:&quot;boxed&quot;}\" data-core-v316-plus=\"true\">\n\t\t\t\t\t<div class=\"e-con-inner\">\n\t\t<div class=\"elementor-element elementor-element-a46a237 e-con-full e-flex elementor-invisible e-con e-child\" data-id=\"a46a237\" data-element_type=\"container\" data-settings=\"{&quot;content_width&quot;:&quot;full&quot;,&quot;jet_parallax_layout_list&quot;:[],&quot;animation&quot;:&quot;fadeInLeft&quot;}\">\n\t\t\t\t<div class=\"elementor-element elementor-element-df5c0a7 elementor-widget elementor-widget-image\" data-id=\"df5c0a7\" data-element_type=\"widget\" data-widget_type=\"image.default\">\n\t\t\t\t<div class=\"elementor-widget-container\">\n\t\t\t<style>\/*! elementor - v3.18.0 - 04-12-2023 *\/\n.elementor-widget-image{text-align:center}.elementor-widget-image a{display:inline-block}.elementor-widget-image a img[src$=\".svg\"]{width:48px}.elementor-widget-image img{vertical-align:middle;display:inline-block}<\/style>\t\t\t\t\t\t\t\t\t\t\t\t<img fetchpriority=\"high\" decoding=\"async\" width=\"1024\" height=\"1024\" src=\"https:\/\/playroom.tr\/wp-content\/uploads\/2024\/01\/1-21.png\" class=\"elementor-animation-grow attachment-large size-large wp-image-1022\" alt=\"\" srcset=\"https:\/\/playroom.tr\/wp-content\/uploads\/2024\/01\/1-21.png 1024w, https:\/\/playroom.tr\/wp-content\/uploads\/2024\/01\/1-21-300x300.png 300w, https:\/\/playroom.tr\/wp-content\/uploads\/2024\/01\/1-21-150x150.png 150w, https:\/\/playroom.tr\/wp-content\/uploads\/2024\/01\/1-21-768x768.png 768w, https:\/\/playroom.tr\/wp-content\/uploads\/2024\/01\/1-21-12x12.png 12w, https:\/\/playroom.tr\/wp-content\/uploads\/2024\/01\/1-21-500x500.png 500w\" sizes=\"(max-width: 1024px) 100vw, 1024px\" \/>\t\t\t\t\t\t\t\t\t\t\t\t\t\t\t<\/div>\n\t\t\t\t<\/div>\n\t\t\t\t<\/div>\n\t\t<div class=\"elementor-element elementor-element-fc3d18e e-con-full e-flex elementor-invisible e-con e-child\" data-id=\"fc3d18e\" data-element_type=\"container\" data-settings=\"{&quot;content_width&quot;:&quot;full&quot;,&quot;jet_parallax_layout_list&quot;:[],&quot;animation&quot;:&quot;fadeInRight&quot;}\">\n\t\t\t\t<div class=\"elementor-element elementor-element-5a761e2 elementor-widget elementor-widget-text-editor\" data-id=\"5a761e2\" data-element_type=\"widget\" data-widget_type=\"text-editor.default\">\n\t\t\t\t<div class=\"elementor-widget-container\">\n\t\t\t<style>\/*! elementor - v3.18.0 - 04-12-2023 *\/\n.elementor-widget-text-editor.elementor-drop-cap-view-stacked .elementor-drop-cap{background-color:#69727d;color:#fff}.elementor-widget-text-editor.elementor-drop-cap-view-framed .elementor-drop-cap{color:#69727d;border:3px solid;background-color:transparent}.elementor-widget-text-editor:not(.elementor-drop-cap-view-default) .elementor-drop-cap{margin-top:8px}.elementor-widget-text-editor:not(.elementor-drop-cap-view-default) .elementor-drop-cap-letter{width:1em;height:1em}.elementor-widget-text-editor .elementor-drop-cap{float:left;text-align:center;line-height:1;font-size:50px}.elementor-widget-text-editor .elementor-drop-cap-letter{display:inline-block}<\/style>\t\t\t\t<p><strong>Netko Sistem: Adresli Yang\u0131n Alg\u0131lama Sistemiyle \u0130leri D\u00fczey G\u00fcvenlik ve Hassasiyet<\/strong><\/p><p>Netko Sistem Teknoloji ve Bilgi \u0130\u015flem Hizmetleri San. Tic. Ltd. \u015eti., adresli yang\u0131n alg\u0131lama sistemleri alan\u0131nda ileri d\u00fczey g\u00fcvenlik ve hassasiyet sunmaktad\u0131r. Adresli yang\u0131n alg\u0131lama sistemleri, yang\u0131n alg\u0131lama teknolojisinde bir d\u00f6n\u00fcm noktas\u0131d\u0131r ve \u00f6zellikle b\u00fcy\u00fck binalar, i\u015f merkezleri ve end\u00fcstriyel tesisler gibi karma\u015f\u0131k yap\u0131lar i\u00e7in idealdir. Netko Sistem, bu sistemlerin kurulumu, y\u00f6netimi ve bak\u0131m\u0131nda uzmanl\u0131k sa\u011flayarak, i\u015fletmelerin ve binalar\u0131n g\u00fcvenli\u011fini en \u00fcst d\u00fczeye \u00e7\u0131kar\u0131r.<\/p><p>Adresli yang\u0131n alg\u0131lama sistemleri, her detekt\u00f6r\u00fcn ve \u00e7a\u011fr\u0131 noktas\u0131n\u0131n ayr\u0131 bir adresi oldu\u011fu bir a\u011f \u00fczerinden \u00e7al\u0131\u015f\u0131r. Bu sistemler, yang\u0131n alg\u0131land\u0131\u011f\u0131nda kesin konumu tespit edebilir, b\u00f6ylece h\u0131zl\u0131 ve do\u011fru bir \u015fekilde m\u00fcdahale edilebilir. Netko Sistem, m\u00fc\u015fterilerine en uygun adresli sistem \u00e7\u00f6z\u00fcmlerini \u00f6nerir ve bu sistemlerin kurulumunda ve konfig\u00fcrasyonunda tam hizmet sunar.<\/p>\t\t\t\t\t\t<\/div>\n\t\t\t\t<\/div>\n\t\t\t\t<\/div>\n\t\t\t\t\t<\/div>\n\t\t\t\t<\/div>\n\t\t<div class=\"elementor-element elementor-element-cfb22b4 e-flex e-con-boxed e-con e-parent\" data-id=\"cfb22b4\" data-element_type=\"container\" data-settings=\"{&quot;jet_parallax_layout_list&quot;:[],&quot;content_width&quot;:&quot;boxed&quot;}\" data-core-v316-plus=\"true\">\n\t\t\t\t\t<div class=\"e-con-inner\">\n\t\t<div class=\"elementor-element elementor-element-995da1d e-con-full e-flex elementor-invisible e-con e-child\" data-id=\"995da1d\" data-element_type=\"container\" data-settings=\"{&quot;content_width&quot;:&quot;full&quot;,&quot;jet_parallax_layout_list&quot;:[],&quot;animation&quot;:&quot;fadeInLeft&quot;}\">\n\t\t\t\t<div class=\"elementor-element elementor-element-6f9adcd elementor-widget elementor-widget-text-editor\" data-id=\"6f9adcd\" data-element_type=\"widget\" data-widget_type=\"text-editor.default\">\n\t\t\t\t<div class=\"elementor-widget-container\">\n\t\t\t\t\t\t\t<div class=\"min-h-[20px] text-message flex flex-col items-start gap-3 whitespace-pre-wrap break-words [.text-message+&amp;]:mt-5 overflow-x-auto\" data-message-author-role=\"assistant\" data-message-id=\"b8db6054-5675-46f8-9999-ba21c513ee1d\"><div class=\"markdown prose w-full break-words dark:prose-invert light\"><p>Netko Sistem taraf\u0131ndan sunulan adresli yang\u0131n alg\u0131lama sistemleri, geli\u015fmi\u015f analitik \u00f6zellikler ve y\u00fcksek duyarl\u0131l\u0131k sunar. Sistemler, yang\u0131n\u0131n boyutunu ve yay\u0131lma h\u0131z\u0131n\u0131 anlamak i\u00e7in ger\u00e7ek zamanl\u0131 veri analizi yapabilir, bu da yang\u0131na m\u00fcdahale stratejilerinin daha etkili planlanmas\u0131n\u0131 sa\u011flar. Ayr\u0131ca, bu sistemler yanl\u0131\u015f alarmlar\u0131 \u00f6nemli \u00f6l\u00e7\u00fcde azalt\u0131r, bu da i\u015fletmeler i\u00e7in zaman ve kaynak tasarrufu sa\u011flar.<\/p><p>G\u00fcvenlik ve g\u00fcvenilirlik, Netko Sistem&#8217;in adresli yang\u0131n alg\u0131lama sistemleri sunumunda en \u00f6nemli unsurlardand\u0131r. \u015eirket, uluslararas\u0131 g\u00fcvenlik standartlar\u0131na uygun olarak tasarlanm\u0131\u015f ve sertifikal\u0131 \u00fcr\u00fcnler kullan\u0131r. Bu, yang\u0131n durumunda maksimum koruma ve g\u00fcvenlik sa\u011flar. Ayr\u0131ca, adresli sistemler, kapsaml\u0131 olay kayd\u0131 ve raporlama \u00f6zellikleri sunarak, yang\u0131n g\u00fcvenli\u011fi y\u00f6netimi ve sonras\u0131nda detayl\u0131 analiz yap\u0131lmas\u0131na olanak tan\u0131r.<\/p><\/div><\/div>\t\t\t\t\t\t<\/div>\n\t\t\t\t<\/div>\n\t\t\t\t<\/div>\n\t\t<div class=\"elementor-element elementor-element-c9c6271 e-con-full e-flex elementor-invisible e-con e-child\" data-id=\"c9c6271\" data-element_type=\"container\" data-settings=\"{&quot;content_width&quot;:&quot;full&quot;,&quot;jet_parallax_layout_list&quot;:[],&quot;animation&quot;:&quot;fadeInRight&quot;}\">\n\t\t\t\t<div class=\"elementor-element elementor-element-e3025e5 elementor-widget elementor-widget-image\" data-id=\"e3025e5\" data-element_type=\"widget\" data-widget_type=\"image.default\">\n\t\t\t\t<div class=\"elementor-widget-container\">\n\t\t\t\t\t\t\t\t\t\t\t\t\t\t\t<img decoding=\"async\" width=\"1024\" height=\"1024\" src=\"https:\/\/playroom.tr\/wp-content\/uploads\/2024\/01\/2-21.png\" class=\"elementor-animation-grow attachment-large size-large wp-image-1023\" alt=\"\" srcset=\"https:\/\/playroom.tr\/wp-content\/uploads\/2024\/01\/2-21.png 1024w, https:\/\/playroom.tr\/wp-content\/uploads\/2024\/01\/2-21-300x300.png 300w, https:\/\/playroom.tr\/wp-content\/uploads\/2024\/01\/2-21-150x150.png 150w, https:\/\/playroom.tr\/wp-content\/uploads\/2024\/01\/2-21-768x768.png 768w, https:\/\/playroom.tr\/wp-content\/uploads\/2024\/01\/2-21-12x12.png 12w, https:\/\/playroom.tr\/wp-content\/uploads\/2024\/01\/2-21-500x500.png 500w\" sizes=\"(max-width: 1024px) 100vw, 1024px\" \/>\t\t\t\t\t\t\t\t\t\t\t\t\t\t\t<\/div>\n\t\t\t\t<\/div>\n\t\t\t\t<\/div>\n\t\t\t\t\t<\/div>\n\t\t\t\t<\/div>\n\t\t<div class=\"elementor-element elementor-element-679b0ed e-flex e-con-boxed e-con e-parent\" data-id=\"679b0ed\" data-element_type=\"container\" data-settings=\"{&quot;jet_parallax_layout_list&quot;:[],&quot;content_width&quot;:&quot;boxed&quot;}\" data-core-v316-plus=\"true\">\n\t\t\t\t\t<div class=\"e-con-inner\">\n\t\t<div class=\"elementor-element elementor-element-4ada1f8 e-con-full e-flex elementor-invisible e-con e-child\" data-id=\"4ada1f8\" data-element_type=\"container\" data-settings=\"{&quot;content_width&quot;:&quot;full&quot;,&quot;jet_parallax_layout_list&quot;:[],&quot;animation&quot;:&quot;fadeInLeft&quot;}\">\n\t\t\t\t<div class=\"elementor-element elementor-element-11496d1 elementor-widget elementor-widget-image\" data-id=\"11496d1\" data-element_type=\"widget\" data-widget_type=\"image.default\">\n\t\t\t\t<div class=\"elementor-widget-container\">\n\t\t\t\t\t\t\t\t\t\t\t\t\t\t\t<img decoding=\"async\" width=\"1024\" height=\"1024\" src=\"https:\/\/playroom.tr\/wp-content\/uploads\/2024\/01\/3-19.png\" class=\"elementor-animation-grow attachment-large size-large wp-image-1024\" alt=\"\" srcset=\"https:\/\/playroom.tr\/wp-content\/uploads\/2024\/01\/3-19.png 1024w, https:\/\/playroom.tr\/wp-content\/uploads\/2024\/01\/3-19-300x300.png 300w, https:\/\/playroom.tr\/wp-content\/uploads\/2024\/01\/3-19-150x150.png 150w, https:\/\/playroom.tr\/wp-content\/uploads\/2024\/01\/3-19-768x768.png 768w, https:\/\/playroom.tr\/wp-content\/uploads\/2024\/01\/3-19-12x12.png 12w, https:\/\/playroom.tr\/wp-content\/uploads\/2024\/01\/3-19-500x500.png 500w\" sizes=\"(max-width: 1024px) 100vw, 1024px\" \/>\t\t\t\t\t\t\t\t\t\t\t\t\t\t\t<\/div>\n\t\t\t\t<\/div>\n\t\t\t\t<\/div>\n\t\t<div class=\"elementor-element elementor-element-087cb57 e-con-full e-flex elementor-invisible e-con e-child\" data-id=\"087cb57\" data-element_type=\"container\" data-settings=\"{&quot;content_width&quot;:&quot;full&quot;,&quot;jet_parallax_layout_list&quot;:[],&quot;animation&quot;:&quot;fadeInRight&quot;}\">\n\t\t\t\t<div class=\"elementor-element elementor-element-631b731 elementor-widget elementor-widget-text-editor\" data-id=\"631b731\" data-element_type=\"widget\" data-widget_type=\"text-editor.default\">\n\t\t\t\t<div class=\"elementor-widget-container\">\n\t\t\t\t\t\t\t<p>Netko Sistem, adresli yang\u0131n alg\u0131lama sistemlerinin bak\u0131m\u0131 ve onar\u0131m\u0131 konusunda da hizmet verir. D\u00fczenli bak\u0131m, sistemlerin s\u00fcrekli olarak do\u011fru \u00e7al\u0131\u015fmas\u0131n\u0131 ve yanl\u0131\u015f alarmlar\u0131n \u00f6nlenmesini sa\u011flar. Teknik destek ekibi, olas\u0131 ar\u0131zalara h\u0131zla m\u00fcdahale ederek, sistemlerin s\u00fcrekli operasyonel kalmas\u0131n\u0131 garanti eder.<\/p>\t\t\t\t\t\t<\/div>\n\t\t\t\t<\/div>\n\t\t\t\t<\/div>\n\t\t\t\t\t<\/div>\n\t\t\t\t<\/div>\n\t\t<div class=\"elementor-element elementor-element-ce1630c e-flex e-con-boxed e-con e-parent\" data-id=\"ce1630c\" data-element_type=\"container\" data-settings=\"{&quot;jet_parallax_layout_list&quot;:[],&quot;content_width&quot;:&quot;boxed&quot;}\" data-core-v316-plus=\"true\">\n\t\t\t\t\t<div class=\"e-con-inner\">\n\t\t<div class=\"elementor-element elementor-element-c865bda e-con-full e-flex elementor-invisible e-con e-child\" data-id=\"c865bda\" data-element_type=\"container\" data-settings=\"{&quot;content_width&quot;:&quot;full&quot;,&quot;jet_parallax_layout_list&quot;:[],&quot;animation&quot;:&quot;fadeInLeft&quot;}\">\n\t\t\t\t<div class=\"elementor-element elementor-element-1444669 elementor-widget elementor-widget-text-editor\" data-id=\"1444669\" data-element_type=\"widget\" data-widget_type=\"text-editor.default\">\n\t\t\t\t<div class=\"elementor-widget-container\">\n\t\t\t\t\t\t\t<p>Sonu\u00e7 olarak, Netko Sistem&#8217;in adresli yang\u0131n alg\u0131lama sistemleri, i\u015fletmelerin ve binalar\u0131n yang\u0131n g\u00fcvenli\u011fi ihtiya\u00e7lar\u0131n\u0131 geli\u015fmi\u015f teknoloji ve hassasiyetle kar\u015f\u0131lar. Bu sistemler, yang\u0131n tespitinde ve m\u00fcdahalesinde etkinlik sa\u011flayarak, can ve mal g\u00fcvenli\u011fini korumada hayati bir rol oynar. Netko Sistem, m\u00fc\u015fterilerine adresli yang\u0131n alg\u0131lama sistemleri konusunda en \u00fcst d\u00fczeyde hizmet ve destek sunarak, onlar\u0131n g\u00fcvenli ve korunmu\u015f bir ortamda faaliyet g\u00f6stermelerine yard\u0131mc\u0131 olur.<\/p>\t\t\t\t\t\t<\/div>\n\t\t\t\t<\/div>\n\t\t\t\t<\/div>\n\t\t<div class=\"elementor-element elementor-element-5d16b87 e-con-full e-flex elementor-invisible e-con e-child\" data-id=\"5d16b87\" data-element_type=\"container\" data-settings=\"{&quot;content_width&quot;:&quot;full&quot;,&quot;jet_parallax_layout_list&quot;:[],&quot;animation&quot;:&quot;fadeInRight&quot;}\">\n\t\t\t\t<div class=\"elementor-element elementor-element-3d58c76 elementor-widget elementor-widget-image\" data-id=\"3d58c76\" data-element_type=\"widget\" data-widget_type=\"image.default\">\n\t\t\t\t<div class=\"elementor-widget-container\">\n\t\t\t\t\t\t\t\t\t\t\t\t\t\t\t<img loading=\"lazy\" decoding=\"async\" width=\"1024\" height=\"1024\" src=\"https:\/\/playroom.tr\/wp-content\/uploads\/2024\/01\/4-18.png\" class=\"elementor-animation-grow attachment-large size-large wp-image-1025\" alt=\"\" srcset=\"https:\/\/playroom.tr\/wp-content\/uploads\/2024\/01\/4-18.png 1024w, https:\/\/playroom.tr\/wp-content\/uploads\/2024\/01\/4-18-300x300.png 300w, https:\/\/playroom.tr\/wp-content\/uploads\/2024\/01\/4-18-150x150.png 150w, https:\/\/playroom.tr\/wp-content\/uploads\/2024\/01\/4-18-768x768.png 768w, https:\/\/playroom.tr\/wp-content\/uploads\/2024\/01\/4-18-12x12.png 12w, https:\/\/playroom.tr\/wp-content\/uploads\/2024\/01\/4-18-500x500.png 500w\" sizes=\"(max-width: 1024px) 100vw, 1024px\" \/>\t\t\t\t\t\t\t\t\t\t\t\t\t\t\t<\/div>\n\t\t\t\t<\/div>\n\t\t\t\t<\/div>\n\t\t\t\t\t<\/div>\n\t\t\t\t<\/div>\n\t\t<div class=\"elementor-element elementor-element-c858fab e-flex e-con-boxed e-con e-parent\" data-id=\"c858fab\" data-element_type=\"container\" data-settings=\"{&quot;jet_parallax_layout_list&quot;:[],&quot;content_width&quot;:&quot;boxed&quot;}\" data-core-v316-plus=\"true\">\n\t\t\t\t\t<div class=\"e-con-inner\">\n\t\t\t\t<div class=\"elementor-element elementor-element-1caeb9a elementor-align-center elementor-mobile-align-center elementor-widget elementor-widget-raven-button\" data-id=\"1caeb9a\" data-element_type=\"widget\" data-settings=\"{&quot;turn_to_popup_action_button&quot;:&quot;no&quot;}\" data-widget_type=\"raven-button.default\">\n\t\t\t\t<div class=\"elementor-widget-container\">\n\t\t\t\t\t<div class=\"raven-widget-wrapper\">\n\t\t\t<a class=\"raven-button raven-button-widget-normal-effect-shine raven-button-text-align-center raven-button-link elementor-animation-grow\" href=\"https:\/\/playroom.tr\/index.php\/contact\/\">\t\t\t\t<div class=\"raven-button-overlay\" ><\/div>\n\t\t\t\t<span class=\"raven-button-content\">\n\t\t\t\t\t\n\t\t\t\t\t<div class=\"button-text-container\">\n\t\t\t\t\t\t\t\t\t\t\t\t<div class=\"raven-button-texts-wrapper\">\n\t\t\t\t\t\t\t<div class=\"button-text\">\n\t\t\t\t\t\t\t\t<span class=\"raven-button-text\">\n\t\t\t\t\t\t\t\t\tTeklif Al\t\t\t\t\t\t\t\t<\/span>\n\t\t\t\t\t\t\t<\/div>\n\t\t\t\t\t\t\t\t\t\t\t\t\t<\/div>\n\t\t\t\t\t\t\t\t\t\t\t<\/div>\n\t\t\t\t\t\n\t\t\t\t\t\t\t\t\t<\/span>\n\t\t\t<\/a>\t\t<\/div>\n\t\t\t\t<\/div>\n\t\t\t\t<\/div>\n\t\t\t\t\t<\/div>\n\t\t\t\t<\/div>\n\t\t\t\t\t\t\t<\/div>","protected":false},"excerpt":{"rendered":"<p>Adresli Yang\u0131n Alg\u0131lama Sistemi Netko Sistem: Adresli Yang\u0131n Alg\u0131lama Sistemiyle \u0130leri D\u00fczey G\u00fcvenlik ve Hassasiyet Netko Sistem Teknoloji ve Bilgi \u0130\u015flem Hizmetleri San. Tic. Ltd. \u015eti., adresli yang\u0131n alg\u0131lama sistemleri alan\u0131nda ileri d\u00fczey g\u00fcvenlik ve hassasiyet sunmaktad\u0131r. Adresli yang\u0131n alg\u0131lama sistemleri, yang\u0131n alg\u0131lama teknolojisinde bir d\u00f6n\u00fcm noktas\u0131d\u0131r ve \u00f6zellikle b\u00fcy\u00fck binalar, i\u015f merkezleri ve end\u00fcstriyel [&hellip;]<\/p>","protected":false},"author":1,"featured_media":0,"parent":0,"menu_order":0,"comment_status":"closed","ping_status":"closed","template":"elementor_header_footer","meta":{"footnotes":""},"class_list":["post-1016","page","type-page","status-publish","hentry"],"acf":[],"yoast_head":"<!-- This site is optimized with the Yoast SEO Premium plugin v21.8 (Yoast SEO v21.8) - https:\/\/yoast.com\/wordpress\/plugins\/seo\/ -->\n<title>Adresli Yang\u0131n Alg\u0131lama Sistemi - Netko Sistem Teknoloji<\/title>\n<meta name=\"robots\" content=\"index, follow, max-snippet:-1, max-image-preview:large, max-video-preview:-1\" \/>\n<link rel=\"canonical\" href=\"https:\/\/playroom.tr\/en\/adresli-yangin-algilama-sistemi\/\" \/>\n<meta property=\"og:locale\" content=\"en_US\" \/>\n<meta property=\"og:type\" content=\"article\" \/>\n<meta property=\"og:title\" content=\"Adresli Yang\u0131n Alg\u0131lama Sistemi\" \/>\n<meta property=\"og:description\" content=\"Adresli Yang\u0131n Alg\u0131lama Sistemi Netko Sistem: Adresli Yang\u0131n Alg\u0131lama Sistemiyle \u0130leri D\u00fczey G\u00fcvenlik ve Hassasiyet Netko Sistem Teknoloji ve Bilgi \u0130\u015flem Hizmetleri San. Tic. Ltd. \u015eti., adresli yang\u0131n alg\u0131lama sistemleri alan\u0131nda ileri d\u00fczey g\u00fcvenlik ve hassasiyet sunmaktad\u0131r. Adresli yang\u0131n alg\u0131lama sistemleri, yang\u0131n alg\u0131lama teknolojisinde bir d\u00f6n\u00fcm noktas\u0131d\u0131r ve \u00f6zellikle b\u00fcy\u00fck binalar, i\u015f merkezleri ve end\u00fcstriyel [&hellip;]\" \/>\n<meta property=\"og:url\" content=\"https:\/\/playroom.tr\/en\/adresli-yangin-algilama-sistemi\/\" \/>\n<meta property=\"og:site_name\" content=\"Netko Sistem Teknoloji\" \/>\n<meta property=\"article:modified_time\" content=\"2024-01-14T21:23:35+00:00\" \/>\n<meta property=\"og:image\" content=\"https:\/\/playroom.tr\/wp-content\/uploads\/2024\/01\/1-21.png\" \/>\n<meta name=\"twitter:card\" content=\"summary_large_image\" \/>\n<script type=\"application\/ld+json\" class=\"yoast-schema-graph\">{\"@context\":\"https:\/\/schema.org\",\"@graph\":[{\"@type\":\"WebPage\",\"@id\":\"https:\/\/playroom.tr\/adresli-yangin-algilama-sistemi\/\",\"url\":\"https:\/\/playroom.tr\/adresli-yangin-algilama-sistemi\/\",\"name\":\"Adresli Yang\u0131n Alg\u0131lama Sistemi - Netko Sistem Teknoloji\",\"isPartOf\":{\"@id\":\"https:\/\/playroom.tr\/#website\"},\"datePublished\":\"2024-01-14T21:20:14+00:00\",\"dateModified\":\"2024-01-14T21:23:35+00:00\",\"breadcrumb\":{\"@id\":\"https:\/\/playroom.tr\/adresli-yangin-algilama-sistemi\/#breadcrumb\"},\"inLanguage\":\"en-US\",\"potentialAction\":[{\"@type\":\"ReadAction\",\"target\":[\"https:\/\/playroom.tr\/adresli-yangin-algilama-sistemi\/\"]}]},{\"@type\":\"BreadcrumbList\",\"@id\":\"https:\/\/playroom.tr\/adresli-yangin-algilama-sistemi\/#breadcrumb\",\"itemListElement\":[{\"@type\":\"ListItem\",\"position\":1,\"name\":\"Anasayfa\",\"item\":\"https:\/\/playroom.tr\/\"},{\"@type\":\"ListItem\",\"position\":2,\"name\":\"Adresli Yang\u0131n Alg\u0131lama Sistemi\"}]},{\"@type\":\"WebSite\",\"@id\":\"https:\/\/playroom.tr\/#website\",\"url\":\"https:\/\/playroom.tr\/\",\"name\":\"Netko Sistem Teknoloji\",\"description\":\"Netko Sistem Teknoloji\",\"potentialAction\":[{\"@type\":\"SearchAction\",\"target\":{\"@type\":\"EntryPoint\",\"urlTemplate\":\"https:\/\/playroom.tr\/?s={search_term_string}\"},\"query-input\":\"required name=search_term_string\"}],\"inLanguage\":\"en-US\"}]}<\/script>\n<!-- \/ Yoast SEO Premium plugin. -->","yoast_head_json":{"title":"Adresli Yang\u0131n Alg\u0131lama Sistemi - Netko Sistem Teknoloji","robots":{"index":"index","follow":"follow","max-snippet":"max-snippet:-1","max-image-preview":"max-image-preview:large","max-video-preview":"max-video-preview:-1"},"canonical":"https:\/\/playroom.tr\/en\/adresli-yangin-algilama-sistemi\/","og_locale":"en_US","og_type":"article","og_title":"Adresli Yang\u0131n Alg\u0131lama Sistemi","og_description":"Adresli Yang\u0131n Alg\u0131lama Sistemi Netko Sistem: Adresli Yang\u0131n Alg\u0131lama Sistemiyle \u0130leri D\u00fczey G\u00fcvenlik ve Hassasiyet Netko Sistem Teknoloji ve Bilgi \u0130\u015flem Hizmetleri San. Tic. Ltd. \u015eti., adresli yang\u0131n alg\u0131lama sistemleri alan\u0131nda ileri d\u00fczey g\u00fcvenlik ve hassasiyet sunmaktad\u0131r. Adresli yang\u0131n alg\u0131lama sistemleri, yang\u0131n alg\u0131lama teknolojisinde bir d\u00f6n\u00fcm noktas\u0131d\u0131r ve \u00f6zellikle b\u00fcy\u00fck binalar, i\u015f merkezleri ve end\u00fcstriyel [&hellip;]","og_url":"https:\/\/playroom.tr\/en\/adresli-yangin-algilama-sistemi\/","og_site_name":"Netko Sistem Teknoloji","article_modified_time":"2024-01-14T21:23:35+00:00","og_image":[{"url":"https:\/\/playroom.tr\/wp-content\/uploads\/2024\/01\/1-21.png"}],"twitter_card":"summary_large_image","schema":{"@context":"https:\/\/schema.org","@graph":[{"@type":"WebPage","@id":"https:\/\/playroom.tr\/adresli-yangin-algilama-sistemi\/","url":"https:\/\/playroom.tr\/adresli-yangin-algilama-sistemi\/","name":"Adresli Yang\u0131n Alg\u0131lama Sistemi - Netko Sistem Teknoloji","isPartOf":{"@id":"https:\/\/playroom.tr\/#website"},"datePublished":"2024-01-14T21:20:14+00:00","dateModified":"2024-01-14T21:23:35+00:00","breadcrumb":{"@id":"https:\/\/playroom.tr\/adresli-yangin-algilama-sistemi\/#breadcrumb"},"inLanguage":"en-US","potentialAction":[{"@type":"ReadAction","target":["https:\/\/playroom.tr\/adresli-yangin-algilama-sistemi\/"]}]},{"@type":"BreadcrumbList","@id":"https:\/\/playroom.tr\/adresli-yangin-algilama-sistemi\/#breadcrumb","itemListElement":[{"@type":"ListItem","position":1,"name":"Anasayfa","item":"https:\/\/playroom.tr\/"},{"@type":"ListItem","position":2,"name":"Adresli Yang\u0131n Alg\u0131lama Sistemi"}]},{"@type":"WebSite","@id":"https:\/\/playroom.tr\/#website","url":"https:\/\/playroom.tr\/","name":"Netko Sistem Teknoloji","description":"Netko Sistem Teknoloji","potentialAction":[{"@type":"SearchAction","target":{"@type":"EntryPoint","urlTemplate":"https:\/\/playroom.tr\/?s={search_term_string}"},"query-input":"required name=search_term_string"}],"inLanguage":"en-US"}]}},"_links":{"self":[{"href":"https:\/\/playroom.tr\/en\/wp-json\/wp\/v2\/pages\/1016","targetHints":{"allow":["GET"]}}],"collection":[{"href":"https:\/\/playroom.tr\/en\/wp-json\/wp\/v2\/pages"}],"about":[{"href":"https:\/\/playroom.tr\/en\/wp-json\/wp\/v2\/types\/page"}],"author":[{"embeddable":true,"href":"https:\/\/playroom.tr\/en\/wp-json\/wp\/v2\/users\/1"}],"replies":[{"embeddable":true,"href":"https:\/\/playroom.tr\/en\/wp-json\/wp\/v2\/comments?post=1016"}],"version-history":[{"count":4,"href":"https:\/\/playroom.tr\/en\/wp-json\/wp\/v2\/pages\/1016\/revisions"}],"predecessor-version":[{"id":1028,"href":"https:\/\/playroom.tr\/en\/wp-json\/wp\/v2\/pages\/1016\/revisions\/1028"}],"wp:attachment":[{"href":"https:\/\/playroom.tr\/en\/wp-json\/wp\/v2\/media?parent=1016"}],"curies":[{"name":"wp","href":"https:\/\/api.w.org\/{rel}","templated":true}]}}