{"id":1054,"date":"2024-01-15T00:32:14","date_gmt":"2024-01-14T21:32:14","guid":{"rendered":"https:\/\/playroom.tr\/?page_id=1054"},"modified":"2024-01-15T00:34:46","modified_gmt":"2024-01-14T21:34:46","slug":"kablosuz-hirsiz-alarm-sistemleri","status":"publish","type":"page","link":"https:\/\/playroom.tr\/en\/kablosuz-hirsiz-alarm-sistemleri\/","title":{"rendered":"Kablosuz H\u0131rs\u0131z Alarm Sistemleri"},"content":{"rendered":"<div data-elementor-type=\"wp-page\" data-elementor-id=\"1054\" class=\"elementor elementor-1054\" data-elementor-post-type=\"page\">\n\t\t\t\t\t\t\t<div class=\"elementor-element elementor-element-8a69d09 e-flex e-con-boxed elementor-invisible e-con e-parent\" data-id=\"8a69d09\" data-element_type=\"container\" data-settings=\"{&quot;jet_parallax_layout_list&quot;:[],&quot;animation&quot;:&quot;fadeInUp&quot;,&quot;content_width&quot;:&quot;boxed&quot;}\" data-core-v316-plus=\"true\">\n\t\t\t\t\t<div class=\"e-con-inner\">\n\t\t\t\t<div class=\"elementor-element elementor-element-28e6557 elementor-widget elementor-widget-heading\" data-id=\"28e6557\" data-element_type=\"widget\" data-widget_type=\"heading.default\">\n\t\t\t\t<div class=\"elementor-widget-container\">\n\t\t\t<style>\/*! elementor - v3.18.0 - 04-12-2023 *\/\n.elementor-heading-title{padding:0;margin:0;line-height:1}.elementor-widget-heading .elementor-heading-title[class*=elementor-size-]>a{color:inherit;font-size:inherit;line-height:inherit}.elementor-widget-heading .elementor-heading-title.elementor-size-small{font-size:15px}.elementor-widget-heading .elementor-heading-title.elementor-size-medium{font-size:19px}.elementor-widget-heading .elementor-heading-title.elementor-size-large{font-size:29px}.elementor-widget-heading .elementor-heading-title.elementor-size-xl{font-size:39px}.elementor-widget-heading .elementor-heading-title.elementor-size-xxl{font-size:59px}<\/style><h2 class=\"elementor-heading-title elementor-size-default\">Kablosuz H\u0131rs\u0131z Alarm Sistemleri<\/h2>\t\t<\/div>\n\t\t\t\t<\/div>\n\t\t\t\t\t<\/div>\n\t\t\t\t<\/div>\n\t\t<div class=\"elementor-element elementor-element-ee75753 e-flex e-con-boxed e-con e-parent\" data-id=\"ee75753\" data-element_type=\"container\" data-settings=\"{&quot;jet_parallax_layout_list&quot;:[],&quot;content_width&quot;:&quot;boxed&quot;}\" data-core-v316-plus=\"true\">\n\t\t\t\t\t<div class=\"e-con-inner\">\n\t\t<div class=\"elementor-element elementor-element-0a4da55 e-con-full e-flex elementor-invisible e-con e-child\" data-id=\"0a4da55\" data-element_type=\"container\" data-settings=\"{&quot;content_width&quot;:&quot;full&quot;,&quot;jet_parallax_layout_list&quot;:[],&quot;animation&quot;:&quot;fadeInLeft&quot;}\">\n\t\t\t\t<div class=\"elementor-element elementor-element-276bffb elementor-widget elementor-widget-image\" data-id=\"276bffb\" data-element_type=\"widget\" data-widget_type=\"image.default\">\n\t\t\t\t<div class=\"elementor-widget-container\">\n\t\t\t<style>\/*! elementor - v3.18.0 - 04-12-2023 *\/\n.elementor-widget-image{text-align:center}.elementor-widget-image a{display:inline-block}.elementor-widget-image a img[src$=\".svg\"]{width:48px}.elementor-widget-image img{vertical-align:middle;display:inline-block}<\/style>\t\t\t\t\t\t\t\t\t\t\t\t<img fetchpriority=\"high\" decoding=\"async\" width=\"1024\" height=\"1024\" src=\"https:\/\/playroom.tr\/wp-content\/uploads\/2024\/01\/1-23.png\" class=\"elementor-animation-grow attachment-large size-large wp-image-1062\" alt=\"\" srcset=\"https:\/\/playroom.tr\/wp-content\/uploads\/2024\/01\/1-23.png 1024w, https:\/\/playroom.tr\/wp-content\/uploads\/2024\/01\/1-23-300x300.png 300w, https:\/\/playroom.tr\/wp-content\/uploads\/2024\/01\/1-23-150x150.png 150w, https:\/\/playroom.tr\/wp-content\/uploads\/2024\/01\/1-23-768x768.png 768w, https:\/\/playroom.tr\/wp-content\/uploads\/2024\/01\/1-23-12x12.png 12w, https:\/\/playroom.tr\/wp-content\/uploads\/2024\/01\/1-23-500x500.png 500w\" sizes=\"(max-width: 1024px) 100vw, 1024px\" \/>\t\t\t\t\t\t\t\t\t\t\t\t\t\t\t<\/div>\n\t\t\t\t<\/div>\n\t\t\t\t<\/div>\n\t\t<div class=\"elementor-element elementor-element-023fc65 e-con-full e-flex elementor-invisible e-con e-child\" data-id=\"023fc65\" data-element_type=\"container\" data-settings=\"{&quot;content_width&quot;:&quot;full&quot;,&quot;jet_parallax_layout_list&quot;:[],&quot;animation&quot;:&quot;fadeInRight&quot;}\">\n\t\t\t\t<div class=\"elementor-element elementor-element-fc28c82 elementor-widget elementor-widget-text-editor\" data-id=\"fc28c82\" data-element_type=\"widget\" data-widget_type=\"text-editor.default\">\n\t\t\t\t<div class=\"elementor-widget-container\">\n\t\t\t<style>\/*! elementor - v3.18.0 - 04-12-2023 *\/\n.elementor-widget-text-editor.elementor-drop-cap-view-stacked .elementor-drop-cap{background-color:#69727d;color:#fff}.elementor-widget-text-editor.elementor-drop-cap-view-framed .elementor-drop-cap{color:#69727d;border:3px solid;background-color:transparent}.elementor-widget-text-editor:not(.elementor-drop-cap-view-default) .elementor-drop-cap{margin-top:8px}.elementor-widget-text-editor:not(.elementor-drop-cap-view-default) .elementor-drop-cap-letter{width:1em;height:1em}.elementor-widget-text-editor .elementor-drop-cap{float:left;text-align:center;line-height:1;font-size:50px}.elementor-widget-text-editor .elementor-drop-cap-letter{display:inline-block}<\/style>\t\t\t\t<p><strong>Netko Sistem: Kablosuz H\u0131rs\u0131z Alarm Sistemleriyle Esnek ve G\u00fcvenilir Koruma<\/strong><\/p><p>Netko Sistem Teknoloji ve Bilgi \u0130\u015flem Hizmetleri San. Tic. Ltd. \u015eti., kablosuz h\u0131rs\u0131z alarm sistemleri sunarak, i\u015fletmelerin ve evlerin g\u00fcvenli\u011fini modern ve esnek bir yakla\u015f\u0131mla sa\u011flamaktad\u0131r. Kablosuz h\u0131rs\u0131z alarm sistemleri, kullan\u0131m kolayl\u0131\u011f\u0131, h\u0131zl\u0131 kurulum ve y\u00fcksek esneklik \u00f6zellikleriyle \u00f6ne \u00e7\u0131kar ve geni\u015f bir kullan\u0131m alan\u0131 sunar. Netko Sistem, bu sistemlerin kurulumu ve y\u00f6netiminde uzmanl\u0131k sa\u011flayarak, m\u00fc\u015fterilerinin g\u00fcvenli\u011fini \u00fcst d\u00fczeyde tutar.<\/p><p>Netko Sistem taraf\u0131ndan sunulan kablosuz h\u0131rs\u0131z alarm sistemleri, kap\u0131 ve pencere sens\u00f6rleri, hareket dedekt\u00f6rleri ve di\u011fer g\u00fcvenlik bile\u015fenlerini i\u00e7erir. Bu bile\u015fenler kablosuz teknoloji kullanarak bir merkezi kontrol paneline ba\u011flan\u0131r, bu da kablo \u00e7ekme ihtiyac\u0131n\u0131 ortadan kald\u0131r\u0131r ve kurulumu kolayla\u015ft\u0131r\u0131r. Kablosuz sistemler, \u00f6zellikle kablo d\u00f6\u015fenmesi zor veya maliyetli olan yerler i\u00e7in idealdir.<\/p>\t\t\t\t\t\t<\/div>\n\t\t\t\t<\/div>\n\t\t\t\t<\/div>\n\t\t\t\t\t<\/div>\n\t\t\t\t<\/div>\n\t\t<div class=\"elementor-element elementor-element-f1328d4 e-flex e-con-boxed e-con e-parent\" data-id=\"f1328d4\" data-element_type=\"container\" data-settings=\"{&quot;jet_parallax_layout_list&quot;:[],&quot;content_width&quot;:&quot;boxed&quot;}\" data-core-v316-plus=\"true\">\n\t\t\t\t\t<div class=\"e-con-inner\">\n\t\t<div class=\"elementor-element elementor-element-e5c287a e-con-full e-flex elementor-invisible e-con e-child\" data-id=\"e5c287a\" data-element_type=\"container\" data-settings=\"{&quot;content_width&quot;:&quot;full&quot;,&quot;jet_parallax_layout_list&quot;:[],&quot;animation&quot;:&quot;fadeInLeft&quot;}\">\n\t\t\t\t<div class=\"elementor-element elementor-element-8dc9f46 elementor-widget elementor-widget-text-editor\" data-id=\"8dc9f46\" data-element_type=\"widget\" data-widget_type=\"text-editor.default\">\n\t\t\t\t<div class=\"elementor-widget-container\">\n\t\t\t\t\t\t\t<p>Kablosuz h\u0131rs\u0131z alarm sistemlerinin en b\u00fcy\u00fck avantajlar\u0131ndan biri, esnek ve geni\u015fletilebilir olmalar\u0131d\u0131r. Netko Sistem, m\u00fc\u015fterilerinin mevcut ve gelecekteki g\u00fcvenlik ihtiya\u00e7lar\u0131na g\u00f6re sistemleri \u00f6zelle\u015ftirir ve gerekti\u011finde ek bile\u015fenlerin kolayca eklenmesini sa\u011flar. Bu esneklik, her t\u00fcrl\u00fc yap\u0131 ve ihtiyaca uygun \u00e7\u00f6z\u00fcmler sunar.<\/p><p>G\u00fcvenlik ve g\u00fcvenilirlik, Netko Sistem&#8217;in kablosuz h\u0131rs\u0131z alarm sistemlerinde \u00f6nemli bir odakt\u0131r. \u015eirket, geli\u015fmi\u015f \u015fifreleme teknolojileri ve g\u00fcvenlik protokolleri kullanarak, sistemlerin g\u00fcvenli\u011fini ve a\u011f \u00fczerinden yap\u0131lan ileti\u015fimin korunmas\u0131n\u0131 sa\u011flar. Ayr\u0131ca, kablosuz sistemler, d\u00fc\u015f\u00fck pil seviyesi uyar\u0131lar\u0131 ve d\u00fczenli otomatik testlerle donat\u0131lm\u0131\u015ft\u0131r, bu da sistemlerin s\u00fcrekli olarak etkin ve operasyonel kalmas\u0131n\u0131 sa\u011flar.<\/p>\t\t\t\t\t\t<\/div>\n\t\t\t\t<\/div>\n\t\t\t\t<\/div>\n\t\t<div class=\"elementor-element elementor-element-b6b1aae e-con-full e-flex elementor-invisible e-con e-child\" data-id=\"b6b1aae\" data-element_type=\"container\" data-settings=\"{&quot;content_width&quot;:&quot;full&quot;,&quot;jet_parallax_layout_list&quot;:[],&quot;animation&quot;:&quot;fadeInRight&quot;}\">\n\t\t\t\t<div class=\"elementor-element elementor-element-8107292 elementor-widget elementor-widget-image\" data-id=\"8107292\" data-element_type=\"widget\" data-widget_type=\"image.default\">\n\t\t\t\t<div class=\"elementor-widget-container\">\n\t\t\t\t\t\t\t\t\t\t\t\t\t\t\t<img decoding=\"async\" width=\"1024\" height=\"1024\" src=\"https:\/\/playroom.tr\/wp-content\/uploads\/2024\/01\/2-23.png\" class=\"elementor-animation-grow attachment-large size-large wp-image-1063\" alt=\"\" srcset=\"https:\/\/playroom.tr\/wp-content\/uploads\/2024\/01\/2-23.png 1024w, https:\/\/playroom.tr\/wp-content\/uploads\/2024\/01\/2-23-300x300.png 300w, https:\/\/playroom.tr\/wp-content\/uploads\/2024\/01\/2-23-150x150.png 150w, https:\/\/playroom.tr\/wp-content\/uploads\/2024\/01\/2-23-768x768.png 768w, https:\/\/playroom.tr\/wp-content\/uploads\/2024\/01\/2-23-12x12.png 12w, https:\/\/playroom.tr\/wp-content\/uploads\/2024\/01\/2-23-500x500.png 500w\" sizes=\"(max-width: 1024px) 100vw, 1024px\" \/>\t\t\t\t\t\t\t\t\t\t\t\t\t\t\t<\/div>\n\t\t\t\t<\/div>\n\t\t\t\t<\/div>\n\t\t\t\t\t<\/div>\n\t\t\t\t<\/div>\n\t\t<div class=\"elementor-element elementor-element-990cc95 e-flex e-con-boxed e-con e-parent\" data-id=\"990cc95\" data-element_type=\"container\" data-settings=\"{&quot;jet_parallax_layout_list&quot;:[],&quot;content_width&quot;:&quot;boxed&quot;}\" data-core-v316-plus=\"true\">\n\t\t\t\t\t<div class=\"e-con-inner\">\n\t\t<div class=\"elementor-element elementor-element-bf72205 e-con-full e-flex elementor-invisible e-con e-child\" data-id=\"bf72205\" data-element_type=\"container\" data-settings=\"{&quot;content_width&quot;:&quot;full&quot;,&quot;jet_parallax_layout_list&quot;:[],&quot;animation&quot;:&quot;fadeInLeft&quot;}\">\n\t\t\t\t<div class=\"elementor-element elementor-element-f8e727c elementor-widget elementor-widget-image\" data-id=\"f8e727c\" data-element_type=\"widget\" data-widget_type=\"image.default\">\n\t\t\t\t<div class=\"elementor-widget-container\">\n\t\t\t\t\t\t\t\t\t\t\t\t\t\t\t<img decoding=\"async\" width=\"1024\" height=\"1024\" src=\"https:\/\/playroom.tr\/wp-content\/uploads\/2024\/01\/3-21.png\" class=\"elementor-animation-grow attachment-large size-large wp-image-1064\" alt=\"\" srcset=\"https:\/\/playroom.tr\/wp-content\/uploads\/2024\/01\/3-21.png 1024w, https:\/\/playroom.tr\/wp-content\/uploads\/2024\/01\/3-21-300x300.png 300w, https:\/\/playroom.tr\/wp-content\/uploads\/2024\/01\/3-21-150x150.png 150w, https:\/\/playroom.tr\/wp-content\/uploads\/2024\/01\/3-21-768x768.png 768w, https:\/\/playroom.tr\/wp-content\/uploads\/2024\/01\/3-21-12x12.png 12w, https:\/\/playroom.tr\/wp-content\/uploads\/2024\/01\/3-21-500x500.png 500w\" sizes=\"(max-width: 1024px) 100vw, 1024px\" \/>\t\t\t\t\t\t\t\t\t\t\t\t\t\t\t<\/div>\n\t\t\t\t<\/div>\n\t\t\t\t<\/div>\n\t\t<div class=\"elementor-element elementor-element-e5c1733 e-con-full e-flex elementor-invisible e-con e-child\" data-id=\"e5c1733\" data-element_type=\"container\" data-settings=\"{&quot;content_width&quot;:&quot;full&quot;,&quot;jet_parallax_layout_list&quot;:[],&quot;animation&quot;:&quot;fadeInRight&quot;}\">\n\t\t\t\t<div class=\"elementor-element elementor-element-d7085ae elementor-widget elementor-widget-text-editor\" data-id=\"d7085ae\" data-element_type=\"widget\" data-widget_type=\"text-editor.default\">\n\t\t\t\t<div class=\"elementor-widget-container\">\n\t\t\t\t\t\t\t<div class=\"min-h-[20px] text-message flex flex-col items-start gap-3 whitespace-pre-wrap break-words [.text-message+&amp;]:mt-5 overflow-x-auto\" data-message-author-role=\"assistant\" data-message-id=\"59407038-f25e-4d0c-858f-458104b1aea2\"><div class=\"markdown prose w-full break-words dark:prose-invert light\"><p>Netko Sistem, kablosuz h\u0131rs\u0131z alarm sistemlerinin bak\u0131m\u0131 ve onar\u0131m\u0131 konusunda da tam destek sunar. M\u00fc\u015fteriler, teknik destek ve acil durum m\u00fcdahale hizmetleriyle g\u00fcvende hissederler. D\u00fczenli bak\u0131m ve sistem g\u00fcncellemeleri, g\u00fcvenlik sistemlerinin her zaman en y\u00fcksek standartlarda \u00e7al\u0131\u015fmas\u0131n\u0131 sa\u011flar.<\/p><\/div><\/div>\t\t\t\t\t\t<\/div>\n\t\t\t\t<\/div>\n\t\t\t\t<\/div>\n\t\t\t\t\t<\/div>\n\t\t\t\t<\/div>\n\t\t<div class=\"elementor-element elementor-element-ae0c11b e-flex e-con-boxed e-con e-parent\" data-id=\"ae0c11b\" data-element_type=\"container\" data-settings=\"{&quot;jet_parallax_layout_list&quot;:[],&quot;content_width&quot;:&quot;boxed&quot;}\" data-core-v316-plus=\"true\">\n\t\t\t\t\t<div class=\"e-con-inner\">\n\t\t<div class=\"elementor-element elementor-element-e1328ca e-con-full e-flex elementor-invisible e-con e-child\" data-id=\"e1328ca\" data-element_type=\"container\" data-settings=\"{&quot;content_width&quot;:&quot;full&quot;,&quot;jet_parallax_layout_list&quot;:[],&quot;animation&quot;:&quot;fadeInLeft&quot;}\">\n\t\t\t\t<div class=\"elementor-element elementor-element-14ed84b elementor-widget elementor-widget-text-editor\" data-id=\"14ed84b\" data-element_type=\"widget\" data-widget_type=\"text-editor.default\">\n\t\t\t\t<div class=\"elementor-widget-container\">\n\t\t\t\t\t\t\t<p>Sonu\u00e7 olarak, Netko Sistem&#8217;in kablosuz h\u0131rs\u0131z alarm sistemleri, i\u015fletmelere ve evlere modern, esnek ve g\u00fcvenilir bir g\u00fcvenlik \u00e7\u00f6z\u00fcm\u00fc sunar. Bu sistemler, kullan\u0131c\u0131 dostu \u00f6zellikleri ve geni\u015fletilebilir yap\u0131lar\u0131 ile m\u00fc\u015fterilere maksimum koruma sa\u011flarken, ayn\u0131 zamanda g\u00fcvenlik ihtiya\u00e7lar\u0131na uyum sa\u011flama esnekli\u011fi sunar. Netko Sistem, m\u00fc\u015fterilerine kablosuz h\u0131rs\u0131z alarm sistemleri konusunda en \u00fcst d\u00fczeyde hizmet ve destek sunarak, onlar\u0131n g\u00fcvenli ve korunmu\u015f bir ortamda faaliyet g\u00f6stermelerine yard\u0131mc\u0131 olur.<\/p>\t\t\t\t\t\t<\/div>\n\t\t\t\t<\/div>\n\t\t\t\t<\/div>\n\t\t<div class=\"elementor-element elementor-element-caeab44 e-con-full e-flex elementor-invisible e-con e-child\" data-id=\"caeab44\" data-element_type=\"container\" data-settings=\"{&quot;content_width&quot;:&quot;full&quot;,&quot;jet_parallax_layout_list&quot;:[],&quot;animation&quot;:&quot;fadeInRight&quot;}\">\n\t\t\t\t<div class=\"elementor-element elementor-element-6e197da elementor-widget elementor-widget-image\" data-id=\"6e197da\" data-element_type=\"widget\" data-widget_type=\"image.default\">\n\t\t\t\t<div class=\"elementor-widget-container\">\n\t\t\t\t\t\t\t\t\t\t\t\t\t\t\t<img loading=\"lazy\" decoding=\"async\" width=\"1024\" height=\"1024\" src=\"https:\/\/playroom.tr\/wp-content\/uploads\/2024\/01\/4-20.png\" class=\"elementor-animation-grow attachment-large size-large wp-image-1065\" alt=\"\" srcset=\"https:\/\/playroom.tr\/wp-content\/uploads\/2024\/01\/4-20.png 1024w, https:\/\/playroom.tr\/wp-content\/uploads\/2024\/01\/4-20-300x300.png 300w, https:\/\/playroom.tr\/wp-content\/uploads\/2024\/01\/4-20-150x150.png 150w, https:\/\/playroom.tr\/wp-content\/uploads\/2024\/01\/4-20-768x768.png 768w, https:\/\/playroom.tr\/wp-content\/uploads\/2024\/01\/4-20-12x12.png 12w, https:\/\/playroom.tr\/wp-content\/uploads\/2024\/01\/4-20-500x500.png 500w\" sizes=\"(max-width: 1024px) 100vw, 1024px\" \/>\t\t\t\t\t\t\t\t\t\t\t\t\t\t\t<\/div>\n\t\t\t\t<\/div>\n\t\t\t\t<\/div>\n\t\t\t\t\t<\/div>\n\t\t\t\t<\/div>\n\t\t<div class=\"elementor-element elementor-element-18127ab e-flex e-con-boxed e-con e-parent\" data-id=\"18127ab\" data-element_type=\"container\" data-settings=\"{&quot;jet_parallax_layout_list&quot;:[],&quot;content_width&quot;:&quot;boxed&quot;}\" data-core-v316-plus=\"true\">\n\t\t\t\t\t<div class=\"e-con-inner\">\n\t\t\t\t<div class=\"elementor-element elementor-element-3badf8f elementor-align-center elementor-mobile-align-center elementor-widget elementor-widget-raven-button\" data-id=\"3badf8f\" data-element_type=\"widget\" data-settings=\"{&quot;turn_to_popup_action_button&quot;:&quot;no&quot;}\" data-widget_type=\"raven-button.default\">\n\t\t\t\t<div class=\"elementor-widget-container\">\n\t\t\t\t\t<div class=\"raven-widget-wrapper\">\n\t\t\t<a class=\"raven-button raven-button-widget-normal-effect-shine raven-button-text-align-center raven-button-link elementor-animation-grow\" href=\"https:\/\/playroom.tr\/index.php\/contact\/\">\t\t\t\t<div class=\"raven-button-overlay\" ><\/div>\n\t\t\t\t<span class=\"raven-button-content\">\n\t\t\t\t\t\n\t\t\t\t\t<div class=\"button-text-container\">\n\t\t\t\t\t\t\t\t\t\t\t\t<div class=\"raven-button-texts-wrapper\">\n\t\t\t\t\t\t\t<div class=\"button-text\">\n\t\t\t\t\t\t\t\t<span class=\"raven-button-text\">\n\t\t\t\t\t\t\t\t\tTeklif Al\t\t\t\t\t\t\t\t<\/span>\n\t\t\t\t\t\t\t<\/div>\n\t\t\t\t\t\t\t\t\t\t\t\t\t<\/div>\n\t\t\t\t\t\t\t\t\t\t\t<\/div>\n\t\t\t\t\t\n\t\t\t\t\t\t\t\t\t<\/span>\n\t\t\t<\/a>\t\t<\/div>\n\t\t\t\t<\/div>\n\t\t\t\t<\/div>\n\t\t\t\t\t<\/div>\n\t\t\t\t<\/div>\n\t\t\t\t\t\t\t<\/div>","protected":false},"excerpt":{"rendered":"<p>Kablosuz H\u0131rs\u0131z Alarm Sistemleri Netko Sistem: Kablosuz H\u0131rs\u0131z Alarm Sistemleriyle Esnek ve G\u00fcvenilir Koruma Netko Sistem Teknoloji ve Bilgi \u0130\u015flem Hizmetleri San. Tic. Ltd. \u015eti., kablosuz h\u0131rs\u0131z alarm sistemleri sunarak, i\u015fletmelerin ve evlerin g\u00fcvenli\u011fini modern ve esnek bir yakla\u015f\u0131mla sa\u011flamaktad\u0131r. Kablosuz h\u0131rs\u0131z alarm sistemleri, kullan\u0131m kolayl\u0131\u011f\u0131, h\u0131zl\u0131 kurulum ve y\u00fcksek esneklik \u00f6zellikleriyle \u00f6ne \u00e7\u0131kar ve [&hellip;]<\/p>","protected":false},"author":1,"featured_media":0,"parent":0,"menu_order":0,"comment_status":"closed","ping_status":"closed","template":"elementor_header_footer","meta":{"footnotes":""},"class_list":["post-1054","page","type-page","status-publish","hentry"],"acf":[],"yoast_head":"<!-- This site is optimized with the Yoast SEO Premium plugin v21.8 (Yoast SEO v21.8) - https:\/\/yoast.com\/wordpress\/plugins\/seo\/ -->\n<title>Kablosuz H\u0131rs\u0131z Alarm Sistemleri - Netko Sistem Teknoloji<\/title>\n<meta name=\"robots\" content=\"index, follow, max-snippet:-1, max-image-preview:large, max-video-preview:-1\" \/>\n<link rel=\"canonical\" href=\"https:\/\/playroom.tr\/en\/kablosuz-hirsiz-alarm-sistemleri\/\" \/>\n<meta property=\"og:locale\" content=\"en_US\" \/>\n<meta property=\"og:type\" content=\"article\" \/>\n<meta property=\"og:title\" content=\"Kablosuz H\u0131rs\u0131z Alarm Sistemleri\" \/>\n<meta property=\"og:description\" content=\"Kablosuz H\u0131rs\u0131z Alarm Sistemleri Netko Sistem: Kablosuz H\u0131rs\u0131z Alarm Sistemleriyle Esnek ve G\u00fcvenilir Koruma Netko Sistem Teknoloji ve Bilgi \u0130\u015flem Hizmetleri San. Tic. Ltd. \u015eti., kablosuz h\u0131rs\u0131z alarm sistemleri sunarak, i\u015fletmelerin ve evlerin g\u00fcvenli\u011fini modern ve esnek bir yakla\u015f\u0131mla sa\u011flamaktad\u0131r. Kablosuz h\u0131rs\u0131z alarm sistemleri, kullan\u0131m kolayl\u0131\u011f\u0131, h\u0131zl\u0131 kurulum ve y\u00fcksek esneklik \u00f6zellikleriyle \u00f6ne \u00e7\u0131kar ve [&hellip;]\" \/>\n<meta property=\"og:url\" content=\"https:\/\/playroom.tr\/en\/kablosuz-hirsiz-alarm-sistemleri\/\" \/>\n<meta property=\"og:site_name\" content=\"Netko Sistem Teknoloji\" \/>\n<meta property=\"article:modified_time\" content=\"2024-01-14T21:34:46+00:00\" \/>\n<meta property=\"og:image\" content=\"https:\/\/playroom.tr\/wp-content\/uploads\/2024\/01\/1-23.png\" \/>\n<meta name=\"twitter:card\" content=\"summary_large_image\" \/>\n<script type=\"application\/ld+json\" class=\"yoast-schema-graph\">{\"@context\":\"https:\/\/schema.org\",\"@graph\":[{\"@type\":\"WebPage\",\"@id\":\"https:\/\/playroom.tr\/kablosuz-hirsiz-alarm-sistemleri\/\",\"url\":\"https:\/\/playroom.tr\/kablosuz-hirsiz-alarm-sistemleri\/\",\"name\":\"Kablosuz H\u0131rs\u0131z Alarm Sistemleri - Netko Sistem Teknoloji\",\"isPartOf\":{\"@id\":\"https:\/\/playroom.tr\/#website\"},\"datePublished\":\"2024-01-14T21:32:14+00:00\",\"dateModified\":\"2024-01-14T21:34:46+00:00\",\"breadcrumb\":{\"@id\":\"https:\/\/playroom.tr\/kablosuz-hirsiz-alarm-sistemleri\/#breadcrumb\"},\"inLanguage\":\"en-US\",\"potentialAction\":[{\"@type\":\"ReadAction\",\"target\":[\"https:\/\/playroom.tr\/kablosuz-hirsiz-alarm-sistemleri\/\"]}]},{\"@type\":\"BreadcrumbList\",\"@id\":\"https:\/\/playroom.tr\/kablosuz-hirsiz-alarm-sistemleri\/#breadcrumb\",\"itemListElement\":[{\"@type\":\"ListItem\",\"position\":1,\"name\":\"Anasayfa\",\"item\":\"https:\/\/playroom.tr\/\"},{\"@type\":\"ListItem\",\"position\":2,\"name\":\"Kablosuz H\u0131rs\u0131z Alarm Sistemleri\"}]},{\"@type\":\"WebSite\",\"@id\":\"https:\/\/playroom.tr\/#website\",\"url\":\"https:\/\/playroom.tr\/\",\"name\":\"Netko Sistem Teknoloji\",\"description\":\"Netko Sistem Teknoloji\",\"potentialAction\":[{\"@type\":\"SearchAction\",\"target\":{\"@type\":\"EntryPoint\",\"urlTemplate\":\"https:\/\/playroom.tr\/?s={search_term_string}\"},\"query-input\":\"required name=search_term_string\"}],\"inLanguage\":\"en-US\"}]}<\/script>\n<!-- \/ Yoast SEO Premium plugin. -->","yoast_head_json":{"title":"Kablosuz H\u0131rs\u0131z Alarm Sistemleri - Netko Sistem Teknoloji","robots":{"index":"index","follow":"follow","max-snippet":"max-snippet:-1","max-image-preview":"max-image-preview:large","max-video-preview":"max-video-preview:-1"},"canonical":"https:\/\/playroom.tr\/en\/kablosuz-hirsiz-alarm-sistemleri\/","og_locale":"en_US","og_type":"article","og_title":"Kablosuz H\u0131rs\u0131z Alarm Sistemleri","og_description":"Kablosuz H\u0131rs\u0131z Alarm Sistemleri Netko Sistem: Kablosuz H\u0131rs\u0131z Alarm Sistemleriyle Esnek ve G\u00fcvenilir Koruma Netko Sistem Teknoloji ve Bilgi \u0130\u015flem Hizmetleri San. Tic. Ltd. \u015eti., kablosuz h\u0131rs\u0131z alarm sistemleri sunarak, i\u015fletmelerin ve evlerin g\u00fcvenli\u011fini modern ve esnek bir yakla\u015f\u0131mla sa\u011flamaktad\u0131r. Kablosuz h\u0131rs\u0131z alarm sistemleri, kullan\u0131m kolayl\u0131\u011f\u0131, h\u0131zl\u0131 kurulum ve y\u00fcksek esneklik \u00f6zellikleriyle \u00f6ne \u00e7\u0131kar ve [&hellip;]","og_url":"https:\/\/playroom.tr\/en\/kablosuz-hirsiz-alarm-sistemleri\/","og_site_name":"Netko Sistem Teknoloji","article_modified_time":"2024-01-14T21:34:46+00:00","og_image":[{"url":"https:\/\/playroom.tr\/wp-content\/uploads\/2024\/01\/1-23.png"}],"twitter_card":"summary_large_image","schema":{"@context":"https:\/\/schema.org","@graph":[{"@type":"WebPage","@id":"https:\/\/playroom.tr\/kablosuz-hirsiz-alarm-sistemleri\/","url":"https:\/\/playroom.tr\/kablosuz-hirsiz-alarm-sistemleri\/","name":"Kablosuz H\u0131rs\u0131z Alarm Sistemleri - Netko Sistem Teknoloji","isPartOf":{"@id":"https:\/\/playroom.tr\/#website"},"datePublished":"2024-01-14T21:32:14+00:00","dateModified":"2024-01-14T21:34:46+00:00","breadcrumb":{"@id":"https:\/\/playroom.tr\/kablosuz-hirsiz-alarm-sistemleri\/#breadcrumb"},"inLanguage":"en-US","potentialAction":[{"@type":"ReadAction","target":["https:\/\/playroom.tr\/kablosuz-hirsiz-alarm-sistemleri\/"]}]},{"@type":"BreadcrumbList","@id":"https:\/\/playroom.tr\/kablosuz-hirsiz-alarm-sistemleri\/#breadcrumb","itemListElement":[{"@type":"ListItem","position":1,"name":"Anasayfa","item":"https:\/\/playroom.tr\/"},{"@type":"ListItem","position":2,"name":"Kablosuz H\u0131rs\u0131z Alarm Sistemleri"}]},{"@type":"WebSite","@id":"https:\/\/playroom.tr\/#website","url":"https:\/\/playroom.tr\/","name":"Netko Sistem Teknoloji","description":"Netko Sistem Teknoloji","potentialAction":[{"@type":"SearchAction","target":{"@type":"EntryPoint","urlTemplate":"https:\/\/playroom.tr\/?s={search_term_string}"},"query-input":"required name=search_term_string"}],"inLanguage":"en-US"}]}},"_links":{"self":[{"href":"https:\/\/playroom.tr\/en\/wp-json\/wp\/v2\/pages\/1054","targetHints":{"allow":["GET"]}}],"collection":[{"href":"https:\/\/playroom.tr\/en\/wp-json\/wp\/v2\/pages"}],"about":[{"href":"https:\/\/playroom.tr\/en\/wp-json\/wp\/v2\/types\/page"}],"author":[{"embeddable":true,"href":"https:\/\/playroom.tr\/en\/wp-json\/wp\/v2\/users\/1"}],"replies":[{"embeddable":true,"href":"https:\/\/playroom.tr\/en\/wp-json\/wp\/v2\/comments?post=1054"}],"version-history":[{"count":7,"href":"https:\/\/playroom.tr\/en\/wp-json\/wp\/v2\/pages\/1054\/revisions"}],"predecessor-version":[{"id":1068,"href":"https:\/\/playroom.tr\/en\/wp-json\/wp\/v2\/pages\/1054\/revisions\/1068"}],"wp:attachment":[{"href":"https:\/\/playroom.tr\/en\/wp-json\/wp\/v2\/media?parent=1054"}],"curies":[{"name":"wp","href":"https:\/\/api.w.org\/{rel}","templated":true}]}}