{"id":1171,"date":"2024-01-15T07:26:20","date_gmt":"2024-01-15T04:26:20","guid":{"rendered":"https:\/\/playroom.tr\/?page_id=1171"},"modified":"2024-01-17T01:07:19","modified_gmt":"2024-01-16T22:07:19","slug":"kesintisiz-guc-kaynagi-sistemleri-ups","status":"publish","type":"page","link":"https:\/\/playroom.tr\/en\/kesintisiz-guc-kaynagi-sistemleri-ups\/","title":{"rendered":"Kesintisiz G\u00fc\u00e7 Kayna\u011f\u0131 Sistemleri (UPS)"},"content":{"rendered":"<div data-elementor-type=\"wp-page\" data-elementor-id=\"1171\" class=\"elementor elementor-1171\" data-elementor-post-type=\"page\">\n\t\t\t\t\t\t\t<div class=\"elementor-element elementor-element-fd7b4ca e-flex e-con-boxed e-con e-parent\" data-id=\"fd7b4ca\" data-element_type=\"container\" data-settings=\"{&quot;jet_parallax_layout_list&quot;:[],&quot;content_width&quot;:&quot;boxed&quot;}\" data-core-v316-plus=\"true\">\n\t\t\t\t\t<div class=\"e-con-inner\">\n\t\t<div class=\"elementor-element elementor-element-fa4648d e-con-full e-flex e-con e-child\" data-id=\"fa4648d\" data-element_type=\"container\" data-settings=\"{&quot;content_width&quot;:&quot;full&quot;,&quot;jet_parallax_layout_list&quot;:[]}\">\n\t\t\t\t<div class=\"elementor-element elementor-element-83f0ed0 elementor-widget elementor-widget-image\" data-id=\"83f0ed0\" data-element_type=\"widget\" data-widget_type=\"image.default\">\n\t\t\t\t<div class=\"elementor-widget-container\">\n\t\t\t<style>\/*! elementor - v3.18.0 - 04-12-2023 *\/\n.elementor-widget-image{text-align:center}.elementor-widget-image a{display:inline-block}.elementor-widget-image a img[src$=\".svg\"]{width:48px}.elementor-widget-image img{vertical-align:middle;display:inline-block}<\/style>\t\t\t\t\t\t\t\t\t\t\t\t\t<a href=\"https:\/\/playroom.tr\/index.php\/line-interaktif-guc-kaynagi-cozumleri\/\">\n\t\t\t\t\t\t\t<img fetchpriority=\"high\" decoding=\"async\" width=\"1024\" height=\"1024\" src=\"https:\/\/playroom.tr\/wp-content\/uploads\/2024\/01\/1-32.png\" class=\"elementor-animation-grow attachment-large size-large wp-image-1179\" alt=\"\" srcset=\"https:\/\/playroom.tr\/wp-content\/uploads\/2024\/01\/1-32.png 1024w, https:\/\/playroom.tr\/wp-content\/uploads\/2024\/01\/1-32-300x300.png 300w, https:\/\/playroom.tr\/wp-content\/uploads\/2024\/01\/1-32-150x150.png 150w, https:\/\/playroom.tr\/wp-content\/uploads\/2024\/01\/1-32-768x768.png 768w, https:\/\/playroom.tr\/wp-content\/uploads\/2024\/01\/1-32-12x12.png 12w, https:\/\/playroom.tr\/wp-content\/uploads\/2024\/01\/1-32-500x500.png 500w\" sizes=\"(max-width: 1024px) 100vw, 1024px\" \/>\t\t\t\t\t\t\t\t<\/a>\n\t\t\t\t\t\t\t\t\t\t\t\t\t\t\t<\/div>\n\t\t\t\t<\/div>\n\t\t\t\t<div class=\"elementor-element elementor-element-a67753b elementor-widget elementor-widget-heading\" data-id=\"a67753b\" data-element_type=\"widget\" data-widget_type=\"heading.default\">\n\t\t\t\t<div class=\"elementor-widget-container\">\n\t\t\t<style>\/*! elementor - v3.18.0 - 04-12-2023 *\/\n.elementor-heading-title{padding:0;margin:0;line-height:1}.elementor-widget-heading .elementor-heading-title[class*=elementor-size-]>a{color:inherit;font-size:inherit;line-height:inherit}.elementor-widget-heading .elementor-heading-title.elementor-size-small{font-size:15px}.elementor-widget-heading .elementor-heading-title.elementor-size-medium{font-size:19px}.elementor-widget-heading .elementor-heading-title.elementor-size-large{font-size:29px}.elementor-widget-heading .elementor-heading-title.elementor-size-xl{font-size:39px}.elementor-widget-heading .elementor-heading-title.elementor-size-xxl{font-size:59px}<\/style><h2 class=\"elementor-heading-title elementor-size-default\"><a href=\"https:\/\/playroom.tr\/index.php\/line-interaktif-guc-kaynagi-cozumleri\/\">Line \u0130nteraktif G\u00fc\u00e7 Kayna\u011f\u0131 \u00c7\u00f6z\u00fcmleri<\/a><\/h2>\t\t<\/div>\n\t\t\t\t<\/div>\n\t\t\t\t<\/div>\n\t\t<div class=\"elementor-element elementor-element-98beb17 e-con-full e-flex e-con e-child\" data-id=\"98beb17\" data-element_type=\"container\" data-settings=\"{&quot;content_width&quot;:&quot;full&quot;,&quot;jet_parallax_layout_list&quot;:[]}\">\n\t\t\t\t<div class=\"elementor-element elementor-element-d3c05dd elementor-widget elementor-widget-image\" data-id=\"d3c05dd\" data-element_type=\"widget\" data-widget_type=\"image.default\">\n\t\t\t\t<div class=\"elementor-widget-container\">\n\t\t\t\t\t\t\t\t\t\t\t\t\t\t\t\t<a href=\"https:\/\/playroom.tr\/index.php\/online-ups-cozumleri\/\">\n\t\t\t\t\t\t\t<img decoding=\"async\" width=\"1024\" height=\"1024\" src=\"https:\/\/playroom.tr\/wp-content\/uploads\/2024\/01\/2-32.png\" class=\"elementor-animation-grow attachment-large size-large wp-image-1180\" alt=\"\" srcset=\"https:\/\/playroom.tr\/wp-content\/uploads\/2024\/01\/2-32.png 1024w, https:\/\/playroom.tr\/wp-content\/uploads\/2024\/01\/2-32-300x300.png 300w, https:\/\/playroom.tr\/wp-content\/uploads\/2024\/01\/2-32-150x150.png 150w, https:\/\/playroom.tr\/wp-content\/uploads\/2024\/01\/2-32-768x768.png 768w, https:\/\/playroom.tr\/wp-content\/uploads\/2024\/01\/2-32-12x12.png 12w, https:\/\/playroom.tr\/wp-content\/uploads\/2024\/01\/2-32-500x500.png 500w\" sizes=\"(max-width: 1024px) 100vw, 1024px\" \/>\t\t\t\t\t\t\t\t<\/a>\n\t\t\t\t\t\t\t\t\t\t\t\t\t\t\t<\/div>\n\t\t\t\t<\/div>\n\t\t\t\t<div class=\"elementor-element elementor-element-c013351 elementor-widget elementor-widget-heading\" data-id=\"c013351\" data-element_type=\"widget\" data-widget_type=\"heading.default\">\n\t\t\t\t<div class=\"elementor-widget-container\">\n\t\t\t<h2 class=\"elementor-heading-title elementor-size-default\"><a href=\"https:\/\/playroom.tr\/index.php\/online-ups-cozumleri\/\">Online UPS \u00c7\u00f6z\u00fcmleri<\/a><\/h2>\t\t<\/div>\n\t\t\t\t<\/div>\n\t\t\t\t<\/div>\n\t\t\t\t\t<\/div>\n\t\t\t\t<\/div>\n\t\t\t\t\t\t\t<\/div>","protected":false},"excerpt":{"rendered":"<p>Line \u0130nteraktif G\u00fc\u00e7 Kayna\u011f\u0131 \u00c7\u00f6z\u00fcmleri Online UPS \u00c7\u00f6z\u00fcmleri<\/p>","protected":false},"author":1,"featured_media":0,"parent":0,"menu_order":0,"comment_status":"closed","ping_status":"closed","template":"elementor_header_footer","meta":{"footnotes":""},"class_list":["post-1171","page","type-page","status-publish","hentry"],"acf":[],"yoast_head":"<!-- This site is optimized with the Yoast SEO Premium plugin v21.8 (Yoast SEO v21.8) - https:\/\/yoast.com\/wordpress\/plugins\/seo\/ -->\n<title>Kesintisiz G\u00fc\u00e7 Kayna\u011f\u0131 Sistemleri (UPS) - Netko Sistem Teknoloji<\/title>\n<meta name=\"robots\" content=\"index, follow, max-snippet:-1, max-image-preview:large, max-video-preview:-1\" \/>\n<link rel=\"canonical\" href=\"https:\/\/playroom.tr\/en\/kesintisiz-guc-kaynagi-sistemleri-ups\/\" \/>\n<meta property=\"og:locale\" content=\"en_US\" \/>\n<meta property=\"og:type\" content=\"article\" \/>\n<meta property=\"og:title\" content=\"Kesintisiz G\u00fc\u00e7 Kayna\u011f\u0131 Sistemleri (UPS)\" \/>\n<meta property=\"og:description\" content=\"Line \u0130nteraktif G\u00fc\u00e7 Kayna\u011f\u0131 \u00c7\u00f6z\u00fcmleri Online UPS \u00c7\u00f6z\u00fcmleri\" \/>\n<meta property=\"og:url\" content=\"https:\/\/playroom.tr\/en\/kesintisiz-guc-kaynagi-sistemleri-ups\/\" \/>\n<meta property=\"og:site_name\" content=\"Netko Sistem Teknoloji\" \/>\n<meta property=\"article:modified_time\" content=\"2024-01-16T22:07:19+00:00\" \/>\n<meta property=\"og:image\" content=\"https:\/\/playroom.tr\/wp-content\/uploads\/2024\/01\/1-32.png\" \/>\n<meta name=\"twitter:card\" content=\"summary_large_image\" \/>\n<script type=\"application\/ld+json\" class=\"yoast-schema-graph\">{\"@context\":\"https:\/\/schema.org\",\"@graph\":[{\"@type\":\"WebPage\",\"@id\":\"https:\/\/playroom.tr\/kesintisiz-guc-kaynagi-sistemleri-ups\/\",\"url\":\"https:\/\/playroom.tr\/kesintisiz-guc-kaynagi-sistemleri-ups\/\",\"name\":\"Kesintisiz G\u00fc\u00e7 Kayna\u011f\u0131 Sistemleri (UPS) - Netko Sistem Teknoloji\",\"isPartOf\":{\"@id\":\"https:\/\/playroom.tr\/#website\"},\"datePublished\":\"2024-01-15T04:26:20+00:00\",\"dateModified\":\"2024-01-16T22:07:19+00:00\",\"breadcrumb\":{\"@id\":\"https:\/\/playroom.tr\/kesintisiz-guc-kaynagi-sistemleri-ups\/#breadcrumb\"},\"inLanguage\":\"en-US\",\"potentialAction\":[{\"@type\":\"ReadAction\",\"target\":[\"https:\/\/playroom.tr\/kesintisiz-guc-kaynagi-sistemleri-ups\/\"]}]},{\"@type\":\"BreadcrumbList\",\"@id\":\"https:\/\/playroom.tr\/kesintisiz-guc-kaynagi-sistemleri-ups\/#breadcrumb\",\"itemListElement\":[{\"@type\":\"ListItem\",\"position\":1,\"name\":\"Anasayfa\",\"item\":\"https:\/\/playroom.tr\/\"},{\"@type\":\"ListItem\",\"position\":2,\"name\":\"Kesintisiz G\u00fc\u00e7 Kayna\u011f\u0131 Sistemleri (UPS)\"}]},{\"@type\":\"WebSite\",\"@id\":\"https:\/\/playroom.tr\/#website\",\"url\":\"https:\/\/playroom.tr\/\",\"name\":\"Netko Sistem Teknoloji\",\"description\":\"Netko Sistem Teknoloji\",\"potentialAction\":[{\"@type\":\"SearchAction\",\"target\":{\"@type\":\"EntryPoint\",\"urlTemplate\":\"https:\/\/playroom.tr\/?s={search_term_string}\"},\"query-input\":\"required name=search_term_string\"}],\"inLanguage\":\"en-US\"}]}<\/script>\n<!-- \/ Yoast SEO Premium plugin. -->","yoast_head_json":{"title":"Kesintisiz G\u00fc\u00e7 Kayna\u011f\u0131 Sistemleri (UPS) - Netko Sistem Teknoloji","robots":{"index":"index","follow":"follow","max-snippet":"max-snippet:-1","max-image-preview":"max-image-preview:large","max-video-preview":"max-video-preview:-1"},"canonical":"https:\/\/playroom.tr\/en\/kesintisiz-guc-kaynagi-sistemleri-ups\/","og_locale":"en_US","og_type":"article","og_title":"Kesintisiz G\u00fc\u00e7 Kayna\u011f\u0131 Sistemleri (UPS)","og_description":"Line \u0130nteraktif G\u00fc\u00e7 Kayna\u011f\u0131 \u00c7\u00f6z\u00fcmleri Online UPS \u00c7\u00f6z\u00fcmleri","og_url":"https:\/\/playroom.tr\/en\/kesintisiz-guc-kaynagi-sistemleri-ups\/","og_site_name":"Netko Sistem Teknoloji","article_modified_time":"2024-01-16T22:07:19+00:00","og_image":[{"url":"https:\/\/playroom.tr\/wp-content\/uploads\/2024\/01\/1-32.png"}],"twitter_card":"summary_large_image","schema":{"@context":"https:\/\/schema.org","@graph":[{"@type":"WebPage","@id":"https:\/\/playroom.tr\/kesintisiz-guc-kaynagi-sistemleri-ups\/","url":"https:\/\/playroom.tr\/kesintisiz-guc-kaynagi-sistemleri-ups\/","name":"Kesintisiz G\u00fc\u00e7 Kayna\u011f\u0131 Sistemleri (UPS) - Netko Sistem Teknoloji","isPartOf":{"@id":"https:\/\/playroom.tr\/#website"},"datePublished":"2024-01-15T04:26:20+00:00","dateModified":"2024-01-16T22:07:19+00:00","breadcrumb":{"@id":"https:\/\/playroom.tr\/kesintisiz-guc-kaynagi-sistemleri-ups\/#breadcrumb"},"inLanguage":"en-US","potentialAction":[{"@type":"ReadAction","target":["https:\/\/playroom.tr\/kesintisiz-guc-kaynagi-sistemleri-ups\/"]}]},{"@type":"BreadcrumbList","@id":"https:\/\/playroom.tr\/kesintisiz-guc-kaynagi-sistemleri-ups\/#breadcrumb","itemListElement":[{"@type":"ListItem","position":1,"name":"Anasayfa","item":"https:\/\/playroom.tr\/"},{"@type":"ListItem","position":2,"name":"Kesintisiz G\u00fc\u00e7 Kayna\u011f\u0131 Sistemleri (UPS)"}]},{"@type":"WebSite","@id":"https:\/\/playroom.tr\/#website","url":"https:\/\/playroom.tr\/","name":"Netko Sistem Teknoloji","description":"Netko Sistem Teknoloji","potentialAction":[{"@type":"SearchAction","target":{"@type":"EntryPoint","urlTemplate":"https:\/\/playroom.tr\/?s={search_term_string}"},"query-input":"required name=search_term_string"}],"inLanguage":"en-US"}]}},"_links":{"self":[{"href":"https:\/\/playroom.tr\/en\/wp-json\/wp\/v2\/pages\/1171","targetHints":{"allow":["GET"]}}],"collection":[{"href":"https:\/\/playroom.tr\/en\/wp-json\/wp\/v2\/pages"}],"about":[{"href":"https:\/\/playroom.tr\/en\/wp-json\/wp\/v2\/types\/page"}],"author":[{"embeddable":true,"href":"https:\/\/playroom.tr\/en\/wp-json\/wp\/v2\/users\/1"}],"replies":[{"embeddable":true,"href":"https:\/\/playroom.tr\/en\/wp-json\/wp\/v2\/comments?post=1171"}],"version-history":[{"count":19,"href":"https:\/\/playroom.tr\/en\/wp-json\/wp\/v2\/pages\/1171\/revisions"}],"predecessor-version":[{"id":1404,"href":"https:\/\/playroom.tr\/en\/wp-json\/wp\/v2\/pages\/1171\/revisions\/1404"}],"wp:attachment":[{"href":"https:\/\/playroom.tr\/en\/wp-json\/wp\/v2\/media?parent=1171"}],"curies":[{"name":"wp","href":"https:\/\/api.w.org\/{rel}","templated":true}]}}