{"id":1196,"date":"2024-01-15T07:33:59","date_gmt":"2024-01-15T04:33:59","guid":{"rendered":"https:\/\/playroom.tr\/?page_id=1196"},"modified":"2024-01-15T07:39:32","modified_gmt":"2024-01-15T04:39:32","slug":"online-ups-cozumleri","status":"publish","type":"page","link":"https:\/\/playroom.tr\/en\/online-ups-cozumleri\/","title":{"rendered":"Online UPS \u00c7\u00f6z\u00fcmleri"},"content":{"rendered":"<div data-elementor-type=\"wp-page\" data-elementor-id=\"1196\" class=\"elementor elementor-1196\" data-elementor-post-type=\"page\">\n\t\t\t\t\t\t\t<div class=\"elementor-element elementor-element-0b9bb2d e-flex e-con-boxed elementor-invisible e-con e-parent\" data-id=\"0b9bb2d\" data-element_type=\"container\" data-settings=\"{&quot;jet_parallax_layout_list&quot;:[],&quot;animation&quot;:&quot;fadeInUp&quot;,&quot;content_width&quot;:&quot;boxed&quot;}\" data-core-v316-plus=\"true\">\n\t\t\t\t\t<div class=\"e-con-inner\">\n\t\t\t\t<div class=\"elementor-element elementor-element-d3e2d48 elementor-widget elementor-widget-heading\" data-id=\"d3e2d48\" data-element_type=\"widget\" data-widget_type=\"heading.default\">\n\t\t\t\t<div class=\"elementor-widget-container\">\n\t\t\t<style>\/*! elementor - v3.18.0 - 04-12-2023 *\/\n.elementor-heading-title{padding:0;margin:0;line-height:1}.elementor-widget-heading .elementor-heading-title[class*=elementor-size-]>a{color:inherit;font-size:inherit;line-height:inherit}.elementor-widget-heading .elementor-heading-title.elementor-size-small{font-size:15px}.elementor-widget-heading .elementor-heading-title.elementor-size-medium{font-size:19px}.elementor-widget-heading .elementor-heading-title.elementor-size-large{font-size:29px}.elementor-widget-heading .elementor-heading-title.elementor-size-xl{font-size:39px}.elementor-widget-heading .elementor-heading-title.elementor-size-xxl{font-size:59px}<\/style><h2 class=\"elementor-heading-title elementor-size-default\">Online UPS \u00c7\u00f6z\u00fcmleri<\/h2>\t\t<\/div>\n\t\t\t\t<\/div>\n\t\t\t\t\t<\/div>\n\t\t\t\t<\/div>\n\t\t<div class=\"elementor-element elementor-element-c5d2b7f e-flex e-con-boxed e-con e-parent\" data-id=\"c5d2b7f\" data-element_type=\"container\" data-settings=\"{&quot;jet_parallax_layout_list&quot;:[],&quot;content_width&quot;:&quot;boxed&quot;}\" data-core-v316-plus=\"true\">\n\t\t\t\t\t<div class=\"e-con-inner\">\n\t\t<div class=\"elementor-element elementor-element-49f78fb e-con-full e-flex elementor-invisible e-con e-child\" data-id=\"49f78fb\" data-element_type=\"container\" data-settings=\"{&quot;content_width&quot;:&quot;full&quot;,&quot;jet_parallax_layout_list&quot;:[],&quot;animation&quot;:&quot;fadeInLeft&quot;}\">\n\t\t\t\t<div class=\"elementor-element elementor-element-c2dbe09 elementor-widget elementor-widget-image\" data-id=\"c2dbe09\" data-element_type=\"widget\" data-widget_type=\"image.default\">\n\t\t\t\t<div class=\"elementor-widget-container\">\n\t\t\t<style>\/*! elementor - v3.18.0 - 04-12-2023 *\/\n.elementor-widget-image{text-align:center}.elementor-widget-image a{display:inline-block}.elementor-widget-image a img[src$=\".svg\"]{width:48px}.elementor-widget-image img{vertical-align:middle;display:inline-block}<\/style>\t\t\t\t\t\t\t\t\t\t\t\t<img fetchpriority=\"high\" decoding=\"async\" width=\"1024\" height=\"1024\" src=\"https:\/\/playroom.tr\/wp-content\/uploads\/2024\/01\/1-34.png\" class=\"elementor-animation-grow attachment-large size-large wp-image-1202\" alt=\"\" srcset=\"https:\/\/playroom.tr\/wp-content\/uploads\/2024\/01\/1-34.png 1024w, https:\/\/playroom.tr\/wp-content\/uploads\/2024\/01\/1-34-300x300.png 300w, https:\/\/playroom.tr\/wp-content\/uploads\/2024\/01\/1-34-150x150.png 150w, https:\/\/playroom.tr\/wp-content\/uploads\/2024\/01\/1-34-768x768.png 768w, https:\/\/playroom.tr\/wp-content\/uploads\/2024\/01\/1-34-12x12.png 12w, https:\/\/playroom.tr\/wp-content\/uploads\/2024\/01\/1-34-500x500.png 500w\" sizes=\"(max-width: 1024px) 100vw, 1024px\" \/>\t\t\t\t\t\t\t\t\t\t\t\t\t\t\t<\/div>\n\t\t\t\t<\/div>\n\t\t\t\t<\/div>\n\t\t<div class=\"elementor-element elementor-element-fae90ee e-con-full e-flex elementor-invisible e-con e-child\" data-id=\"fae90ee\" data-element_type=\"container\" data-settings=\"{&quot;content_width&quot;:&quot;full&quot;,&quot;jet_parallax_layout_list&quot;:[],&quot;animation&quot;:&quot;fadeInRight&quot;}\">\n\t\t\t\t<div class=\"elementor-element elementor-element-96097f5 elementor-widget elementor-widget-text-editor\" data-id=\"96097f5\" data-element_type=\"widget\" data-widget_type=\"text-editor.default\">\n\t\t\t\t<div class=\"elementor-widget-container\">\n\t\t\t<style>\/*! elementor - v3.18.0 - 04-12-2023 *\/\n.elementor-widget-text-editor.elementor-drop-cap-view-stacked .elementor-drop-cap{background-color:#69727d;color:#fff}.elementor-widget-text-editor.elementor-drop-cap-view-framed .elementor-drop-cap{color:#69727d;border:3px solid;background-color:transparent}.elementor-widget-text-editor:not(.elementor-drop-cap-view-default) .elementor-drop-cap{margin-top:8px}.elementor-widget-text-editor:not(.elementor-drop-cap-view-default) .elementor-drop-cap-letter{width:1em;height:1em}.elementor-widget-text-editor .elementor-drop-cap{float:left;text-align:center;line-height:1;font-size:50px}.elementor-widget-text-editor .elementor-drop-cap-letter{display:inline-block}<\/style>\t\t\t\t<p><strong>Netko Sistem: Online UPS \u00c7\u00f6z\u00fcmleri ile Kesintisiz Enerji ve Y\u00fcksek G\u00fcvenlik<\/strong><\/p><p>Netko Sistem Teknoloji ve Bilgi \u0130\u015flem Hizmetleri San. Tic. Ltd. \u015eti., online UPS \u00e7\u00f6z\u00fcmleri sunarak, i\u015fletmelerin ve kritik altyap\u0131lar\u0131n elektrik kesintilerinden kaynaklanan risklere kar\u015f\u0131 korunmas\u0131nda lider bir rol oynamaktad\u0131r. Online UPS sistemleri, kesintisiz g\u00fc\u00e7 kayna\u011f\u0131 sa\u011flayarak elektronik cihazlar\u0131n ve veri merkezlerinin s\u00fcrekli ve g\u00fcvenli bir \u015fekilde \u00e7al\u0131\u015fmas\u0131n\u0131 garanti eder. Netko Sistem, bu sistemlerin kurulumu, y\u00f6netimi ve bak\u0131m\u0131nda uzmanl\u0131k sa\u011flayarak, m\u00fc\u015fterilerinin enerji g\u00fcvenli\u011fini sa\u011flamla\u015ft\u0131r\u0131r.<\/p>\t\t\t\t\t\t<\/div>\n\t\t\t\t<\/div>\n\t\t\t\t<\/div>\n\t\t\t\t\t<\/div>\n\t\t\t\t<\/div>\n\t\t<div class=\"elementor-element elementor-element-85f7634 e-flex e-con-boxed e-con e-parent\" data-id=\"85f7634\" data-element_type=\"container\" data-settings=\"{&quot;jet_parallax_layout_list&quot;:[],&quot;content_width&quot;:&quot;boxed&quot;}\" data-core-v316-plus=\"true\">\n\t\t\t\t\t<div class=\"e-con-inner\">\n\t\t<div class=\"elementor-element elementor-element-aac7d64 e-con-full e-flex elementor-invisible e-con e-child\" data-id=\"aac7d64\" data-element_type=\"container\" data-settings=\"{&quot;content_width&quot;:&quot;full&quot;,&quot;jet_parallax_layout_list&quot;:[],&quot;animation&quot;:&quot;fadeInLeft&quot;}\">\n\t\t\t\t<div class=\"elementor-element elementor-element-dd1989e elementor-widget elementor-widget-text-editor\" data-id=\"dd1989e\" data-element_type=\"widget\" data-widget_type=\"text-editor.default\">\n\t\t\t\t<div class=\"elementor-widget-container\">\n\t\t\t\t\t\t\t<p>Netko Sistem taraf\u0131ndan sunulan online UPS \u00e7\u00f6z\u00fcmleri, y\u00fcksek d\u00fczeyde enerji kalitesi ve s\u00fcrekli g\u00fc\u00e7 korumas\u0131 sa\u011flar. Bu sistemler, elektrik kesintileri, dalgalanmalar ve di\u011fer g\u00fc\u00e7 problemlerine kar\u015f\u0131 tam koruma sunar. Ayr\u0131ca, online UPS sistemleri, s\u00fcrekli g\u00fc\u00e7 d\u00f6n\u00fc\u015f\u00fcm\u00fc yaparak, ba\u011fl\u0131 cihazlara sabit ve d\u00fczenli bir enerji ak\u0131\u015f\u0131 sa\u011flar. Bu, \u00f6zellikle hassas elektronik cihazlar ve kritik i\u015f operasyonlar\u0131 i\u00e7in hayati \u00f6neme sahiptir.<\/p><p>G\u00fcvenlik ve g\u00fcvenilirlik, Netko Sistem&#8217;in online UPS \u00e7\u00f6z\u00fcmlerinde en \u00f6nemli unsurlardand\u0131r. \u015eirket, y\u00fcksek kaliteli ve dayan\u0131kl\u0131 UPS sistemleri sunarak, m\u00fc\u015fterilerinin cihazlar\u0131n\u0131n ve verilerinin s\u00fcrekli korunmas\u0131n\u0131 sa\u011flar. Ayr\u0131ca, sistemlerin d\u00fczenli bak\u0131m\u0131 ve testleri, UPS&#8217;lerin her zaman en y\u00fcksek performansla \u00e7al\u0131\u015fmas\u0131n\u0131 ve uzun \u00f6m\u00fcrl\u00fc olmas\u0131n\u0131 garanti eder.<\/p>\t\t\t\t\t\t<\/div>\n\t\t\t\t<\/div>\n\t\t\t\t<\/div>\n\t\t<div class=\"elementor-element elementor-element-d236074 e-con-full e-flex elementor-invisible e-con e-child\" data-id=\"d236074\" data-element_type=\"container\" data-settings=\"{&quot;content_width&quot;:&quot;full&quot;,&quot;jet_parallax_layout_list&quot;:[],&quot;animation&quot;:&quot;fadeInRight&quot;}\">\n\t\t\t\t<div class=\"elementor-element elementor-element-54f802b elementor-widget elementor-widget-image\" data-id=\"54f802b\" data-element_type=\"widget\" data-widget_type=\"image.default\">\n\t\t\t\t<div class=\"elementor-widget-container\">\n\t\t\t\t\t\t\t\t\t\t\t\t\t\t\t<img decoding=\"async\" width=\"1024\" height=\"1024\" src=\"https:\/\/playroom.tr\/wp-content\/uploads\/2024\/01\/2-34.png\" class=\"elementor-animation-grow attachment-large size-large wp-image-1203\" alt=\"\" srcset=\"https:\/\/playroom.tr\/wp-content\/uploads\/2024\/01\/2-34.png 1024w, https:\/\/playroom.tr\/wp-content\/uploads\/2024\/01\/2-34-300x300.png 300w, https:\/\/playroom.tr\/wp-content\/uploads\/2024\/01\/2-34-150x150.png 150w, https:\/\/playroom.tr\/wp-content\/uploads\/2024\/01\/2-34-768x768.png 768w, https:\/\/playroom.tr\/wp-content\/uploads\/2024\/01\/2-34-12x12.png 12w, https:\/\/playroom.tr\/wp-content\/uploads\/2024\/01\/2-34-500x500.png 500w\" sizes=\"(max-width: 1024px) 100vw, 1024px\" \/>\t\t\t\t\t\t\t\t\t\t\t\t\t\t\t<\/div>\n\t\t\t\t<\/div>\n\t\t\t\t<\/div>\n\t\t\t\t\t<\/div>\n\t\t\t\t<\/div>\n\t\t<div class=\"elementor-element elementor-element-eda0a85 e-flex e-con-boxed e-con e-parent\" data-id=\"eda0a85\" data-element_type=\"container\" data-settings=\"{&quot;jet_parallax_layout_list&quot;:[],&quot;content_width&quot;:&quot;boxed&quot;}\" data-core-v316-plus=\"true\">\n\t\t\t\t\t<div class=\"e-con-inner\">\n\t\t<div class=\"elementor-element elementor-element-954b4ee e-con-full e-flex elementor-invisible e-con e-child\" data-id=\"954b4ee\" data-element_type=\"container\" data-settings=\"{&quot;content_width&quot;:&quot;full&quot;,&quot;jet_parallax_layout_list&quot;:[],&quot;animation&quot;:&quot;fadeInLeft&quot;}\">\n\t\t\t\t<div class=\"elementor-element elementor-element-d0fde35 elementor-widget elementor-widget-image\" data-id=\"d0fde35\" data-element_type=\"widget\" data-widget_type=\"image.default\">\n\t\t\t\t<div class=\"elementor-widget-container\">\n\t\t\t\t\t\t\t\t\t\t\t\t\t\t\t<img decoding=\"async\" width=\"1024\" height=\"1024\" src=\"https:\/\/playroom.tr\/wp-content\/uploads\/2024\/01\/3-30.png\" class=\"elementor-animation-grow attachment-large size-large wp-image-1204\" alt=\"\" srcset=\"https:\/\/playroom.tr\/wp-content\/uploads\/2024\/01\/3-30.png 1024w, https:\/\/playroom.tr\/wp-content\/uploads\/2024\/01\/3-30-300x300.png 300w, https:\/\/playroom.tr\/wp-content\/uploads\/2024\/01\/3-30-150x150.png 150w, https:\/\/playroom.tr\/wp-content\/uploads\/2024\/01\/3-30-768x768.png 768w, https:\/\/playroom.tr\/wp-content\/uploads\/2024\/01\/3-30-12x12.png 12w, https:\/\/playroom.tr\/wp-content\/uploads\/2024\/01\/3-30-500x500.png 500w\" sizes=\"(max-width: 1024px) 100vw, 1024px\" \/>\t\t\t\t\t\t\t\t\t\t\t\t\t\t\t<\/div>\n\t\t\t\t<\/div>\n\t\t\t\t<\/div>\n\t\t<div class=\"elementor-element elementor-element-8dbd459 e-con-full e-flex elementor-invisible e-con e-child\" data-id=\"8dbd459\" data-element_type=\"container\" data-settings=\"{&quot;content_width&quot;:&quot;full&quot;,&quot;jet_parallax_layout_list&quot;:[],&quot;animation&quot;:&quot;fadeInRight&quot;}\">\n\t\t\t\t<div class=\"elementor-element elementor-element-f9ed434 elementor-widget elementor-widget-text-editor\" data-id=\"f9ed434\" data-element_type=\"widget\" data-widget_type=\"text-editor.default\">\n\t\t\t\t<div class=\"elementor-widget-container\">\n\t\t\t\t\t\t\t<div class=\"min-h-[20px] text-message flex flex-col items-start gap-3 whitespace-pre-wrap break-words [.text-message+&amp;]:mt-5 overflow-x-auto\" data-message-author-role=\"assistant\" data-message-id=\"004948ad-5691-47c6-b526-c1f4d7c2724a\"><div class=\"markdown prose w-full break-words dark:prose-invert light\"><p>Netko Sistem, online UPS \u00e7\u00f6z\u00fcmlerinin kurulumu ve yap\u0131land\u0131r\u0131lmas\u0131nda teknik uzmanl\u0131k sa\u011flar. M\u00fc\u015fteriler, kurulumdan g\u00fcnl\u00fck i\u015fletmeye kadar her a\u015famada uzman destek alabilirler. Ayr\u0131ca, \u015firket, m\u00fc\u015fterilerine \u00f6zelle\u015ftirilebilir UPS \u00e7\u00f6z\u00fcmleri sunarak, her t\u00fcrl\u00fc i\u015fletme ve uygulama ihtiyac\u0131na uygun \u00e7\u00f6z\u00fcmler sa\u011flar.<\/p><\/div><\/div>\t\t\t\t\t\t<\/div>\n\t\t\t\t<\/div>\n\t\t\t\t<\/div>\n\t\t\t\t\t<\/div>\n\t\t\t\t<\/div>\n\t\t<div class=\"elementor-element elementor-element-5259b99 e-flex e-con-boxed e-con e-parent\" data-id=\"5259b99\" data-element_type=\"container\" data-settings=\"{&quot;jet_parallax_layout_list&quot;:[],&quot;content_width&quot;:&quot;boxed&quot;}\" data-core-v316-plus=\"true\">\n\t\t\t\t\t<div class=\"e-con-inner\">\n\t\t<div class=\"elementor-element elementor-element-2743c5c e-con-full e-flex elementor-invisible e-con e-child\" data-id=\"2743c5c\" data-element_type=\"container\" data-settings=\"{&quot;content_width&quot;:&quot;full&quot;,&quot;jet_parallax_layout_list&quot;:[],&quot;animation&quot;:&quot;fadeInLeft&quot;}\">\n\t\t\t\t<div class=\"elementor-element elementor-element-e7255f2 elementor-widget elementor-widget-text-editor\" data-id=\"e7255f2\" data-element_type=\"widget\" data-widget_type=\"text-editor.default\">\n\t\t\t\t<div class=\"elementor-widget-container\">\n\t\t\t\t\t\t\t<div class=\"min-h-[20px] text-message flex flex-col items-start gap-3 whitespace-pre-wrap break-words [.text-message+&amp;]:mt-5 overflow-x-auto\" data-message-author-role=\"assistant\" data-message-id=\"9e7423c5-18ef-4ce7-b8bf-6c4f7ba5d54f\"><div class=\"markdown prose w-full break-words dark:prose-invert light\"><p>Sonu\u00e7 olarak, Netko Sistem&#8217;in online UPS \u00e7\u00f6z\u00fcmleri, i\u015fletmelere ve kritik sistemlere elektrik kesintilerine kar\u015f\u0131 g\u00fcvenilir bir koruma sa\u011flar. Bu \u00e7\u00f6z\u00fcmler, veri kayb\u0131n\u0131 \u00f6nlemeye ve i\u015f s\u00fcreklili\u011fini sa\u011flamaya yard\u0131mc\u0131 olurken, cihazlar\u0131n uzun s\u00fcreli ve g\u00fcvenli bir \u015fekilde kullan\u0131m\u0131n\u0131 garanti eder. Netko Sistem, m\u00fc\u015fterilerine online UPS \u00e7\u00f6z\u00fcmleri konusunda en \u00fcst d\u00fczeyde hizmet ve destek sunarak, onlar\u0131n enerji g\u00fcvenli\u011fi ihtiya\u00e7lar\u0131n\u0131 kar\u015f\u0131lar ve operasyonel verimliliklerini art\u0131r\u0131r.<\/p><\/div><\/div>\t\t\t\t\t\t<\/div>\n\t\t\t\t<\/div>\n\t\t\t\t<\/div>\n\t\t<div class=\"elementor-element elementor-element-97d128a e-con-full e-flex elementor-invisible e-con e-child\" data-id=\"97d128a\" data-element_type=\"container\" data-settings=\"{&quot;content_width&quot;:&quot;full&quot;,&quot;jet_parallax_layout_list&quot;:[],&quot;animation&quot;:&quot;fadeInRight&quot;}\">\n\t\t\t\t<div class=\"elementor-element elementor-element-572b144 elementor-widget elementor-widget-image\" data-id=\"572b144\" data-element_type=\"widget\" data-widget_type=\"image.default\">\n\t\t\t\t<div class=\"elementor-widget-container\">\n\t\t\t\t\t\t\t\t\t\t\t\t\t\t\t<img loading=\"lazy\" decoding=\"async\" width=\"1024\" height=\"1024\" src=\"https:\/\/playroom.tr\/wp-content\/uploads\/2024\/01\/4-29.png\" class=\"elementor-animation-grow attachment-large size-large wp-image-1205\" alt=\"\" srcset=\"https:\/\/playroom.tr\/wp-content\/uploads\/2024\/01\/4-29.png 1024w, https:\/\/playroom.tr\/wp-content\/uploads\/2024\/01\/4-29-300x300.png 300w, https:\/\/playroom.tr\/wp-content\/uploads\/2024\/01\/4-29-150x150.png 150w, https:\/\/playroom.tr\/wp-content\/uploads\/2024\/01\/4-29-768x768.png 768w, https:\/\/playroom.tr\/wp-content\/uploads\/2024\/01\/4-29-12x12.png 12w, https:\/\/playroom.tr\/wp-content\/uploads\/2024\/01\/4-29-500x500.png 500w\" sizes=\"(max-width: 1024px) 100vw, 1024px\" \/>\t\t\t\t\t\t\t\t\t\t\t\t\t\t\t<\/div>\n\t\t\t\t<\/div>\n\t\t\t\t<\/div>\n\t\t\t\t\t<\/div>\n\t\t\t\t<\/div>\n\t\t<div class=\"elementor-element elementor-element-3e0e524 e-flex e-con-boxed e-con e-parent\" data-id=\"3e0e524\" data-element_type=\"container\" data-settings=\"{&quot;jet_parallax_layout_list&quot;:[],&quot;content_width&quot;:&quot;boxed&quot;}\" data-core-v316-plus=\"true\">\n\t\t\t\t\t<div class=\"e-con-inner\">\n\t\t\t\t<div class=\"elementor-element elementor-element-42fd301 elementor-align-center elementor-mobile-align-center elementor-widget elementor-widget-raven-button\" data-id=\"42fd301\" data-element_type=\"widget\" data-settings=\"{&quot;turn_to_popup_action_button&quot;:&quot;no&quot;}\" data-widget_type=\"raven-button.default\">\n\t\t\t\t<div class=\"elementor-widget-container\">\n\t\t\t\t\t<div class=\"raven-widget-wrapper\">\n\t\t\t<a class=\"raven-button raven-button-widget-normal-effect-shine raven-button-text-align-center raven-button-link elementor-animation-grow\" href=\"https:\/\/playroom.tr\/index.php\/contact\/\">\t\t\t\t<div class=\"raven-button-overlay\" ><\/div>\n\t\t\t\t<span class=\"raven-button-content\">\n\t\t\t\t\t\n\t\t\t\t\t<div class=\"button-text-container\">\n\t\t\t\t\t\t\t\t\t\t\t\t<div class=\"raven-button-texts-wrapper\">\n\t\t\t\t\t\t\t<div class=\"button-text\">\n\t\t\t\t\t\t\t\t<span class=\"raven-button-text\">\n\t\t\t\t\t\t\t\t\tTeklif Al\t\t\t\t\t\t\t\t<\/span>\n\t\t\t\t\t\t\t<\/div>\n\t\t\t\t\t\t\t\t\t\t\t\t\t<\/div>\n\t\t\t\t\t\t\t\t\t\t\t<\/div>\n\t\t\t\t\t\n\t\t\t\t\t\t\t\t\t<\/span>\n\t\t\t<\/a>\t\t<\/div>\n\t\t\t\t<\/div>\n\t\t\t\t<\/div>\n\t\t\t\t\t<\/div>\n\t\t\t\t<\/div>\n\t\t\t\t\t\t\t<\/div>","protected":false},"excerpt":{"rendered":"<p>Online UPS \u00c7\u00f6z\u00fcmleri Netko Sistem: Online UPS \u00c7\u00f6z\u00fcmleri ile Kesintisiz Enerji ve Y\u00fcksek G\u00fcvenlik Netko Sistem Teknoloji ve Bilgi \u0130\u015flem Hizmetleri San. Tic. Ltd. \u015eti., online UPS \u00e7\u00f6z\u00fcmleri sunarak, i\u015fletmelerin ve kritik altyap\u0131lar\u0131n elektrik kesintilerinden kaynaklanan risklere kar\u015f\u0131 korunmas\u0131nda lider bir rol oynamaktad\u0131r. Online UPS sistemleri, kesintisiz g\u00fc\u00e7 kayna\u011f\u0131 sa\u011flayarak elektronik cihazlar\u0131n ve veri merkezlerinin [&hellip;]<\/p>","protected":false},"author":1,"featured_media":0,"parent":0,"menu_order":0,"comment_status":"closed","ping_status":"closed","template":"elementor_header_footer","meta":{"footnotes":""},"class_list":["post-1196","page","type-page","status-publish","hentry"],"acf":[],"yoast_head":"<!-- This site is optimized with the Yoast SEO Premium plugin v21.8 (Yoast SEO v21.8) - https:\/\/yoast.com\/wordpress\/plugins\/seo\/ -->\n<title>Online UPS \u00c7\u00f6z\u00fcmleri - Netko Sistem Teknoloji<\/title>\n<meta name=\"robots\" content=\"index, follow, max-snippet:-1, max-image-preview:large, max-video-preview:-1\" \/>\n<link rel=\"canonical\" href=\"https:\/\/playroom.tr\/en\/online-ups-cozumleri\/\" \/>\n<meta property=\"og:locale\" content=\"en_US\" \/>\n<meta property=\"og:type\" content=\"article\" \/>\n<meta property=\"og:title\" content=\"Online UPS \u00c7\u00f6z\u00fcmleri\" \/>\n<meta property=\"og:description\" content=\"Online UPS \u00c7\u00f6z\u00fcmleri Netko Sistem: Online UPS \u00c7\u00f6z\u00fcmleri ile Kesintisiz Enerji ve Y\u00fcksek G\u00fcvenlik Netko Sistem Teknoloji ve Bilgi \u0130\u015flem Hizmetleri San. Tic. Ltd. \u015eti., online UPS \u00e7\u00f6z\u00fcmleri sunarak, i\u015fletmelerin ve kritik altyap\u0131lar\u0131n elektrik kesintilerinden kaynaklanan risklere kar\u015f\u0131 korunmas\u0131nda lider bir rol oynamaktad\u0131r. Online UPS sistemleri, kesintisiz g\u00fc\u00e7 kayna\u011f\u0131 sa\u011flayarak elektronik cihazlar\u0131n ve veri merkezlerinin [&hellip;]\" \/>\n<meta property=\"og:url\" content=\"https:\/\/playroom.tr\/en\/online-ups-cozumleri\/\" \/>\n<meta property=\"og:site_name\" content=\"Netko Sistem Teknoloji\" \/>\n<meta property=\"article:modified_time\" content=\"2024-01-15T04:39:32+00:00\" \/>\n<meta property=\"og:image\" content=\"https:\/\/playroom.tr\/wp-content\/uploads\/2024\/01\/1-34.png\" \/>\n<meta name=\"twitter:card\" content=\"summary_large_image\" \/>\n<script type=\"application\/ld+json\" class=\"yoast-schema-graph\">{\"@context\":\"https:\/\/schema.org\",\"@graph\":[{\"@type\":\"WebPage\",\"@id\":\"https:\/\/playroom.tr\/online-ups-cozumleri\/\",\"url\":\"https:\/\/playroom.tr\/online-ups-cozumleri\/\",\"name\":\"Online UPS \u00c7\u00f6z\u00fcmleri - Netko Sistem Teknoloji\",\"isPartOf\":{\"@id\":\"https:\/\/playroom.tr\/#website\"},\"datePublished\":\"2024-01-15T04:33:59+00:00\",\"dateModified\":\"2024-01-15T04:39:32+00:00\",\"breadcrumb\":{\"@id\":\"https:\/\/playroom.tr\/online-ups-cozumleri\/#breadcrumb\"},\"inLanguage\":\"en-US\",\"potentialAction\":[{\"@type\":\"ReadAction\",\"target\":[\"https:\/\/playroom.tr\/online-ups-cozumleri\/\"]}]},{\"@type\":\"BreadcrumbList\",\"@id\":\"https:\/\/playroom.tr\/online-ups-cozumleri\/#breadcrumb\",\"itemListElement\":[{\"@type\":\"ListItem\",\"position\":1,\"name\":\"Anasayfa\",\"item\":\"https:\/\/playroom.tr\/\"},{\"@type\":\"ListItem\",\"position\":2,\"name\":\"Online UPS \u00c7\u00f6z\u00fcmleri\"}]},{\"@type\":\"WebSite\",\"@id\":\"https:\/\/playroom.tr\/#website\",\"url\":\"https:\/\/playroom.tr\/\",\"name\":\"Netko Sistem Teknoloji\",\"description\":\"Netko Sistem Teknoloji\",\"potentialAction\":[{\"@type\":\"SearchAction\",\"target\":{\"@type\":\"EntryPoint\",\"urlTemplate\":\"https:\/\/playroom.tr\/?s={search_term_string}\"},\"query-input\":\"required name=search_term_string\"}],\"inLanguage\":\"en-US\"}]}<\/script>\n<!-- \/ Yoast SEO Premium plugin. -->","yoast_head_json":{"title":"Online UPS \u00c7\u00f6z\u00fcmleri - Netko Sistem Teknoloji","robots":{"index":"index","follow":"follow","max-snippet":"max-snippet:-1","max-image-preview":"max-image-preview:large","max-video-preview":"max-video-preview:-1"},"canonical":"https:\/\/playroom.tr\/en\/online-ups-cozumleri\/","og_locale":"en_US","og_type":"article","og_title":"Online UPS \u00c7\u00f6z\u00fcmleri","og_description":"Online UPS \u00c7\u00f6z\u00fcmleri Netko Sistem: Online UPS \u00c7\u00f6z\u00fcmleri ile Kesintisiz Enerji ve Y\u00fcksek G\u00fcvenlik Netko Sistem Teknoloji ve Bilgi \u0130\u015flem Hizmetleri San. Tic. Ltd. \u015eti., online UPS \u00e7\u00f6z\u00fcmleri sunarak, i\u015fletmelerin ve kritik altyap\u0131lar\u0131n elektrik kesintilerinden kaynaklanan risklere kar\u015f\u0131 korunmas\u0131nda lider bir rol oynamaktad\u0131r. Online UPS sistemleri, kesintisiz g\u00fc\u00e7 kayna\u011f\u0131 sa\u011flayarak elektronik cihazlar\u0131n ve veri merkezlerinin [&hellip;]","og_url":"https:\/\/playroom.tr\/en\/online-ups-cozumleri\/","og_site_name":"Netko Sistem Teknoloji","article_modified_time":"2024-01-15T04:39:32+00:00","og_image":[{"url":"https:\/\/playroom.tr\/wp-content\/uploads\/2024\/01\/1-34.png"}],"twitter_card":"summary_large_image","schema":{"@context":"https:\/\/schema.org","@graph":[{"@type":"WebPage","@id":"https:\/\/playroom.tr\/online-ups-cozumleri\/","url":"https:\/\/playroom.tr\/online-ups-cozumleri\/","name":"Online UPS \u00c7\u00f6z\u00fcmleri - Netko Sistem Teknoloji","isPartOf":{"@id":"https:\/\/playroom.tr\/#website"},"datePublished":"2024-01-15T04:33:59+00:00","dateModified":"2024-01-15T04:39:32+00:00","breadcrumb":{"@id":"https:\/\/playroom.tr\/online-ups-cozumleri\/#breadcrumb"},"inLanguage":"en-US","potentialAction":[{"@type":"ReadAction","target":["https:\/\/playroom.tr\/online-ups-cozumleri\/"]}]},{"@type":"BreadcrumbList","@id":"https:\/\/playroom.tr\/online-ups-cozumleri\/#breadcrumb","itemListElement":[{"@type":"ListItem","position":1,"name":"Anasayfa","item":"https:\/\/playroom.tr\/"},{"@type":"ListItem","position":2,"name":"Online UPS \u00c7\u00f6z\u00fcmleri"}]},{"@type":"WebSite","@id":"https:\/\/playroom.tr\/#website","url":"https:\/\/playroom.tr\/","name":"Netko Sistem Teknoloji","description":"Netko Sistem Teknoloji","potentialAction":[{"@type":"SearchAction","target":{"@type":"EntryPoint","urlTemplate":"https:\/\/playroom.tr\/?s={search_term_string}"},"query-input":"required name=search_term_string"}],"inLanguage":"en-US"}]}},"_links":{"self":[{"href":"https:\/\/playroom.tr\/en\/wp-json\/wp\/v2\/pages\/1196","targetHints":{"allow":["GET"]}}],"collection":[{"href":"https:\/\/playroom.tr\/en\/wp-json\/wp\/v2\/pages"}],"about":[{"href":"https:\/\/playroom.tr\/en\/wp-json\/wp\/v2\/types\/page"}],"author":[{"embeddable":true,"href":"https:\/\/playroom.tr\/en\/wp-json\/wp\/v2\/users\/1"}],"replies":[{"embeddable":true,"href":"https:\/\/playroom.tr\/en\/wp-json\/wp\/v2\/comments?post=1196"}],"version-history":[{"count":4,"href":"https:\/\/playroom.tr\/en\/wp-json\/wp\/v2\/pages\/1196\/revisions"}],"predecessor-version":[{"id":1208,"href":"https:\/\/playroom.tr\/en\/wp-json\/wp\/v2\/pages\/1196\/revisions\/1208"}],"wp:attachment":[{"href":"https:\/\/playroom.tr\/en\/wp-json\/wp\/v2\/media?parent=1196"}],"curies":[{"name":"wp","href":"https:\/\/api.w.org\/{rel}","templated":true}]}}