{"id":1230,"date":"2024-01-15T07:59:09","date_gmt":"2024-01-15T04:59:09","guid":{"rendered":"https:\/\/playroom.tr\/?page_id=1230"},"modified":"2024-01-15T08:02:27","modified_gmt":"2024-01-15T05:02:27","slug":"grandstream-urun-ailesi","status":"publish","type":"page","link":"https:\/\/playroom.tr\/en\/grandstream-urun-ailesi\/","title":{"rendered":"Grandstream \u00dcr\u00fcn Ailesi"},"content":{"rendered":"<div data-elementor-type=\"wp-page\" data-elementor-id=\"1230\" class=\"elementor elementor-1230\" data-elementor-post-type=\"page\">\n\t\t\t\t\t\t\t<div class=\"elementor-element elementor-element-2450018 e-flex e-con-boxed elementor-invisible e-con e-parent\" data-id=\"2450018\" data-element_type=\"container\" data-settings=\"{&quot;jet_parallax_layout_list&quot;:[],&quot;animation&quot;:&quot;fadeInUp&quot;,&quot;content_width&quot;:&quot;boxed&quot;}\" data-core-v316-plus=\"true\">\n\t\t\t\t\t<div class=\"e-con-inner\">\n\t\t\t\t<div class=\"elementor-element elementor-element-7e89969 elementor-widget elementor-widget-heading\" data-id=\"7e89969\" data-element_type=\"widget\" data-widget_type=\"heading.default\">\n\t\t\t\t<div class=\"elementor-widget-container\">\n\t\t\t<style>\/*! elementor - v3.18.0 - 04-12-2023 *\/\n.elementor-heading-title{padding:0;margin:0;line-height:1}.elementor-widget-heading .elementor-heading-title[class*=elementor-size-]>a{color:inherit;font-size:inherit;line-height:inherit}.elementor-widget-heading .elementor-heading-title.elementor-size-small{font-size:15px}.elementor-widget-heading .elementor-heading-title.elementor-size-medium{font-size:19px}.elementor-widget-heading .elementor-heading-title.elementor-size-large{font-size:29px}.elementor-widget-heading .elementor-heading-title.elementor-size-xl{font-size:39px}.elementor-widget-heading .elementor-heading-title.elementor-size-xxl{font-size:59px}<\/style><h2 class=\"elementor-heading-title elementor-size-default\">Grandstream \u00dcr\u00fcn Ailesi<\/h2>\t\t<\/div>\n\t\t\t\t<\/div>\n\t\t\t\t\t<\/div>\n\t\t\t\t<\/div>\n\t\t<div class=\"elementor-element elementor-element-e779532 e-flex e-con-boxed e-con e-parent\" data-id=\"e779532\" data-element_type=\"container\" data-settings=\"{&quot;jet_parallax_layout_list&quot;:[],&quot;content_width&quot;:&quot;boxed&quot;}\" data-core-v316-plus=\"true\">\n\t\t\t\t\t<div class=\"e-con-inner\">\n\t\t<div class=\"elementor-element elementor-element-29b3dd3 e-con-full e-flex elementor-invisible e-con e-child\" data-id=\"29b3dd3\" data-element_type=\"container\" data-settings=\"{&quot;content_width&quot;:&quot;full&quot;,&quot;jet_parallax_layout_list&quot;:[],&quot;animation&quot;:&quot;fadeInLeft&quot;}\">\n\t\t\t\t<div class=\"elementor-element elementor-element-c7991a1 elementor-widget elementor-widget-image\" data-id=\"c7991a1\" data-element_type=\"widget\" data-widget_type=\"image.default\">\n\t\t\t\t<div class=\"elementor-widget-container\">\n\t\t\t<style>\/*! elementor - v3.18.0 - 04-12-2023 *\/\n.elementor-widget-image{text-align:center}.elementor-widget-image a{display:inline-block}.elementor-widget-image a img[src$=\".svg\"]{width:48px}.elementor-widget-image img{vertical-align:middle;display:inline-block}<\/style>\t\t\t\t\t\t\t\t\t\t\t\t<img fetchpriority=\"high\" decoding=\"async\" width=\"1024\" height=\"1024\" src=\"https:\/\/playroom.tr\/wp-content\/uploads\/2024\/01\/1-36.png\" class=\"elementor-animation-grow attachment-large size-large wp-image-1235\" alt=\"\" srcset=\"https:\/\/playroom.tr\/wp-content\/uploads\/2024\/01\/1-36.png 1024w, https:\/\/playroom.tr\/wp-content\/uploads\/2024\/01\/1-36-300x300.png 300w, https:\/\/playroom.tr\/wp-content\/uploads\/2024\/01\/1-36-150x150.png 150w, https:\/\/playroom.tr\/wp-content\/uploads\/2024\/01\/1-36-768x768.png 768w, https:\/\/playroom.tr\/wp-content\/uploads\/2024\/01\/1-36-12x12.png 12w, https:\/\/playroom.tr\/wp-content\/uploads\/2024\/01\/1-36-500x500.png 500w\" sizes=\"(max-width: 1024px) 100vw, 1024px\" \/>\t\t\t\t\t\t\t\t\t\t\t\t\t\t\t<\/div>\n\t\t\t\t<\/div>\n\t\t\t\t<\/div>\n\t\t<div class=\"elementor-element elementor-element-c0412e5 e-con-full e-flex elementor-invisible e-con e-child\" data-id=\"c0412e5\" data-element_type=\"container\" data-settings=\"{&quot;content_width&quot;:&quot;full&quot;,&quot;jet_parallax_layout_list&quot;:[],&quot;animation&quot;:&quot;fadeInRight&quot;}\">\n\t\t\t\t<div class=\"elementor-element elementor-element-fc409bf elementor-widget elementor-widget-text-editor\" data-id=\"fc409bf\" data-element_type=\"widget\" data-widget_type=\"text-editor.default\">\n\t\t\t\t<div class=\"elementor-widget-container\">\n\t\t\t<style>\/*! elementor - v3.18.0 - 04-12-2023 *\/\n.elementor-widget-text-editor.elementor-drop-cap-view-stacked .elementor-drop-cap{background-color:#69727d;color:#fff}.elementor-widget-text-editor.elementor-drop-cap-view-framed .elementor-drop-cap{color:#69727d;border:3px solid;background-color:transparent}.elementor-widget-text-editor:not(.elementor-drop-cap-view-default) .elementor-drop-cap{margin-top:8px}.elementor-widget-text-editor:not(.elementor-drop-cap-view-default) .elementor-drop-cap-letter{width:1em;height:1em}.elementor-widget-text-editor .elementor-drop-cap{float:left;text-align:center;line-height:1;font-size:50px}.elementor-widget-text-editor .elementor-drop-cap-letter{display:inline-block}<\/style>\t\t\t\t<div class=\"min-h-[20px] text-message flex flex-col items-start gap-3 whitespace-pre-wrap break-words [.text-message+&amp;]:mt-5 overflow-x-auto\" data-message-author-role=\"assistant\" data-message-id=\"f4981169-3a99-44bd-a084-2859113c9211\"><div class=\"markdown prose w-full break-words dark:prose-invert light\"><p><strong>Netko Sistem: Grandstream \u00dcr\u00fcn Ailesi ile \u0130leti\u015fimde M\u00fckemmellik ve Yenilik\u00e7ilik<\/strong><\/p><p>Netko Sistem Teknoloji ve Bilgi \u0130\u015flem Hizmetleri San. Tic. Ltd. \u015eti., Grandstream \u00fcr\u00fcn ailesi arac\u0131l\u0131\u011f\u0131yla i\u015fletmelere ve bireylere yenilik\u00e7i ve y\u00fcksek kaliteli ileti\u015fim \u00e7\u00f6z\u00fcmleri sunmaktad\u0131r. Grandstream, sekt\u00f6rdeki lider markalardan biri olarak, IP tabanl\u0131 ses ve video ileti\u015fim \u00fcr\u00fcnleri, a\u011f altyap\u0131lar\u0131 ve g\u00fcvenlik \u00e7\u00f6z\u00fcmleri sunar. Netko Sistem, Grandstream&#8217;in zengin \u00fcr\u00fcn yelpazesini kullanarak, m\u00fc\u015fterilerinin \u00e7e\u015fitli ileti\u015fim ihtiya\u00e7lar\u0131n\u0131 kar\u015f\u0131lamak i\u00e7in \u00f6zelle\u015ftirilmi\u015f \u00e7\u00f6z\u00fcmler geli\u015ftirir.<\/p><p>Grandstream \u00fcr\u00fcn ailesi, IP telefonlar, VoIP adapt\u00f6rleri, video konferans sistemleri ve IP PBX \u00e7\u00f6z\u00fcmleri gibi geni\u015f bir \u00fcr\u00fcn yelpazesini i\u00e7erir. Bu \u00fcr\u00fcnler, i\u015fletmelerin ileti\u015fim altyap\u0131lar\u0131n\u0131 modernize etmelerine ve daha verimli ileti\u015fim s\u00fcre\u00e7leri olu\u015fturmalar\u0131na olanak tan\u0131r. Grandstream \u00fcr\u00fcnleri, kullan\u0131c\u0131 dostu aray\u00fczleri ve y\u00fcksek performanslar\u0131 ile tan\u0131n\u0131r, bu da onlar\u0131 her t\u00fcrl\u00fc i\u015f ortam\u0131 i\u00e7in ideal k\u0131lar<\/p><\/div><\/div>\t\t\t\t\t\t<\/div>\n\t\t\t\t<\/div>\n\t\t\t\t<\/div>\n\t\t\t\t\t<\/div>\n\t\t\t\t<\/div>\n\t\t<div class=\"elementor-element elementor-element-95a61eb e-flex e-con-boxed e-con e-parent\" data-id=\"95a61eb\" data-element_type=\"container\" data-settings=\"{&quot;jet_parallax_layout_list&quot;:[],&quot;content_width&quot;:&quot;boxed&quot;}\" data-core-v316-plus=\"true\">\n\t\t\t\t\t<div class=\"e-con-inner\">\n\t\t<div class=\"elementor-element elementor-element-0d7a0d7 e-con-full e-flex elementor-invisible e-con e-child\" data-id=\"0d7a0d7\" data-element_type=\"container\" data-settings=\"{&quot;content_width&quot;:&quot;full&quot;,&quot;jet_parallax_layout_list&quot;:[],&quot;animation&quot;:&quot;fadeInLeft&quot;}\">\n\t\t\t\t<div class=\"elementor-element elementor-element-78d3e1c elementor-widget elementor-widget-text-editor\" data-id=\"78d3e1c\" data-element_type=\"widget\" data-widget_type=\"text-editor.default\">\n\t\t\t\t<div class=\"elementor-widget-container\">\n\t\t\t\t\t\t\t<p>Grandstream&#8217;in IP telefonlar\u0131, net ve kaliteli ses ileti\u015fimi sunar ve kullan\u0131c\u0131lar\u0131n g\u00fcnl\u00fck ileti\u015fim ihtiya\u00e7lar\u0131n\u0131 kar\u015f\u0131lar. VoIP adapt\u00f6rleri, eski telefon sistemlerini modern IP a\u011flar\u0131na entegre etmek i\u00e7in m\u00fckemmel bir \u00e7\u00f6z\u00fcm sunar. Video konferans sistemleri, uzaktan \u00e7al\u0131\u015fma ve global i\u015fbirliklerini destekleyerek i\u015fletmelerin etkile\u015fim ve \u00fcretkenli\u011fini art\u0131r\u0131r. IP PBX \u00e7\u00f6z\u00fcmleri, i\u015fletmelerin i\u00e7 ve d\u0131\u015f ileti\u015fimlerini y\u00f6netmelerine yard\u0131mc\u0131 olur, verimli ve \u00f6l\u00e7eklenebilir bir ileti\u015fim altyap\u0131s\u0131 sa\u011flar.<\/p>\t\t\t\t\t\t<\/div>\n\t\t\t\t<\/div>\n\t\t\t\t<\/div>\n\t\t<div class=\"elementor-element elementor-element-87d829e e-con-full e-flex elementor-invisible e-con e-child\" data-id=\"87d829e\" data-element_type=\"container\" data-settings=\"{&quot;content_width&quot;:&quot;full&quot;,&quot;jet_parallax_layout_list&quot;:[],&quot;animation&quot;:&quot;fadeInRight&quot;}\">\n\t\t\t\t<div class=\"elementor-element elementor-element-4512137 elementor-widget elementor-widget-image\" data-id=\"4512137\" data-element_type=\"widget\" data-widget_type=\"image.default\">\n\t\t\t\t<div class=\"elementor-widget-container\">\n\t\t\t\t\t\t\t\t\t\t\t\t\t\t\t<img decoding=\"async\" width=\"1024\" height=\"1024\" src=\"https:\/\/playroom.tr\/wp-content\/uploads\/2024\/01\/2-36.png\" class=\"elementor-animation-grow attachment-large size-large wp-image-1236\" alt=\"\" srcset=\"https:\/\/playroom.tr\/wp-content\/uploads\/2024\/01\/2-36.png 1024w, https:\/\/playroom.tr\/wp-content\/uploads\/2024\/01\/2-36-300x300.png 300w, https:\/\/playroom.tr\/wp-content\/uploads\/2024\/01\/2-36-150x150.png 150w, https:\/\/playroom.tr\/wp-content\/uploads\/2024\/01\/2-36-768x768.png 768w, https:\/\/playroom.tr\/wp-content\/uploads\/2024\/01\/2-36-12x12.png 12w, https:\/\/playroom.tr\/wp-content\/uploads\/2024\/01\/2-36-500x500.png 500w\" sizes=\"(max-width: 1024px) 100vw, 1024px\" \/>\t\t\t\t\t\t\t\t\t\t\t\t\t\t\t<\/div>\n\t\t\t\t<\/div>\n\t\t\t\t<\/div>\n\t\t\t\t\t<\/div>\n\t\t\t\t<\/div>\n\t\t<div class=\"elementor-element elementor-element-60277b0 e-flex e-con-boxed e-con e-parent\" data-id=\"60277b0\" data-element_type=\"container\" data-settings=\"{&quot;jet_parallax_layout_list&quot;:[],&quot;content_width&quot;:&quot;boxed&quot;}\" data-core-v316-plus=\"true\">\n\t\t\t\t\t<div class=\"e-con-inner\">\n\t\t<div class=\"elementor-element elementor-element-efe75bc e-con-full e-flex elementor-invisible e-con e-child\" data-id=\"efe75bc\" data-element_type=\"container\" data-settings=\"{&quot;content_width&quot;:&quot;full&quot;,&quot;jet_parallax_layout_list&quot;:[],&quot;animation&quot;:&quot;fadeInLeft&quot;}\">\n\t\t\t\t<div class=\"elementor-element elementor-element-dc1842a elementor-widget elementor-widget-image\" data-id=\"dc1842a\" data-element_type=\"widget\" data-widget_type=\"image.default\">\n\t\t\t\t<div class=\"elementor-widget-container\">\n\t\t\t\t\t\t\t\t\t\t\t\t\t\t\t<img decoding=\"async\" width=\"1024\" height=\"1024\" src=\"https:\/\/playroom.tr\/wp-content\/uploads\/2024\/01\/3-32.png\" class=\"elementor-animation-grow attachment-large size-large wp-image-1237\" alt=\"\" srcset=\"https:\/\/playroom.tr\/wp-content\/uploads\/2024\/01\/3-32.png 1024w, https:\/\/playroom.tr\/wp-content\/uploads\/2024\/01\/3-32-300x300.png 300w, https:\/\/playroom.tr\/wp-content\/uploads\/2024\/01\/3-32-150x150.png 150w, https:\/\/playroom.tr\/wp-content\/uploads\/2024\/01\/3-32-768x768.png 768w, https:\/\/playroom.tr\/wp-content\/uploads\/2024\/01\/3-32-12x12.png 12w, https:\/\/playroom.tr\/wp-content\/uploads\/2024\/01\/3-32-500x500.png 500w\" sizes=\"(max-width: 1024px) 100vw, 1024px\" \/>\t\t\t\t\t\t\t\t\t\t\t\t\t\t\t<\/div>\n\t\t\t\t<\/div>\n\t\t\t\t<\/div>\n\t\t<div class=\"elementor-element elementor-element-86f9196 e-con-full e-flex elementor-invisible e-con e-child\" data-id=\"86f9196\" data-element_type=\"container\" data-settings=\"{&quot;content_width&quot;:&quot;full&quot;,&quot;jet_parallax_layout_list&quot;:[],&quot;animation&quot;:&quot;fadeInRight&quot;}\">\n\t\t\t\t<div class=\"elementor-element elementor-element-2a5a0ee elementor-widget elementor-widget-text-editor\" data-id=\"2a5a0ee\" data-element_type=\"widget\" data-widget_type=\"text-editor.default\">\n\t\t\t\t<div class=\"elementor-widget-container\">\n\t\t\t\t\t\t\t<p>Netko Sistem, Grandstream \u00fcr\u00fcnlerinin kurulumu ve entegrasyonunda teknik uzmanl\u0131k sa\u011flar. M\u00fc\u015fterilere \u00f6zel hizmetler sunarak, her i\u015fletmenin ve bireyin \u00f6zel ihtiya\u00e7lar\u0131na uygun \u00e7\u00f6z\u00fcmler geli\u015ftirir. Ayr\u0131ca, Grandstream \u00fcr\u00fcnlerinin d\u00fczenli bak\u0131m\u0131 ve teknik deste\u011fi, sistemlerin s\u00fcrekli olarak y\u00fcksek performansla \u00e7al\u0131\u015fmas\u0131n\u0131 ve uzun \u00f6m\u00fcrl\u00fc olmas\u0131n\u0131 sa\u011flar.<\/p>\t\t\t\t\t\t<\/div>\n\t\t\t\t<\/div>\n\t\t\t\t<\/div>\n\t\t\t\t\t<\/div>\n\t\t\t\t<\/div>\n\t\t<div class=\"elementor-element elementor-element-f1082c9 e-flex e-con-boxed e-con e-parent\" data-id=\"f1082c9\" data-element_type=\"container\" data-settings=\"{&quot;jet_parallax_layout_list&quot;:[],&quot;content_width&quot;:&quot;boxed&quot;}\" data-core-v316-plus=\"true\">\n\t\t\t\t\t<div class=\"e-con-inner\">\n\t\t<div class=\"elementor-element elementor-element-f26b984 e-con-full e-flex elementor-invisible e-con e-child\" data-id=\"f26b984\" data-element_type=\"container\" data-settings=\"{&quot;content_width&quot;:&quot;full&quot;,&quot;jet_parallax_layout_list&quot;:[],&quot;animation&quot;:&quot;fadeInLeft&quot;}\">\n\t\t\t\t<div class=\"elementor-element elementor-element-4652fe8 elementor-widget elementor-widget-text-editor\" data-id=\"4652fe8\" data-element_type=\"widget\" data-widget_type=\"text-editor.default\">\n\t\t\t\t<div class=\"elementor-widget-container\">\n\t\t\t\t\t\t\t<p>Sonu\u00e7 olarak, Netko Sistem&#8217;in Grandstream \u00fcr\u00fcn ailesi, i\u015fletmelerin ve bireylerin ileti\u015fim ihtiya\u00e7lar\u0131n\u0131 kar\u015f\u0131lamak i\u00e7in geli\u015fmi\u015f, kullan\u0131c\u0131 dostu ve yenilik\u00e7i \u00e7\u00f6z\u00fcmler sunar. Bu \u00fcr\u00fcnler, i\u015fletmelerin ileti\u015fim altyap\u0131lar\u0131n\u0131 modernize ederken, etkinlik ve \u00fcretkenliklerini art\u0131r\u0131r. Netko Sistem, m\u00fc\u015fterilerine Grandstream \u00fcr\u00fcn ailesiyle en \u00fcst d\u00fczeyde hizmet ve destek sunarak, onlar\u0131n ileti\u015fim altyap\u0131lar\u0131n\u0131 g\u00fc\u00e7lendirir ve i\u015f s\u00fcre\u00e7lerini optimize eder.<\/p>\t\t\t\t\t\t<\/div>\n\t\t\t\t<\/div>\n\t\t\t\t<\/div>\n\t\t<div class=\"elementor-element elementor-element-5cf1e7d e-con-full e-flex elementor-invisible e-con e-child\" data-id=\"5cf1e7d\" data-element_type=\"container\" data-settings=\"{&quot;content_width&quot;:&quot;full&quot;,&quot;jet_parallax_layout_list&quot;:[],&quot;animation&quot;:&quot;fadeInRight&quot;}\">\n\t\t\t\t<div class=\"elementor-element elementor-element-a20bbf7 elementor-widget elementor-widget-image\" data-id=\"a20bbf7\" data-element_type=\"widget\" data-widget_type=\"image.default\">\n\t\t\t\t<div class=\"elementor-widget-container\">\n\t\t\t\t\t\t\t\t\t\t\t\t\t\t\t<img loading=\"lazy\" decoding=\"async\" width=\"1024\" height=\"1024\" src=\"https:\/\/playroom.tr\/wp-content\/uploads\/2024\/01\/4-31.png\" class=\"elementor-animation-grow attachment-large size-large wp-image-1238\" alt=\"\" srcset=\"https:\/\/playroom.tr\/wp-content\/uploads\/2024\/01\/4-31.png 1024w, https:\/\/playroom.tr\/wp-content\/uploads\/2024\/01\/4-31-300x300.png 300w, https:\/\/playroom.tr\/wp-content\/uploads\/2024\/01\/4-31-150x150.png 150w, https:\/\/playroom.tr\/wp-content\/uploads\/2024\/01\/4-31-768x768.png 768w, https:\/\/playroom.tr\/wp-content\/uploads\/2024\/01\/4-31-12x12.png 12w, https:\/\/playroom.tr\/wp-content\/uploads\/2024\/01\/4-31-500x500.png 500w\" sizes=\"(max-width: 1024px) 100vw, 1024px\" \/>\t\t\t\t\t\t\t\t\t\t\t\t\t\t\t<\/div>\n\t\t\t\t<\/div>\n\t\t\t\t<\/div>\n\t\t\t\t\t<\/div>\n\t\t\t\t<\/div>\n\t\t<div class=\"elementor-element elementor-element-7aac62b e-flex e-con-boxed e-con e-parent\" data-id=\"7aac62b\" data-element_type=\"container\" data-settings=\"{&quot;jet_parallax_layout_list&quot;:[],&quot;content_width&quot;:&quot;boxed&quot;}\" data-core-v316-plus=\"true\">\n\t\t\t\t\t<div class=\"e-con-inner\">\n\t\t\t\t<div class=\"elementor-element elementor-element-6d1dd0d elementor-align-center elementor-mobile-align-center elementor-widget elementor-widget-raven-button\" data-id=\"6d1dd0d\" data-element_type=\"widget\" data-settings=\"{&quot;turn_to_popup_action_button&quot;:&quot;no&quot;}\" data-widget_type=\"raven-button.default\">\n\t\t\t\t<div class=\"elementor-widget-container\">\n\t\t\t\t\t<div class=\"raven-widget-wrapper\">\n\t\t\t<a class=\"raven-button raven-button-widget-normal-effect-shine raven-button-text-align-center raven-button-link elementor-animation-grow\" href=\"https:\/\/playroom.tr\/index.php\/contact\/\">\t\t\t\t<div class=\"raven-button-overlay\" ><\/div>\n\t\t\t\t<span class=\"raven-button-content\">\n\t\t\t\t\t\n\t\t\t\t\t<div class=\"button-text-container\">\n\t\t\t\t\t\t\t\t\t\t\t\t<div class=\"raven-button-texts-wrapper\">\n\t\t\t\t\t\t\t<div class=\"button-text\">\n\t\t\t\t\t\t\t\t<span class=\"raven-button-text\">\n\t\t\t\t\t\t\t\t\tTeklif Al\t\t\t\t\t\t\t\t<\/span>\n\t\t\t\t\t\t\t<\/div>\n\t\t\t\t\t\t\t\t\t\t\t\t\t<\/div>\n\t\t\t\t\t\t\t\t\t\t\t<\/div>\n\t\t\t\t\t\n\t\t\t\t\t\t\t\t\t<\/span>\n\t\t\t<\/a>\t\t<\/div>\n\t\t\t\t<\/div>\n\t\t\t\t<\/div>\n\t\t\t\t\t<\/div>\n\t\t\t\t<\/div>\n\t\t\t\t\t\t\t<\/div>","protected":false},"excerpt":{"rendered":"<p>Grandstream \u00dcr\u00fcn Ailesi Netko Sistem: Grandstream \u00dcr\u00fcn Ailesi ile \u0130leti\u015fimde M\u00fckemmellik ve Yenilik\u00e7ilik Netko Sistem Teknoloji ve Bilgi \u0130\u015flem Hizmetleri San. Tic. Ltd. \u015eti., Grandstream \u00fcr\u00fcn ailesi arac\u0131l\u0131\u011f\u0131yla i\u015fletmelere ve bireylere yenilik\u00e7i ve y\u00fcksek kaliteli ileti\u015fim \u00e7\u00f6z\u00fcmleri sunmaktad\u0131r. Grandstream, sekt\u00f6rdeki lider markalardan biri olarak, IP tabanl\u0131 ses ve video ileti\u015fim \u00fcr\u00fcnleri, a\u011f altyap\u0131lar\u0131 ve g\u00fcvenlik [&hellip;]<\/p>","protected":false},"author":1,"featured_media":0,"parent":0,"menu_order":0,"comment_status":"closed","ping_status":"closed","template":"elementor_header_footer","meta":{"footnotes":""},"class_list":["post-1230","page","type-page","status-publish","hentry"],"acf":[],"yoast_head":"<!-- This site is optimized with the Yoast SEO Premium plugin v21.8 (Yoast SEO v21.8) - https:\/\/yoast.com\/wordpress\/plugins\/seo\/ -->\n<title>Grandstream \u00dcr\u00fcn Ailesi - Netko Sistem Teknoloji<\/title>\n<meta name=\"robots\" content=\"index, follow, max-snippet:-1, max-image-preview:large, max-video-preview:-1\" \/>\n<link rel=\"canonical\" href=\"https:\/\/playroom.tr\/en\/grandstream-urun-ailesi\/\" \/>\n<meta property=\"og:locale\" content=\"en_US\" \/>\n<meta property=\"og:type\" content=\"article\" \/>\n<meta property=\"og:title\" content=\"Grandstream \u00dcr\u00fcn Ailesi\" \/>\n<meta property=\"og:description\" content=\"Grandstream \u00dcr\u00fcn Ailesi Netko Sistem: Grandstream \u00dcr\u00fcn Ailesi ile \u0130leti\u015fimde M\u00fckemmellik ve Yenilik\u00e7ilik Netko Sistem Teknoloji ve Bilgi \u0130\u015flem Hizmetleri San. Tic. Ltd. \u015eti., Grandstream \u00fcr\u00fcn ailesi arac\u0131l\u0131\u011f\u0131yla i\u015fletmelere ve bireylere yenilik\u00e7i ve y\u00fcksek kaliteli ileti\u015fim \u00e7\u00f6z\u00fcmleri sunmaktad\u0131r. Grandstream, sekt\u00f6rdeki lider markalardan biri olarak, IP tabanl\u0131 ses ve video ileti\u015fim \u00fcr\u00fcnleri, a\u011f altyap\u0131lar\u0131 ve g\u00fcvenlik [&hellip;]\" \/>\n<meta property=\"og:url\" content=\"https:\/\/playroom.tr\/en\/grandstream-urun-ailesi\/\" \/>\n<meta property=\"og:site_name\" content=\"Netko Sistem Teknoloji\" \/>\n<meta property=\"article:modified_time\" content=\"2024-01-15T05:02:27+00:00\" \/>\n<meta property=\"og:image\" content=\"https:\/\/playroom.tr\/wp-content\/uploads\/2024\/01\/1-36.png\" \/>\n<meta name=\"twitter:card\" content=\"summary_large_image\" \/>\n<script type=\"application\/ld+json\" class=\"yoast-schema-graph\">{\"@context\":\"https:\/\/schema.org\",\"@graph\":[{\"@type\":\"WebPage\",\"@id\":\"https:\/\/playroom.tr\/grandstream-urun-ailesi\/\",\"url\":\"https:\/\/playroom.tr\/grandstream-urun-ailesi\/\",\"name\":\"Grandstream \u00dcr\u00fcn Ailesi - Netko Sistem Teknoloji\",\"isPartOf\":{\"@id\":\"https:\/\/playroom.tr\/#website\"},\"datePublished\":\"2024-01-15T04:59:09+00:00\",\"dateModified\":\"2024-01-15T05:02:27+00:00\",\"breadcrumb\":{\"@id\":\"https:\/\/playroom.tr\/grandstream-urun-ailesi\/#breadcrumb\"},\"inLanguage\":\"en-US\",\"potentialAction\":[{\"@type\":\"ReadAction\",\"target\":[\"https:\/\/playroom.tr\/grandstream-urun-ailesi\/\"]}]},{\"@type\":\"BreadcrumbList\",\"@id\":\"https:\/\/playroom.tr\/grandstream-urun-ailesi\/#breadcrumb\",\"itemListElement\":[{\"@type\":\"ListItem\",\"position\":1,\"name\":\"Anasayfa\",\"item\":\"https:\/\/playroom.tr\/\"},{\"@type\":\"ListItem\",\"position\":2,\"name\":\"Grandstream \u00dcr\u00fcn Ailesi\"}]},{\"@type\":\"WebSite\",\"@id\":\"https:\/\/playroom.tr\/#website\",\"url\":\"https:\/\/playroom.tr\/\",\"name\":\"Netko Sistem Teknoloji\",\"description\":\"Netko Sistem Teknoloji\",\"potentialAction\":[{\"@type\":\"SearchAction\",\"target\":{\"@type\":\"EntryPoint\",\"urlTemplate\":\"https:\/\/playroom.tr\/?s={search_term_string}\"},\"query-input\":\"required name=search_term_string\"}],\"inLanguage\":\"en-US\"}]}<\/script>\n<!-- \/ Yoast SEO Premium plugin. -->","yoast_head_json":{"title":"Grandstream \u00dcr\u00fcn Ailesi - Netko Sistem Teknoloji","robots":{"index":"index","follow":"follow","max-snippet":"max-snippet:-1","max-image-preview":"max-image-preview:large","max-video-preview":"max-video-preview:-1"},"canonical":"https:\/\/playroom.tr\/en\/grandstream-urun-ailesi\/","og_locale":"en_US","og_type":"article","og_title":"Grandstream \u00dcr\u00fcn Ailesi","og_description":"Grandstream \u00dcr\u00fcn Ailesi Netko Sistem: Grandstream \u00dcr\u00fcn Ailesi ile \u0130leti\u015fimde M\u00fckemmellik ve Yenilik\u00e7ilik Netko Sistem Teknoloji ve Bilgi \u0130\u015flem Hizmetleri San. Tic. Ltd. \u015eti., Grandstream \u00fcr\u00fcn ailesi arac\u0131l\u0131\u011f\u0131yla i\u015fletmelere ve bireylere yenilik\u00e7i ve y\u00fcksek kaliteli ileti\u015fim \u00e7\u00f6z\u00fcmleri sunmaktad\u0131r. Grandstream, sekt\u00f6rdeki lider markalardan biri olarak, IP tabanl\u0131 ses ve video ileti\u015fim \u00fcr\u00fcnleri, a\u011f altyap\u0131lar\u0131 ve g\u00fcvenlik [&hellip;]","og_url":"https:\/\/playroom.tr\/en\/grandstream-urun-ailesi\/","og_site_name":"Netko Sistem Teknoloji","article_modified_time":"2024-01-15T05:02:27+00:00","og_image":[{"url":"https:\/\/playroom.tr\/wp-content\/uploads\/2024\/01\/1-36.png"}],"twitter_card":"summary_large_image","schema":{"@context":"https:\/\/schema.org","@graph":[{"@type":"WebPage","@id":"https:\/\/playroom.tr\/grandstream-urun-ailesi\/","url":"https:\/\/playroom.tr\/grandstream-urun-ailesi\/","name":"Grandstream \u00dcr\u00fcn Ailesi - Netko Sistem Teknoloji","isPartOf":{"@id":"https:\/\/playroom.tr\/#website"},"datePublished":"2024-01-15T04:59:09+00:00","dateModified":"2024-01-15T05:02:27+00:00","breadcrumb":{"@id":"https:\/\/playroom.tr\/grandstream-urun-ailesi\/#breadcrumb"},"inLanguage":"en-US","potentialAction":[{"@type":"ReadAction","target":["https:\/\/playroom.tr\/grandstream-urun-ailesi\/"]}]},{"@type":"BreadcrumbList","@id":"https:\/\/playroom.tr\/grandstream-urun-ailesi\/#breadcrumb","itemListElement":[{"@type":"ListItem","position":1,"name":"Anasayfa","item":"https:\/\/playroom.tr\/"},{"@type":"ListItem","position":2,"name":"Grandstream \u00dcr\u00fcn Ailesi"}]},{"@type":"WebSite","@id":"https:\/\/playroom.tr\/#website","url":"https:\/\/playroom.tr\/","name":"Netko Sistem Teknoloji","description":"Netko Sistem Teknoloji","potentialAction":[{"@type":"SearchAction","target":{"@type":"EntryPoint","urlTemplate":"https:\/\/playroom.tr\/?s={search_term_string}"},"query-input":"required name=search_term_string"}],"inLanguage":"en-US"}]}},"_links":{"self":[{"href":"https:\/\/playroom.tr\/en\/wp-json\/wp\/v2\/pages\/1230","targetHints":{"allow":["GET"]}}],"collection":[{"href":"https:\/\/playroom.tr\/en\/wp-json\/wp\/v2\/pages"}],"about":[{"href":"https:\/\/playroom.tr\/en\/wp-json\/wp\/v2\/types\/page"}],"author":[{"embeddable":true,"href":"https:\/\/playroom.tr\/en\/wp-json\/wp\/v2\/users\/1"}],"replies":[{"embeddable":true,"href":"https:\/\/playroom.tr\/en\/wp-json\/wp\/v2\/comments?post=1230"}],"version-history":[{"count":4,"href":"https:\/\/playroom.tr\/en\/wp-json\/wp\/v2\/pages\/1230\/revisions"}],"predecessor-version":[{"id":1242,"href":"https:\/\/playroom.tr\/en\/wp-json\/wp\/v2\/pages\/1230\/revisions\/1242"}],"wp:attachment":[{"href":"https:\/\/playroom.tr\/en\/wp-json\/wp\/v2\/media?parent=1230"}],"curies":[{"name":"wp","href":"https:\/\/api.w.org\/{rel}","templated":true}]}}