{"id":1243,"date":"2024-01-15T08:02:53","date_gmt":"2024-01-15T05:02:53","guid":{"rendered":"https:\/\/playroom.tr\/?page_id=1243"},"modified":"2024-01-15T08:09:00","modified_gmt":"2024-01-15T05:09:00","slug":"xlog-firewall-urun-ailesi","status":"publish","type":"page","link":"https:\/\/playroom.tr\/en\/xlog-firewall-urun-ailesi\/","title":{"rendered":"XLOG Firewall \u00dcr\u00fcn Ailesi"},"content":{"rendered":"<div data-elementor-type=\"wp-page\" data-elementor-id=\"1243\" class=\"elementor elementor-1243\" data-elementor-post-type=\"page\">\n\t\t\t\t\t\t\t<div class=\"elementor-element elementor-element-f3ce879 e-flex e-con-boxed elementor-invisible e-con e-parent\" data-id=\"f3ce879\" data-element_type=\"container\" data-settings=\"{&quot;jet_parallax_layout_list&quot;:[],&quot;animation&quot;:&quot;fadeInUp&quot;,&quot;content_width&quot;:&quot;boxed&quot;}\" data-core-v316-plus=\"true\">\n\t\t\t\t\t<div class=\"e-con-inner\">\n\t\t\t\t<div class=\"elementor-element elementor-element-023fd3e elementor-widget elementor-widget-heading\" data-id=\"023fd3e\" data-element_type=\"widget\" data-widget_type=\"heading.default\">\n\t\t\t\t<div class=\"elementor-widget-container\">\n\t\t\t<style>\/*! elementor - v3.18.0 - 04-12-2023 *\/\n.elementor-heading-title{padding:0;margin:0;line-height:1}.elementor-widget-heading .elementor-heading-title[class*=elementor-size-]>a{color:inherit;font-size:inherit;line-height:inherit}.elementor-widget-heading .elementor-heading-title.elementor-size-small{font-size:15px}.elementor-widget-heading .elementor-heading-title.elementor-size-medium{font-size:19px}.elementor-widget-heading .elementor-heading-title.elementor-size-large{font-size:29px}.elementor-widget-heading .elementor-heading-title.elementor-size-xl{font-size:39px}.elementor-widget-heading .elementor-heading-title.elementor-size-xxl{font-size:59px}<\/style><h2 class=\"elementor-heading-title elementor-size-default\">XLOG Firewall \u00dcr\u00fcn Ailesi<\/h2>\t\t<\/div>\n\t\t\t\t<\/div>\n\t\t\t\t\t<\/div>\n\t\t\t\t<\/div>\n\t\t<div class=\"elementor-element elementor-element-516b40c e-flex e-con-boxed e-con e-parent\" data-id=\"516b40c\" data-element_type=\"container\" data-settings=\"{&quot;jet_parallax_layout_list&quot;:[],&quot;content_width&quot;:&quot;boxed&quot;}\" data-core-v316-plus=\"true\">\n\t\t\t\t\t<div class=\"e-con-inner\">\n\t\t<div class=\"elementor-element elementor-element-57791f8 e-con-full e-flex elementor-invisible e-con e-child\" data-id=\"57791f8\" data-element_type=\"container\" data-settings=\"{&quot;content_width&quot;:&quot;full&quot;,&quot;jet_parallax_layout_list&quot;:[],&quot;animation&quot;:&quot;fadeInLeft&quot;}\">\n\t\t\t\t<div class=\"elementor-element elementor-element-a4ecf94 elementor-widget elementor-widget-image\" data-id=\"a4ecf94\" data-element_type=\"widget\" data-widget_type=\"image.default\">\n\t\t\t\t<div class=\"elementor-widget-container\">\n\t\t\t<style>\/*! elementor - v3.18.0 - 04-12-2023 *\/\n.elementor-widget-image{text-align:center}.elementor-widget-image a{display:inline-block}.elementor-widget-image a img[src$=\".svg\"]{width:48px}.elementor-widget-image img{vertical-align:middle;display:inline-block}<\/style>\t\t\t\t\t\t\t\t\t\t\t\t<img fetchpriority=\"high\" decoding=\"async\" width=\"1024\" height=\"1024\" src=\"https:\/\/playroom.tr\/wp-content\/uploads\/2024\/01\/1-37.png\" class=\"elementor-animation-grow attachment-large size-large wp-image-1248\" alt=\"\" srcset=\"https:\/\/playroom.tr\/wp-content\/uploads\/2024\/01\/1-37.png 1024w, https:\/\/playroom.tr\/wp-content\/uploads\/2024\/01\/1-37-300x300.png 300w, https:\/\/playroom.tr\/wp-content\/uploads\/2024\/01\/1-37-150x150.png 150w, https:\/\/playroom.tr\/wp-content\/uploads\/2024\/01\/1-37-768x768.png 768w, https:\/\/playroom.tr\/wp-content\/uploads\/2024\/01\/1-37-12x12.png 12w, https:\/\/playroom.tr\/wp-content\/uploads\/2024\/01\/1-37-500x500.png 500w\" sizes=\"(max-width: 1024px) 100vw, 1024px\" \/>\t\t\t\t\t\t\t\t\t\t\t\t\t\t\t<\/div>\n\t\t\t\t<\/div>\n\t\t\t\t<\/div>\n\t\t<div class=\"elementor-element elementor-element-912c9cc e-con-full e-flex elementor-invisible e-con e-child\" data-id=\"912c9cc\" data-element_type=\"container\" data-settings=\"{&quot;content_width&quot;:&quot;full&quot;,&quot;jet_parallax_layout_list&quot;:[],&quot;animation&quot;:&quot;fadeInRight&quot;}\">\n\t\t\t\t<div class=\"elementor-element elementor-element-bfba5b1 elementor-widget elementor-widget-text-editor\" data-id=\"bfba5b1\" data-element_type=\"widget\" data-widget_type=\"text-editor.default\">\n\t\t\t\t<div class=\"elementor-widget-container\">\n\t\t\t<style>\/*! elementor - v3.18.0 - 04-12-2023 *\/\n.elementor-widget-text-editor.elementor-drop-cap-view-stacked .elementor-drop-cap{background-color:#69727d;color:#fff}.elementor-widget-text-editor.elementor-drop-cap-view-framed .elementor-drop-cap{color:#69727d;border:3px solid;background-color:transparent}.elementor-widget-text-editor:not(.elementor-drop-cap-view-default) .elementor-drop-cap{margin-top:8px}.elementor-widget-text-editor:not(.elementor-drop-cap-view-default) .elementor-drop-cap-letter{width:1em;height:1em}.elementor-widget-text-editor .elementor-drop-cap{float:left;text-align:center;line-height:1;font-size:50px}.elementor-widget-text-editor .elementor-drop-cap-letter{display:inline-block}<\/style>\t\t\t\t<p><strong>Netko Sistem: XLOG Firewall \u00dcr\u00fcn Ailesi ile A\u011f G\u00fcvenli\u011finde \u00dcst\u00fcn Performans<\/strong><\/p><p>Netko Sistem Teknoloji ve Bilgi \u0130\u015flem Hizmetleri San. Tic. Ltd. \u015eti., XLOG Firewall \u00fcr\u00fcn ailesiyle, i\u015fletmelerin ve kurumlar\u0131n siber g\u00fcvenli\u011fini sa\u011flamada \u00f6nc\u00fc bir rol oynamaktad\u0131r. XLOG Firewall, geli\u015fmi\u015f a\u011f g\u00fcvenlik \u00e7\u00f6z\u00fcmleri sunarak, siber tehditlere kar\u015f\u0131 etkili bir koruma sa\u011flar. Netko Sistem, XLOG Firewall \u00fcr\u00fcnlerinin kurulumu, y\u00f6netimi ve bak\u0131m\u0131nda uzmanl\u0131k sa\u011flayarak, m\u00fc\u015fterilerinin a\u011f altyap\u0131lar\u0131n\u0131 g\u00fc\u00e7lendirir ve siber g\u00fcvenliklerini maksimize eder.<\/p>\t\t\t\t\t\t<\/div>\n\t\t\t\t<\/div>\n\t\t\t\t<\/div>\n\t\t\t\t\t<\/div>\n\t\t\t\t<\/div>\n\t\t<div class=\"elementor-element elementor-element-2285f30 e-flex e-con-boxed e-con e-parent\" data-id=\"2285f30\" data-element_type=\"container\" data-settings=\"{&quot;jet_parallax_layout_list&quot;:[],&quot;content_width&quot;:&quot;boxed&quot;}\" data-core-v316-plus=\"true\">\n\t\t\t\t\t<div class=\"e-con-inner\">\n\t\t<div class=\"elementor-element elementor-element-c510f18 e-con-full e-flex elementor-invisible e-con e-child\" data-id=\"c510f18\" data-element_type=\"container\" data-settings=\"{&quot;content_width&quot;:&quot;full&quot;,&quot;jet_parallax_layout_list&quot;:[],&quot;animation&quot;:&quot;fadeInLeft&quot;}\">\n\t\t\t\t<div class=\"elementor-element elementor-element-95c740e elementor-widget elementor-widget-text-editor\" data-id=\"95c740e\" data-element_type=\"widget\" data-widget_type=\"text-editor.default\">\n\t\t\t\t<div class=\"elementor-widget-container\">\n\t\t\t\t\t\t\t<p>XLOG Firewall \u00fcr\u00fcn ailesi, y\u00fcksek performansl\u0131 donan\u0131m ve geli\u015fmi\u015f yaz\u0131l\u0131m \u00f6zellikleriyle, her t\u00fcrl\u00fc i\u015fletme i\u00e7in ideal g\u00fcvenlik \u00e7\u00f6z\u00fcmleri sunar. Bu firewall cihazlar\u0131, geli\u015fmi\u015f tehdit \u00f6nleme, a\u011f trafi\u011fi izleme, uygulama kontrol\u00fc ve URL filtreleme gibi \u00f6zelliklerle donat\u0131lm\u0131\u015ft\u0131r. Ayr\u0131ca, XLOG Firewall, kullan\u0131c\u0131 dostu aray\u00fczler ve kolay y\u00f6netim imkanlar\u0131 sunarak, i\u015fletmelerin a\u011f g\u00fcvenli\u011fi y\u00f6netimini basitle\u015ftirir.<\/p>\t\t\t\t\t\t<\/div>\n\t\t\t\t<\/div>\n\t\t\t\t<\/div>\n\t\t<div class=\"elementor-element elementor-element-f9bd455 e-con-full e-flex elementor-invisible e-con e-child\" data-id=\"f9bd455\" data-element_type=\"container\" data-settings=\"{&quot;content_width&quot;:&quot;full&quot;,&quot;jet_parallax_layout_list&quot;:[],&quot;animation&quot;:&quot;fadeInRight&quot;}\">\n\t\t\t\t<div class=\"elementor-element elementor-element-b0bd5bb elementor-widget elementor-widget-image\" data-id=\"b0bd5bb\" data-element_type=\"widget\" data-widget_type=\"image.default\">\n\t\t\t\t<div class=\"elementor-widget-container\">\n\t\t\t\t\t\t\t\t\t\t\t\t\t\t\t<img decoding=\"async\" width=\"1024\" height=\"1024\" src=\"https:\/\/playroom.tr\/wp-content\/uploads\/2024\/01\/2-37.png\" class=\"elementor-animation-grow attachment-large size-large wp-image-1249\" alt=\"\" srcset=\"https:\/\/playroom.tr\/wp-content\/uploads\/2024\/01\/2-37.png 1024w, https:\/\/playroom.tr\/wp-content\/uploads\/2024\/01\/2-37-300x300.png 300w, https:\/\/playroom.tr\/wp-content\/uploads\/2024\/01\/2-37-150x150.png 150w, https:\/\/playroom.tr\/wp-content\/uploads\/2024\/01\/2-37-768x768.png 768w, https:\/\/playroom.tr\/wp-content\/uploads\/2024\/01\/2-37-12x12.png 12w, https:\/\/playroom.tr\/wp-content\/uploads\/2024\/01\/2-37-500x500.png 500w\" sizes=\"(max-width: 1024px) 100vw, 1024px\" \/>\t\t\t\t\t\t\t\t\t\t\t\t\t\t\t<\/div>\n\t\t\t\t<\/div>\n\t\t\t\t<\/div>\n\t\t\t\t\t<\/div>\n\t\t\t\t<\/div>\n\t\t<div class=\"elementor-element elementor-element-f0bb6da e-flex e-con-boxed e-con e-parent\" data-id=\"f0bb6da\" data-element_type=\"container\" data-settings=\"{&quot;jet_parallax_layout_list&quot;:[],&quot;content_width&quot;:&quot;boxed&quot;}\" data-core-v316-plus=\"true\">\n\t\t\t\t\t<div class=\"e-con-inner\">\n\t\t<div class=\"elementor-element elementor-element-5bdeba9 e-con-full e-flex elementor-invisible e-con e-child\" data-id=\"5bdeba9\" data-element_type=\"container\" data-settings=\"{&quot;content_width&quot;:&quot;full&quot;,&quot;jet_parallax_layout_list&quot;:[],&quot;animation&quot;:&quot;fadeInLeft&quot;}\">\n\t\t\t\t<div class=\"elementor-element elementor-element-3326db3 elementor-widget elementor-widget-image\" data-id=\"3326db3\" data-element_type=\"widget\" data-widget_type=\"image.default\">\n\t\t\t\t<div class=\"elementor-widget-container\">\n\t\t\t\t\t\t\t\t\t\t\t\t\t\t\t<img decoding=\"async\" width=\"1024\" height=\"1024\" src=\"https:\/\/playroom.tr\/wp-content\/uploads\/2024\/01\/3-33.png\" class=\"elementor-animation-grow attachment-large size-large wp-image-1250\" alt=\"\" srcset=\"https:\/\/playroom.tr\/wp-content\/uploads\/2024\/01\/3-33.png 1024w, https:\/\/playroom.tr\/wp-content\/uploads\/2024\/01\/3-33-300x300.png 300w, https:\/\/playroom.tr\/wp-content\/uploads\/2024\/01\/3-33-150x150.png 150w, https:\/\/playroom.tr\/wp-content\/uploads\/2024\/01\/3-33-768x768.png 768w, https:\/\/playroom.tr\/wp-content\/uploads\/2024\/01\/3-33-12x12.png 12w, https:\/\/playroom.tr\/wp-content\/uploads\/2024\/01\/3-33-500x500.png 500w\" sizes=\"(max-width: 1024px) 100vw, 1024px\" \/>\t\t\t\t\t\t\t\t\t\t\t\t\t\t\t<\/div>\n\t\t\t\t<\/div>\n\t\t\t\t<\/div>\n\t\t<div class=\"elementor-element elementor-element-472a925 e-con-full e-flex elementor-invisible e-con e-child\" data-id=\"472a925\" data-element_type=\"container\" data-settings=\"{&quot;content_width&quot;:&quot;full&quot;,&quot;jet_parallax_layout_list&quot;:[],&quot;animation&quot;:&quot;fadeInRight&quot;}\">\n\t\t\t\t<div class=\"elementor-element elementor-element-e671612 elementor-widget elementor-widget-text-editor\" data-id=\"e671612\" data-element_type=\"widget\" data-widget_type=\"text-editor.default\">\n\t\t\t\t<div class=\"elementor-widget-container\">\n\t\t\t\t\t\t\t<p><strong>Netko Sistem: \u0130nteraktif TV Yay\u0131n Sistemlerinde Derinlemesine Uzmanl\u0131k ve Yenilik\u00e7ilik<\/strong><\/p><p>Teknoloji d\u00fcnyas\u0131nda ya\u015fanan h\u0131zl\u0131 de\u011fi\u015fimler, televizyon izleme deneyimini de k\u00f6kten de\u011fi\u015ftirdi. Netko Sistem Teknoloji ve Bilgi \u0130\u015flem Hizmetleri San. Tic. Ltd. \u015eti., interaktif TV yay\u0131n sistemleri konusundaki derin bilgi birikimi ve yenilik\u00e7i yakla\u015f\u0131mlar\u0131yla bu alanda T\u00fcrkiye&#8217;nin lider firmalar\u0131ndan biri haline geldi. Firma, kullan\u0131c\u0131lar\u0131na sadece bir yay\u0131n izleme platformu de\u011fil, ayn\u0131 zamanda zengin ve kat\u0131l\u0131mc\u0131 bir medya deneyimi sunuyor.<\/p><p>Interaktif TV, geleneksel yay\u0131nc\u0131l\u0131\u011f\u0131n s\u0131n\u0131rlar\u0131n\u0131 a\u015farak, izleyicilere yay\u0131nlar\u0131 ki\u015fiselle\u015ftirme f\u0131rsat\u0131 sunar. Netko Sistem&#8217;in geli\u015ftirdi\u011fi interaktif TV platformu, kullan\u0131c\u0131lara canl\u0131 yay\u0131nlar\u0131 durdurma, geri alma, tekrar izleme gibi \u00f6zelliklerin yan\u0131 s\u0131ra, zengin i\u00e7erik k\u00fct\u00fcphanesine eri\u015fim imkan\u0131 sa\u011flar. Bu platformda, &#8220;video on demand&#8221; (VOD), &#8220;electronic program guide&#8221; (EPG), ve interaktif oyunlar gibi bir\u00e7ok \u00f6zellik bulunur, b\u00f6ylece izleyiciler, sevdikleri i\u00e7eriklere istedikleri zaman ve istedikleri yerden ula\u015fabilirler.<\/p>\t\t\t\t\t\t<\/div>\n\t\t\t\t<\/div>\n\t\t\t\t<\/div>\n\t\t\t\t\t<\/div>\n\t\t\t\t<\/div>\n\t\t<div class=\"elementor-element elementor-element-f132599 e-flex e-con-boxed e-con e-parent\" data-id=\"f132599\" data-element_type=\"container\" data-settings=\"{&quot;jet_parallax_layout_list&quot;:[],&quot;content_width&quot;:&quot;boxed&quot;}\" data-core-v316-plus=\"true\">\n\t\t\t\t\t<div class=\"e-con-inner\">\n\t\t<div class=\"elementor-element elementor-element-27a035c e-con-full e-flex elementor-invisible e-con e-child\" data-id=\"27a035c\" data-element_type=\"container\" data-settings=\"{&quot;content_width&quot;:&quot;full&quot;,&quot;jet_parallax_layout_list&quot;:[],&quot;animation&quot;:&quot;fadeInLeft&quot;}\">\n\t\t\t\t<div class=\"elementor-element elementor-element-6327576 elementor-widget elementor-widget-text-editor\" data-id=\"6327576\" data-element_type=\"widget\" data-widget_type=\"text-editor.default\">\n\t\t\t\t<div class=\"elementor-widget-container\">\n\t\t\t\t\t\t\t<div class=\"min-h-[20px] text-message flex flex-col items-start gap-3 whitespace-pre-wrap break-words [.text-message+&amp;]:mt-5 overflow-x-auto\" data-message-author-role=\"assistant\" data-message-id=\"65c70cb2-52b3-47c3-b5c9-03bc4e307eb6\"><div class=\"markdown prose w-full break-words dark:prose-invert light\"><p>Sonu\u00e7 olarak, Netko Sistem&#8217;in XLOG Firewall \u00fcr\u00fcn ailesi, i\u015fletmelerin ve kurumlar\u0131n a\u011f g\u00fcvenli\u011fini sa\u011flamak i\u00e7in geli\u015fmi\u015f, kullan\u0131c\u0131 dostu ve yenilik\u00e7i \u00e7\u00f6z\u00fcmler sunar. Bu \u00fcr\u00fcnler, i\u015fletmelerin a\u011f g\u00fcvenli\u011fi ihtiya\u00e7lar\u0131n\u0131 kar\u015f\u0131lamak, verimlili\u011fi art\u0131rmak ve siber g\u00fcvenlik ortam\u0131n\u0131 g\u00fc\u00e7lendirmek i\u00e7in tasarlanm\u0131\u015ft\u0131r. Netko Sistem, m\u00fc\u015fterilerine XLOG Firewall \u00fcr\u00fcn ailesiyle en \u00fcst d\u00fczeyde hizmet ve destek sunarak, onlar\u0131n a\u011f altyap\u0131lar\u0131n\u0131 g\u00fc\u00e7lendirir ve i\u015f s\u00fcre\u00e7lerini optimize eder.<\/p><\/div><\/div>\t\t\t\t\t\t<\/div>\n\t\t\t\t<\/div>\n\t\t\t\t<\/div>\n\t\t<div class=\"elementor-element elementor-element-d968f93 e-con-full e-flex elementor-invisible e-con e-child\" data-id=\"d968f93\" data-element_type=\"container\" data-settings=\"{&quot;content_width&quot;:&quot;full&quot;,&quot;jet_parallax_layout_list&quot;:[],&quot;animation&quot;:&quot;fadeInRight&quot;}\">\n\t\t\t\t<div class=\"elementor-element elementor-element-7522d59 elementor-widget elementor-widget-image\" data-id=\"7522d59\" data-element_type=\"widget\" data-widget_type=\"image.default\">\n\t\t\t\t<div class=\"elementor-widget-container\">\n\t\t\t\t\t\t\t\t\t\t\t\t\t\t\t<img loading=\"lazy\" decoding=\"async\" width=\"1024\" height=\"1024\" src=\"https:\/\/playroom.tr\/wp-content\/uploads\/2024\/01\/4-32.png\" class=\"elementor-animation-grow attachment-large size-large wp-image-1251\" alt=\"\" srcset=\"https:\/\/playroom.tr\/wp-content\/uploads\/2024\/01\/4-32.png 1024w, https:\/\/playroom.tr\/wp-content\/uploads\/2024\/01\/4-32-300x300.png 300w, https:\/\/playroom.tr\/wp-content\/uploads\/2024\/01\/4-32-150x150.png 150w, https:\/\/playroom.tr\/wp-content\/uploads\/2024\/01\/4-32-768x768.png 768w, https:\/\/playroom.tr\/wp-content\/uploads\/2024\/01\/4-32-12x12.png 12w, https:\/\/playroom.tr\/wp-content\/uploads\/2024\/01\/4-32-500x500.png 500w\" sizes=\"(max-width: 1024px) 100vw, 1024px\" \/>\t\t\t\t\t\t\t\t\t\t\t\t\t\t\t<\/div>\n\t\t\t\t<\/div>\n\t\t\t\t<\/div>\n\t\t\t\t\t<\/div>\n\t\t\t\t<\/div>\n\t\t<div class=\"elementor-element elementor-element-2555626 e-flex e-con-boxed e-con e-parent\" data-id=\"2555626\" data-element_type=\"container\" data-settings=\"{&quot;jet_parallax_layout_list&quot;:[],&quot;content_width&quot;:&quot;boxed&quot;}\" data-core-v316-plus=\"true\">\n\t\t\t\t\t<div class=\"e-con-inner\">\n\t\t\t\t<div class=\"elementor-element elementor-element-7ac40ec elementor-align-center elementor-mobile-align-center elementor-widget elementor-widget-raven-button\" data-id=\"7ac40ec\" data-element_type=\"widget\" data-settings=\"{&quot;turn_to_popup_action_button&quot;:&quot;no&quot;}\" data-widget_type=\"raven-button.default\">\n\t\t\t\t<div class=\"elementor-widget-container\">\n\t\t\t\t\t<div class=\"raven-widget-wrapper\">\n\t\t\t<a class=\"raven-button raven-button-widget-normal-effect-shine raven-button-text-align-center raven-button-link elementor-animation-grow\" href=\"https:\/\/playroom.tr\/index.php\/contact\/\">\t\t\t\t<div class=\"raven-button-overlay\" ><\/div>\n\t\t\t\t<span class=\"raven-button-content\">\n\t\t\t\t\t\n\t\t\t\t\t<div class=\"button-text-container\">\n\t\t\t\t\t\t\t\t\t\t\t\t<div class=\"raven-button-texts-wrapper\">\n\t\t\t\t\t\t\t<div class=\"button-text\">\n\t\t\t\t\t\t\t\t<span class=\"raven-button-text\">\n\t\t\t\t\t\t\t\t\tTeklif Al\t\t\t\t\t\t\t\t<\/span>\n\t\t\t\t\t\t\t<\/div>\n\t\t\t\t\t\t\t\t\t\t\t\t\t<\/div>\n\t\t\t\t\t\t\t\t\t\t\t<\/div>\n\t\t\t\t\t\n\t\t\t\t\t\t\t\t\t<\/span>\n\t\t\t<\/a>\t\t<\/div>\n\t\t\t\t<\/div>\n\t\t\t\t<\/div>\n\t\t\t\t\t<\/div>\n\t\t\t\t<\/div>\n\t\t\t\t\t\t\t<\/div>","protected":false},"excerpt":{"rendered":"<p>XLOG Firewall \u00dcr\u00fcn Ailesi Netko Sistem: XLOG Firewall \u00dcr\u00fcn Ailesi ile A\u011f G\u00fcvenli\u011finde \u00dcst\u00fcn Performans Netko Sistem Teknoloji ve Bilgi \u0130\u015flem Hizmetleri San. Tic. Ltd. \u015eti., XLOG Firewall \u00fcr\u00fcn ailesiyle, i\u015fletmelerin ve kurumlar\u0131n siber g\u00fcvenli\u011fini sa\u011flamada \u00f6nc\u00fc bir rol oynamaktad\u0131r. XLOG Firewall, geli\u015fmi\u015f a\u011f g\u00fcvenlik \u00e7\u00f6z\u00fcmleri sunarak, siber tehditlere kar\u015f\u0131 etkili bir koruma sa\u011flar. Netko [&hellip;]<\/p>","protected":false},"author":1,"featured_media":0,"parent":0,"menu_order":0,"comment_status":"closed","ping_status":"closed","template":"elementor_header_footer","meta":{"footnotes":""},"class_list":["post-1243","page","type-page","status-publish","hentry"],"acf":[],"yoast_head":"<!-- This site is optimized with the Yoast SEO Premium plugin v21.8 (Yoast SEO v21.8) - https:\/\/yoast.com\/wordpress\/plugins\/seo\/ -->\n<title>XLOG Firewall \u00dcr\u00fcn Ailesi - Netko Sistem Teknoloji<\/title>\n<meta name=\"robots\" content=\"index, follow, max-snippet:-1, max-image-preview:large, max-video-preview:-1\" \/>\n<link rel=\"canonical\" href=\"https:\/\/playroom.tr\/en\/xlog-firewall-urun-ailesi\/\" \/>\n<meta property=\"og:locale\" content=\"en_US\" \/>\n<meta property=\"og:type\" content=\"article\" \/>\n<meta property=\"og:title\" content=\"XLOG Firewall \u00dcr\u00fcn Ailesi\" \/>\n<meta property=\"og:description\" content=\"XLOG Firewall \u00dcr\u00fcn Ailesi Netko Sistem: XLOG Firewall \u00dcr\u00fcn Ailesi ile A\u011f G\u00fcvenli\u011finde \u00dcst\u00fcn Performans Netko Sistem Teknoloji ve Bilgi \u0130\u015flem Hizmetleri San. Tic. Ltd. \u015eti., XLOG Firewall \u00fcr\u00fcn ailesiyle, i\u015fletmelerin ve kurumlar\u0131n siber g\u00fcvenli\u011fini sa\u011flamada \u00f6nc\u00fc bir rol oynamaktad\u0131r. XLOG Firewall, geli\u015fmi\u015f a\u011f g\u00fcvenlik \u00e7\u00f6z\u00fcmleri sunarak, siber tehditlere kar\u015f\u0131 etkili bir koruma sa\u011flar. Netko [&hellip;]\" \/>\n<meta property=\"og:url\" content=\"https:\/\/playroom.tr\/en\/xlog-firewall-urun-ailesi\/\" \/>\n<meta property=\"og:site_name\" content=\"Netko Sistem Teknoloji\" \/>\n<meta property=\"article:modified_time\" content=\"2024-01-15T05:09:00+00:00\" \/>\n<meta property=\"og:image\" content=\"https:\/\/playroom.tr\/wp-content\/uploads\/2024\/01\/1-37.png\" \/>\n<meta name=\"twitter:card\" content=\"summary_large_image\" \/>\n<script type=\"application\/ld+json\" class=\"yoast-schema-graph\">{\"@context\":\"https:\/\/schema.org\",\"@graph\":[{\"@type\":\"WebPage\",\"@id\":\"https:\/\/playroom.tr\/xlog-firewall-urun-ailesi\/\",\"url\":\"https:\/\/playroom.tr\/xlog-firewall-urun-ailesi\/\",\"name\":\"XLOG Firewall \u00dcr\u00fcn Ailesi - Netko Sistem Teknoloji\",\"isPartOf\":{\"@id\":\"https:\/\/playroom.tr\/#website\"},\"datePublished\":\"2024-01-15T05:02:53+00:00\",\"dateModified\":\"2024-01-15T05:09:00+00:00\",\"breadcrumb\":{\"@id\":\"https:\/\/playroom.tr\/xlog-firewall-urun-ailesi\/#breadcrumb\"},\"inLanguage\":\"en-US\",\"potentialAction\":[{\"@type\":\"ReadAction\",\"target\":[\"https:\/\/playroom.tr\/xlog-firewall-urun-ailesi\/\"]}]},{\"@type\":\"BreadcrumbList\",\"@id\":\"https:\/\/playroom.tr\/xlog-firewall-urun-ailesi\/#breadcrumb\",\"itemListElement\":[{\"@type\":\"ListItem\",\"position\":1,\"name\":\"Anasayfa\",\"item\":\"https:\/\/playroom.tr\/\"},{\"@type\":\"ListItem\",\"position\":2,\"name\":\"XLOG Firewall \u00dcr\u00fcn Ailesi\"}]},{\"@type\":\"WebSite\",\"@id\":\"https:\/\/playroom.tr\/#website\",\"url\":\"https:\/\/playroom.tr\/\",\"name\":\"Netko Sistem Teknoloji\",\"description\":\"Netko Sistem Teknoloji\",\"potentialAction\":[{\"@type\":\"SearchAction\",\"target\":{\"@type\":\"EntryPoint\",\"urlTemplate\":\"https:\/\/playroom.tr\/?s={search_term_string}\"},\"query-input\":\"required name=search_term_string\"}],\"inLanguage\":\"en-US\"}]}<\/script>\n<!-- \/ Yoast SEO Premium plugin. -->","yoast_head_json":{"title":"XLOG Firewall \u00dcr\u00fcn Ailesi - Netko Sistem Teknoloji","robots":{"index":"index","follow":"follow","max-snippet":"max-snippet:-1","max-image-preview":"max-image-preview:large","max-video-preview":"max-video-preview:-1"},"canonical":"https:\/\/playroom.tr\/en\/xlog-firewall-urun-ailesi\/","og_locale":"en_US","og_type":"article","og_title":"XLOG Firewall \u00dcr\u00fcn Ailesi","og_description":"XLOG Firewall \u00dcr\u00fcn Ailesi Netko Sistem: XLOG Firewall \u00dcr\u00fcn Ailesi ile A\u011f G\u00fcvenli\u011finde \u00dcst\u00fcn Performans Netko Sistem Teknoloji ve Bilgi \u0130\u015flem Hizmetleri San. Tic. Ltd. \u015eti., XLOG Firewall \u00fcr\u00fcn ailesiyle, i\u015fletmelerin ve kurumlar\u0131n siber g\u00fcvenli\u011fini sa\u011flamada \u00f6nc\u00fc bir rol oynamaktad\u0131r. XLOG Firewall, geli\u015fmi\u015f a\u011f g\u00fcvenlik \u00e7\u00f6z\u00fcmleri sunarak, siber tehditlere kar\u015f\u0131 etkili bir koruma sa\u011flar. Netko [&hellip;]","og_url":"https:\/\/playroom.tr\/en\/xlog-firewall-urun-ailesi\/","og_site_name":"Netko Sistem Teknoloji","article_modified_time":"2024-01-15T05:09:00+00:00","og_image":[{"url":"https:\/\/playroom.tr\/wp-content\/uploads\/2024\/01\/1-37.png"}],"twitter_card":"summary_large_image","schema":{"@context":"https:\/\/schema.org","@graph":[{"@type":"WebPage","@id":"https:\/\/playroom.tr\/xlog-firewall-urun-ailesi\/","url":"https:\/\/playroom.tr\/xlog-firewall-urun-ailesi\/","name":"XLOG Firewall \u00dcr\u00fcn Ailesi - Netko Sistem Teknoloji","isPartOf":{"@id":"https:\/\/playroom.tr\/#website"},"datePublished":"2024-01-15T05:02:53+00:00","dateModified":"2024-01-15T05:09:00+00:00","breadcrumb":{"@id":"https:\/\/playroom.tr\/xlog-firewall-urun-ailesi\/#breadcrumb"},"inLanguage":"en-US","potentialAction":[{"@type":"ReadAction","target":["https:\/\/playroom.tr\/xlog-firewall-urun-ailesi\/"]}]},{"@type":"BreadcrumbList","@id":"https:\/\/playroom.tr\/xlog-firewall-urun-ailesi\/#breadcrumb","itemListElement":[{"@type":"ListItem","position":1,"name":"Anasayfa","item":"https:\/\/playroom.tr\/"},{"@type":"ListItem","position":2,"name":"XLOG Firewall \u00dcr\u00fcn Ailesi"}]},{"@type":"WebSite","@id":"https:\/\/playroom.tr\/#website","url":"https:\/\/playroom.tr\/","name":"Netko Sistem Teknoloji","description":"Netko Sistem Teknoloji","potentialAction":[{"@type":"SearchAction","target":{"@type":"EntryPoint","urlTemplate":"https:\/\/playroom.tr\/?s={search_term_string}"},"query-input":"required name=search_term_string"}],"inLanguage":"en-US"}]}},"_links":{"self":[{"href":"https:\/\/playroom.tr\/en\/wp-json\/wp\/v2\/pages\/1243","targetHints":{"allow":["GET"]}}],"collection":[{"href":"https:\/\/playroom.tr\/en\/wp-json\/wp\/v2\/pages"}],"about":[{"href":"https:\/\/playroom.tr\/en\/wp-json\/wp\/v2\/types\/page"}],"author":[{"embeddable":true,"href":"https:\/\/playroom.tr\/en\/wp-json\/wp\/v2\/users\/1"}],"replies":[{"embeddable":true,"href":"https:\/\/playroom.tr\/en\/wp-json\/wp\/v2\/comments?post=1243"}],"version-history":[{"count":4,"href":"https:\/\/playroom.tr\/en\/wp-json\/wp\/v2\/pages\/1243\/revisions"}],"predecessor-version":[{"id":1254,"href":"https:\/\/playroom.tr\/en\/wp-json\/wp\/v2\/pages\/1243\/revisions\/1254"}],"wp:attachment":[{"href":"https:\/\/playroom.tr\/en\/wp-json\/wp\/v2\/media?parent=1243"}],"curies":[{"name":"wp","href":"https:\/\/api.w.org\/{rel}","templated":true}]}}