{"id":802,"date":"2024-01-13T03:12:27","date_gmt":"2024-01-13T00:12:27","guid":{"rendered":"https:\/\/playroom.tr\/?page_id=802"},"modified":"2024-01-13T03:15:58","modified_gmt":"2024-01-13T00:15:58","slug":"pasif-network-sistemleri","status":"publish","type":"page","link":"https:\/\/playroom.tr\/en\/pasif-network-sistemleri\/","title":{"rendered":"Pasif Network Sistemleri"},"content":{"rendered":"<div data-elementor-type=\"wp-page\" data-elementor-id=\"802\" class=\"elementor elementor-802\" data-elementor-post-type=\"page\">\n\t\t\t\t\t\t\t<div class=\"elementor-element elementor-element-ce5df37 e-flex e-con-boxed elementor-invisible e-con e-parent\" data-id=\"ce5df37\" data-element_type=\"container\" data-settings=\"{&quot;jet_parallax_layout_list&quot;:[],&quot;animation&quot;:&quot;fadeInUp&quot;,&quot;content_width&quot;:&quot;boxed&quot;}\" data-core-v316-plus=\"true\">\n\t\t\t\t\t<div class=\"e-con-inner\">\n\t\t\t\t<div class=\"elementor-element elementor-element-7fc38d5 elementor-widget elementor-widget-heading\" data-id=\"7fc38d5\" data-element_type=\"widget\" data-widget_type=\"heading.default\">\n\t\t\t\t<div class=\"elementor-widget-container\">\n\t\t\t<style>\/*! elementor - v3.18.0 - 04-12-2023 *\/\n.elementor-heading-title{padding:0;margin:0;line-height:1}.elementor-widget-heading .elementor-heading-title[class*=elementor-size-]>a{color:inherit;font-size:inherit;line-height:inherit}.elementor-widget-heading .elementor-heading-title.elementor-size-small{font-size:15px}.elementor-widget-heading .elementor-heading-title.elementor-size-medium{font-size:19px}.elementor-widget-heading .elementor-heading-title.elementor-size-large{font-size:29px}.elementor-widget-heading .elementor-heading-title.elementor-size-xl{font-size:39px}.elementor-widget-heading .elementor-heading-title.elementor-size-xxl{font-size:59px}<\/style><h2 class=\"elementor-heading-title elementor-size-default\">Pasif Network Sistemleri<\/h2>\t\t<\/div>\n\t\t\t\t<\/div>\n\t\t\t\t\t<\/div>\n\t\t\t\t<\/div>\n\t\t<div class=\"elementor-element elementor-element-bf5137e e-flex e-con-boxed e-con e-parent\" data-id=\"bf5137e\" data-element_type=\"container\" data-settings=\"{&quot;jet_parallax_layout_list&quot;:[],&quot;content_width&quot;:&quot;boxed&quot;}\" data-core-v316-plus=\"true\">\n\t\t\t\t\t<div class=\"e-con-inner\">\n\t\t<div class=\"elementor-element elementor-element-25b4ac9 e-con-full e-flex elementor-invisible e-con e-child\" data-id=\"25b4ac9\" data-element_type=\"container\" data-settings=\"{&quot;content_width&quot;:&quot;full&quot;,&quot;jet_parallax_layout_list&quot;:[],&quot;animation&quot;:&quot;fadeInLeft&quot;}\">\n\t\t\t\t<div class=\"elementor-element elementor-element-293e076 elementor-widget elementor-widget-image\" data-id=\"293e076\" data-element_type=\"widget\" data-widget_type=\"image.default\">\n\t\t\t\t<div class=\"elementor-widget-container\">\n\t\t\t<style>\/*! elementor - v3.18.0 - 04-12-2023 *\/\n.elementor-widget-image{text-align:center}.elementor-widget-image a{display:inline-block}.elementor-widget-image a img[src$=\".svg\"]{width:48px}.elementor-widget-image img{vertical-align:middle;display:inline-block}<\/style>\t\t\t\t\t\t\t\t\t\t\t\t<img fetchpriority=\"high\" decoding=\"async\" width=\"1024\" height=\"1024\" src=\"https:\/\/playroom.tr\/wp-content\/uploads\/2024\/01\/1-5.png\" class=\"elementor-animation-grow attachment-large size-large wp-image-808\" alt=\"\" srcset=\"https:\/\/playroom.tr\/wp-content\/uploads\/2024\/01\/1-5.png 1024w, https:\/\/playroom.tr\/wp-content\/uploads\/2024\/01\/1-5-300x300.png 300w, https:\/\/playroom.tr\/wp-content\/uploads\/2024\/01\/1-5-150x150.png 150w, https:\/\/playroom.tr\/wp-content\/uploads\/2024\/01\/1-5-768x768.png 768w, https:\/\/playroom.tr\/wp-content\/uploads\/2024\/01\/1-5-12x12.png 12w, https:\/\/playroom.tr\/wp-content\/uploads\/2024\/01\/1-5-500x500.png 500w\" sizes=\"(max-width: 1024px) 100vw, 1024px\" \/>\t\t\t\t\t\t\t\t\t\t\t\t\t\t\t<\/div>\n\t\t\t\t<\/div>\n\t\t\t\t<\/div>\n\t\t<div class=\"elementor-element elementor-element-575476b e-con-full e-flex elementor-invisible e-con e-child\" data-id=\"575476b\" data-element_type=\"container\" data-settings=\"{&quot;content_width&quot;:&quot;full&quot;,&quot;jet_parallax_layout_list&quot;:[],&quot;animation&quot;:&quot;fadeInRight&quot;}\">\n\t\t\t\t<div class=\"elementor-element elementor-element-4506367 elementor-widget elementor-widget-text-editor\" data-id=\"4506367\" data-element_type=\"widget\" data-widget_type=\"text-editor.default\">\n\t\t\t\t<div class=\"elementor-widget-container\">\n\t\t\t<style>\/*! elementor - v3.18.0 - 04-12-2023 *\/\n.elementor-widget-text-editor.elementor-drop-cap-view-stacked .elementor-drop-cap{background-color:#69727d;color:#fff}.elementor-widget-text-editor.elementor-drop-cap-view-framed .elementor-drop-cap{color:#69727d;border:3px solid;background-color:transparent}.elementor-widget-text-editor:not(.elementor-drop-cap-view-default) .elementor-drop-cap{margin-top:8px}.elementor-widget-text-editor:not(.elementor-drop-cap-view-default) .elementor-drop-cap-letter{width:1em;height:1em}.elementor-widget-text-editor .elementor-drop-cap{float:left;text-align:center;line-height:1;font-size:50px}.elementor-widget-text-editor .elementor-drop-cap-letter{display:inline-block}<\/style>\t\t\t\t<p><strong>Netko Sistem: Pasif Network Sistemlerinde Kalite ve G\u00fcvenilirlik<\/strong><\/p><p>Netko Sistem Teknoloji ve Bilgi \u0130\u015flem Hizmetleri San. Tic. Ltd. \u015eti., pasif network sistemleri alan\u0131nda sundu\u011fu kaliteli ve g\u00fcvenilir \u00e7\u00f6z\u00fcmlerle sekt\u00f6rde \u00f6ne \u00e7\u0131kan bir \u015firkettir. Pasif network sistemleri, bir a\u011f\u0131n yap\u0131 ta\u015flar\u0131n\u0131 olu\u015fturan ve elektrik g\u00fcc\u00fc ta\u015f\u0131mayan bile\u015fenlerdir. Bu sistemler, kablo altyap\u0131lar\u0131, konekt\u00f6rler, patch paneller ve fiber optik da\u011f\u0131t\u0131m \u00fcniteleri gibi unsurlar\u0131 i\u00e7erir. Netko Sistem, bu alanda, m\u00fc\u015fterilerine y\u00fcksek standartlarda hizmet sunarak, verimli ve g\u00fcvenilir a\u011f altyap\u0131lar\u0131 kurmalar\u0131n\u0131 sa\u011flar.<\/p>\t\t\t\t\t\t<\/div>\n\t\t\t\t<\/div>\n\t\t\t\t<\/div>\n\t\t\t\t\t<\/div>\n\t\t\t\t<\/div>\n\t\t<div class=\"elementor-element elementor-element-1614abd e-flex e-con-boxed e-con e-parent\" data-id=\"1614abd\" data-element_type=\"container\" data-settings=\"{&quot;jet_parallax_layout_list&quot;:[],&quot;content_width&quot;:&quot;boxed&quot;}\" data-core-v316-plus=\"true\">\n\t\t\t\t\t<div class=\"e-con-inner\">\n\t\t<div class=\"elementor-element elementor-element-6c8f6d8 e-con-full e-flex elementor-invisible e-con e-child\" data-id=\"6c8f6d8\" data-element_type=\"container\" data-settings=\"{&quot;content_width&quot;:&quot;full&quot;,&quot;jet_parallax_layout_list&quot;:[],&quot;animation&quot;:&quot;fadeInLeft&quot;}\">\n\t\t\t\t<div class=\"elementor-element elementor-element-3a7da68 elementor-widget elementor-widget-text-editor\" data-id=\"3a7da68\" data-element_type=\"widget\" data-widget_type=\"text-editor.default\">\n\t\t\t\t<div class=\"elementor-widget-container\">\n\t\t\t\t\t\t\t<p>Pasif network sistemlerinin kalbi, kablolama altyap\u0131s\u0131d\u0131r. Netko Sistem, Cat5e, Cat6, Cat6A ve fiber optik kablo \u00e7\u00f6z\u00fcmleri sunarak, i\u015fletmelerin ve kurumlar\u0131n ihtiya\u00e7 duydu\u011fu h\u0131z ve bant geni\u015fli\u011fini sa\u011flar. Firman\u0131n sundu\u011fu y\u00fcksek kaliteli kablo \u00e7\u00f6z\u00fcmleri, veri iletiminde d\u00fc\u015f\u00fck gecikme s\u00fcreleri ve y\u00fcksek h\u0131zlar sunarak, a\u011f\u0131n verimlili\u011fini art\u0131r\u0131r.<\/p><p>A\u011f altyap\u0131s\u0131n\u0131n bir di\u011fer \u00f6nemli bile\u015feni olan patch paneller ve konekt\u00f6rler, Netko Sistem taraf\u0131ndan titizlikle se\u00e7ilir ve kurulur. Bu bile\u015fenler, a\u011f cihazlar\u0131n\u0131n birbirine ba\u011flanmas\u0131n\u0131 ve veri iletiminin d\u00fczenli bir \u015fekilde ger\u00e7ekle\u015fmesini sa\u011flar. Firman\u0131n sundu\u011fu \u00e7\u00f6z\u00fcmler, kolay y\u00f6netilebilirlik ve uzun \u00f6m\u00fcrl\u00fcl\u00fck a\u00e7\u0131s\u0131ndan sekt\u00f6r standartlar\u0131n\u0131 kar\u015f\u0131lar veya a\u015far.<\/p>\t\t\t\t\t\t<\/div>\n\t\t\t\t<\/div>\n\t\t\t\t<\/div>\n\t\t<div class=\"elementor-element elementor-element-88118bb e-con-full e-flex elementor-invisible e-con e-child\" data-id=\"88118bb\" data-element_type=\"container\" data-settings=\"{&quot;content_width&quot;:&quot;full&quot;,&quot;jet_parallax_layout_list&quot;:[],&quot;animation&quot;:&quot;fadeInRight&quot;}\">\n\t\t\t\t<div class=\"elementor-element elementor-element-3c74b91 elementor-widget elementor-widget-image\" data-id=\"3c74b91\" data-element_type=\"widget\" data-widget_type=\"image.default\">\n\t\t\t\t<div class=\"elementor-widget-container\">\n\t\t\t\t\t\t\t\t\t\t\t\t\t\t\t<img decoding=\"async\" width=\"1024\" height=\"1024\" src=\"https:\/\/playroom.tr\/wp-content\/uploads\/2024\/01\/2-5.png\" class=\"elementor-animation-grow attachment-large size-large wp-image-809\" alt=\"\" srcset=\"https:\/\/playroom.tr\/wp-content\/uploads\/2024\/01\/2-5.png 1024w, https:\/\/playroom.tr\/wp-content\/uploads\/2024\/01\/2-5-300x300.png 300w, https:\/\/playroom.tr\/wp-content\/uploads\/2024\/01\/2-5-150x150.png 150w, https:\/\/playroom.tr\/wp-content\/uploads\/2024\/01\/2-5-768x768.png 768w, https:\/\/playroom.tr\/wp-content\/uploads\/2024\/01\/2-5-12x12.png 12w, https:\/\/playroom.tr\/wp-content\/uploads\/2024\/01\/2-5-500x500.png 500w\" sizes=\"(max-width: 1024px) 100vw, 1024px\" \/>\t\t\t\t\t\t\t\t\t\t\t\t\t\t\t<\/div>\n\t\t\t\t<\/div>\n\t\t\t\t<\/div>\n\t\t\t\t\t<\/div>\n\t\t\t\t<\/div>\n\t\t<div class=\"elementor-element elementor-element-5340e60 e-flex e-con-boxed e-con e-parent\" data-id=\"5340e60\" data-element_type=\"container\" data-settings=\"{&quot;jet_parallax_layout_list&quot;:[],&quot;content_width&quot;:&quot;boxed&quot;}\" data-core-v316-plus=\"true\">\n\t\t\t\t\t<div class=\"e-con-inner\">\n\t\t<div class=\"elementor-element elementor-element-f95283f e-con-full e-flex elementor-invisible e-con e-child\" data-id=\"f95283f\" data-element_type=\"container\" data-settings=\"{&quot;content_width&quot;:&quot;full&quot;,&quot;jet_parallax_layout_list&quot;:[],&quot;animation&quot;:&quot;fadeInLeft&quot;}\">\n\t\t\t\t<div class=\"elementor-element elementor-element-c3e154d elementor-widget elementor-widget-image\" data-id=\"c3e154d\" data-element_type=\"widget\" data-widget_type=\"image.default\">\n\t\t\t\t<div class=\"elementor-widget-container\">\n\t\t\t\t\t\t\t\t\t\t\t\t\t\t\t<img decoding=\"async\" width=\"1024\" height=\"1024\" src=\"https:\/\/playroom.tr\/wp-content\/uploads\/2024\/01\/3-4.png\" class=\"elementor-animation-grow attachment-large size-large wp-image-810\" alt=\"\" srcset=\"https:\/\/playroom.tr\/wp-content\/uploads\/2024\/01\/3-4.png 1024w, https:\/\/playroom.tr\/wp-content\/uploads\/2024\/01\/3-4-300x300.png 300w, https:\/\/playroom.tr\/wp-content\/uploads\/2024\/01\/3-4-150x150.png 150w, https:\/\/playroom.tr\/wp-content\/uploads\/2024\/01\/3-4-768x768.png 768w, https:\/\/playroom.tr\/wp-content\/uploads\/2024\/01\/3-4-12x12.png 12w, https:\/\/playroom.tr\/wp-content\/uploads\/2024\/01\/3-4-500x500.png 500w\" sizes=\"(max-width: 1024px) 100vw, 1024px\" \/>\t\t\t\t\t\t\t\t\t\t\t\t\t\t\t<\/div>\n\t\t\t\t<\/div>\n\t\t\t\t<\/div>\n\t\t<div class=\"elementor-element elementor-element-628a08b e-con-full e-flex elementor-invisible e-con e-child\" data-id=\"628a08b\" data-element_type=\"container\" data-settings=\"{&quot;content_width&quot;:&quot;full&quot;,&quot;jet_parallax_layout_list&quot;:[],&quot;animation&quot;:&quot;fadeInRight&quot;}\">\n\t\t\t\t<div class=\"elementor-element elementor-element-ebc2589 elementor-widget elementor-widget-text-editor\" data-id=\"ebc2589\" data-element_type=\"widget\" data-widget_type=\"text-editor.default\">\n\t\t\t\t<div class=\"elementor-widget-container\">\n\t\t\t\t\t\t\t<p>Fiber optik altyap\u0131 \u00e7\u00f6z\u00fcmlerinde de \u00f6nc\u00fc olan Netko Sistem, y\u00fcksek h\u0131zl\u0131 veri iletimi gerektiren uygulamalar i\u00e7in ideal \u00e7\u00f6z\u00fcmler sunar. Fiber optik kablolar, b\u00fcy\u00fck veri transferlerini ve uzun mesafelerdeki iletimi sorunsuz bir \u015fekilde ger\u00e7ekle\u015ftirebilir. Netko Sistem&#8217;in sundu\u011fu fiber optik \u00e7\u00f6z\u00fcmler, \u00f6zellikle veri merkezleri, b\u00fcy\u00fck i\u015fletmeler ve kampus a\u011flar\u0131 i\u00e7in m\u00fckemmeldir.<\/p><p>Netko Sistem, pasif network sistemlerinin tasar\u0131m\u0131 ve kurulumunda, m\u00fc\u015fterilerinin \u00f6zel ihtiya\u00e7lar\u0131n\u0131 g\u00f6z \u00f6n\u00fcnde bulundurur. Uzman m\u00fchendis ekibi, her projeyi \u00f6zenle planlar ve en uygun \u00e7\u00f6z\u00fcmleri sunar. B\u00f6ylece, m\u00fc\u015fteriler, y\u00fcksek kaliteli ve uzun \u00f6m\u00fcrl\u00fc bir a\u011f altyap\u0131s\u0131na sahip olur.<\/p>\t\t\t\t\t\t<\/div>\n\t\t\t\t<\/div>\n\t\t\t\t<\/div>\n\t\t\t\t\t<\/div>\n\t\t\t\t<\/div>\n\t\t<div class=\"elementor-element elementor-element-5573ae5 e-flex e-con-boxed e-con e-parent\" data-id=\"5573ae5\" data-element_type=\"container\" data-settings=\"{&quot;jet_parallax_layout_list&quot;:[],&quot;content_width&quot;:&quot;boxed&quot;}\" data-core-v316-plus=\"true\">\n\t\t\t\t\t<div class=\"e-con-inner\">\n\t\t<div class=\"elementor-element elementor-element-3ea47b8 e-con-full e-flex elementor-invisible e-con e-child\" data-id=\"3ea47b8\" data-element_type=\"container\" data-settings=\"{&quot;content_width&quot;:&quot;full&quot;,&quot;jet_parallax_layout_list&quot;:[],&quot;animation&quot;:&quot;fadeInLeft&quot;}\">\n\t\t\t\t<div class=\"elementor-element elementor-element-ecab7b0 elementor-widget elementor-widget-text-editor\" data-id=\"ecab7b0\" data-element_type=\"widget\" data-widget_type=\"text-editor.default\">\n\t\t\t\t<div class=\"elementor-widget-container\">\n\t\t\t\t\t\t\t<p>Sonu\u00e7 olarak, Netko Sistem&#8217;in pasif network sistemleri alan\u0131ndaki uzmanl\u0131\u011f\u0131, kaliteli malzeme se\u00e7imi ve m\u00fc\u015fteri odakl\u0131 yakla\u015f\u0131m\u0131, T\u00fcrkiye&#8217;deki i\u015fletmelerin ve kurumlar\u0131n g\u00fcvenilir ve verimli a\u011f altyap\u0131lar\u0131na kavu\u015fmalar\u0131n\u0131 sa\u011flar. Netko Sistem, bu alanda sundu\u011fu hizmetlerle, m\u00fc\u015fterilerinin i\u015f s\u00fcre\u00e7lerini destekler ve teknolojik altyap\u0131lar\u0131n\u0131 g\u00fc\u00e7lendirir.<\/p>\t\t\t\t\t\t<\/div>\n\t\t\t\t<\/div>\n\t\t\t\t<\/div>\n\t\t<div class=\"elementor-element elementor-element-bef810d e-con-full e-flex elementor-invisible e-con e-child\" data-id=\"bef810d\" data-element_type=\"container\" data-settings=\"{&quot;content_width&quot;:&quot;full&quot;,&quot;jet_parallax_layout_list&quot;:[],&quot;animation&quot;:&quot;fadeInRight&quot;}\">\n\t\t\t\t<div class=\"elementor-element elementor-element-3a6316d elementor-widget elementor-widget-image\" data-id=\"3a6316d\" data-element_type=\"widget\" data-widget_type=\"image.default\">\n\t\t\t\t<div class=\"elementor-widget-container\">\n\t\t\t\t\t\t\t\t\t\t\t\t\t\t\t<img loading=\"lazy\" decoding=\"async\" width=\"1024\" height=\"1024\" src=\"https:\/\/playroom.tr\/wp-content\/uploads\/2024\/01\/4-3.png\" class=\"elementor-animation-grow attachment-large size-large wp-image-811\" alt=\"\" srcset=\"https:\/\/playroom.tr\/wp-content\/uploads\/2024\/01\/4-3.png 1024w, https:\/\/playroom.tr\/wp-content\/uploads\/2024\/01\/4-3-300x300.png 300w, https:\/\/playroom.tr\/wp-content\/uploads\/2024\/01\/4-3-150x150.png 150w, https:\/\/playroom.tr\/wp-content\/uploads\/2024\/01\/4-3-768x768.png 768w, https:\/\/playroom.tr\/wp-content\/uploads\/2024\/01\/4-3-12x12.png 12w, https:\/\/playroom.tr\/wp-content\/uploads\/2024\/01\/4-3-500x500.png 500w\" sizes=\"(max-width: 1024px) 100vw, 1024px\" \/>\t\t\t\t\t\t\t\t\t\t\t\t\t\t\t<\/div>\n\t\t\t\t<\/div>\n\t\t\t\t<\/div>\n\t\t\t\t\t<\/div>\n\t\t\t\t<\/div>\n\t\t<div class=\"elementor-element elementor-element-cc7ecf0 e-flex e-con-boxed e-con e-parent\" data-id=\"cc7ecf0\" data-element_type=\"container\" data-settings=\"{&quot;jet_parallax_layout_list&quot;:[],&quot;content_width&quot;:&quot;boxed&quot;}\" data-core-v316-plus=\"true\">\n\t\t\t\t\t<div class=\"e-con-inner\">\n\t\t\t\t<div class=\"elementor-element elementor-element-5c6797d elementor-align-center elementor-mobile-align-center elementor-widget elementor-widget-raven-button\" data-id=\"5c6797d\" data-element_type=\"widget\" data-settings=\"{&quot;turn_to_popup_action_button&quot;:&quot;no&quot;}\" data-widget_type=\"raven-button.default\">\n\t\t\t\t<div class=\"elementor-widget-container\">\n\t\t\t\t\t<div class=\"raven-widget-wrapper\">\n\t\t\t<a class=\"raven-button raven-button-widget-normal-effect-shine raven-button-text-align-center raven-button-link elementor-animation-grow\" href=\"https:\/\/playroom.tr\/index.php\/contact\/\">\t\t\t\t<div class=\"raven-button-overlay\" ><\/div>\n\t\t\t\t<span class=\"raven-button-content\">\n\t\t\t\t\t\n\t\t\t\t\t<div class=\"button-text-container\">\n\t\t\t\t\t\t\t\t\t\t\t\t<div class=\"raven-button-texts-wrapper\">\n\t\t\t\t\t\t\t<div class=\"button-text\">\n\t\t\t\t\t\t\t\t<span class=\"raven-button-text\">\n\t\t\t\t\t\t\t\t\tTeklif Al\t\t\t\t\t\t\t\t<\/span>\n\t\t\t\t\t\t\t<\/div>\n\t\t\t\t\t\t\t\t\t\t\t\t\t<\/div>\n\t\t\t\t\t\t\t\t\t\t\t<\/div>\n\t\t\t\t\t\n\t\t\t\t\t\t\t\t\t<\/span>\n\t\t\t<\/a>\t\t<\/div>\n\t\t\t\t<\/div>\n\t\t\t\t<\/div>\n\t\t\t\t\t<\/div>\n\t\t\t\t<\/div>\n\t\t\t\t\t\t\t<\/div>","protected":false},"excerpt":{"rendered":"<p>Pasif Network Sistemleri Netko Sistem: Pasif Network Sistemlerinde Kalite ve G\u00fcvenilirlik Netko Sistem Teknoloji ve Bilgi \u0130\u015flem Hizmetleri San. Tic. Ltd. \u015eti., pasif network sistemleri alan\u0131nda sundu\u011fu kaliteli ve g\u00fcvenilir \u00e7\u00f6z\u00fcmlerle sekt\u00f6rde \u00f6ne \u00e7\u0131kan bir \u015firkettir. Pasif network sistemleri, bir a\u011f\u0131n yap\u0131 ta\u015flar\u0131n\u0131 olu\u015fturan ve elektrik g\u00fcc\u00fc ta\u015f\u0131mayan bile\u015fenlerdir. Bu sistemler, kablo altyap\u0131lar\u0131, konekt\u00f6rler, patch [&hellip;]<\/p>","protected":false},"author":1,"featured_media":0,"parent":0,"menu_order":0,"comment_status":"closed","ping_status":"closed","template":"elementor_header_footer","meta":{"footnotes":""},"class_list":["post-802","page","type-page","status-publish","hentry"],"acf":[],"yoast_head":"<!-- This site is optimized with the Yoast SEO Premium plugin v21.8 (Yoast SEO v21.8) - https:\/\/yoast.com\/wordpress\/plugins\/seo\/ -->\n<title>Pasif Network Sistemleri - Netko Sistem Teknoloji<\/title>\n<meta name=\"robots\" content=\"index, follow, max-snippet:-1, max-image-preview:large, max-video-preview:-1\" \/>\n<link rel=\"canonical\" href=\"https:\/\/playroom.tr\/en\/pasif-network-sistemleri\/\" \/>\n<meta property=\"og:locale\" content=\"en_US\" \/>\n<meta property=\"og:type\" content=\"article\" \/>\n<meta property=\"og:title\" content=\"Pasif Network Sistemleri\" \/>\n<meta property=\"og:description\" content=\"Pasif Network Sistemleri Netko Sistem: Pasif Network Sistemlerinde Kalite ve G\u00fcvenilirlik Netko Sistem Teknoloji ve Bilgi \u0130\u015flem Hizmetleri San. Tic. Ltd. \u015eti., pasif network sistemleri alan\u0131nda sundu\u011fu kaliteli ve g\u00fcvenilir \u00e7\u00f6z\u00fcmlerle sekt\u00f6rde \u00f6ne \u00e7\u0131kan bir \u015firkettir. Pasif network sistemleri, bir a\u011f\u0131n yap\u0131 ta\u015flar\u0131n\u0131 olu\u015fturan ve elektrik g\u00fcc\u00fc ta\u015f\u0131mayan bile\u015fenlerdir. Bu sistemler, kablo altyap\u0131lar\u0131, konekt\u00f6rler, patch [&hellip;]\" \/>\n<meta property=\"og:url\" content=\"https:\/\/playroom.tr\/en\/pasif-network-sistemleri\/\" \/>\n<meta property=\"og:site_name\" content=\"Netko Sistem Teknoloji\" \/>\n<meta property=\"article:modified_time\" content=\"2024-01-13T00:15:58+00:00\" \/>\n<meta property=\"og:image\" content=\"https:\/\/playroom.tr\/wp-content\/uploads\/2024\/01\/1-5.png\" \/>\n<meta name=\"twitter:card\" content=\"summary_large_image\" \/>\n<script type=\"application\/ld+json\" class=\"yoast-schema-graph\">{\"@context\":\"https:\/\/schema.org\",\"@graph\":[{\"@type\":\"WebPage\",\"@id\":\"https:\/\/playroom.tr\/pasif-network-sistemleri\/\",\"url\":\"https:\/\/playroom.tr\/pasif-network-sistemleri\/\",\"name\":\"Pasif Network Sistemleri - Netko Sistem Teknoloji\",\"isPartOf\":{\"@id\":\"https:\/\/playroom.tr\/#website\"},\"datePublished\":\"2024-01-13T00:12:27+00:00\",\"dateModified\":\"2024-01-13T00:15:58+00:00\",\"breadcrumb\":{\"@id\":\"https:\/\/playroom.tr\/pasif-network-sistemleri\/#breadcrumb\"},\"inLanguage\":\"en-US\",\"potentialAction\":[{\"@type\":\"ReadAction\",\"target\":[\"https:\/\/playroom.tr\/pasif-network-sistemleri\/\"]}]},{\"@type\":\"BreadcrumbList\",\"@id\":\"https:\/\/playroom.tr\/pasif-network-sistemleri\/#breadcrumb\",\"itemListElement\":[{\"@type\":\"ListItem\",\"position\":1,\"name\":\"Anasayfa\",\"item\":\"https:\/\/playroom.tr\/\"},{\"@type\":\"ListItem\",\"position\":2,\"name\":\"Pasif Network Sistemleri\"}]},{\"@type\":\"WebSite\",\"@id\":\"https:\/\/playroom.tr\/#website\",\"url\":\"https:\/\/playroom.tr\/\",\"name\":\"Netko Sistem Teknoloji\",\"description\":\"Netko Sistem Teknoloji\",\"potentialAction\":[{\"@type\":\"SearchAction\",\"target\":{\"@type\":\"EntryPoint\",\"urlTemplate\":\"https:\/\/playroom.tr\/?s={search_term_string}\"},\"query-input\":\"required name=search_term_string\"}],\"inLanguage\":\"en-US\"}]}<\/script>\n<!-- \/ Yoast SEO Premium plugin. -->","yoast_head_json":{"title":"Pasif Network Sistemleri - Netko Sistem Teknoloji","robots":{"index":"index","follow":"follow","max-snippet":"max-snippet:-1","max-image-preview":"max-image-preview:large","max-video-preview":"max-video-preview:-1"},"canonical":"https:\/\/playroom.tr\/en\/pasif-network-sistemleri\/","og_locale":"en_US","og_type":"article","og_title":"Pasif Network Sistemleri","og_description":"Pasif Network Sistemleri Netko Sistem: Pasif Network Sistemlerinde Kalite ve G\u00fcvenilirlik Netko Sistem Teknoloji ve Bilgi \u0130\u015flem Hizmetleri San. Tic. Ltd. \u015eti., pasif network sistemleri alan\u0131nda sundu\u011fu kaliteli ve g\u00fcvenilir \u00e7\u00f6z\u00fcmlerle sekt\u00f6rde \u00f6ne \u00e7\u0131kan bir \u015firkettir. Pasif network sistemleri, bir a\u011f\u0131n yap\u0131 ta\u015flar\u0131n\u0131 olu\u015fturan ve elektrik g\u00fcc\u00fc ta\u015f\u0131mayan bile\u015fenlerdir. Bu sistemler, kablo altyap\u0131lar\u0131, konekt\u00f6rler, patch [&hellip;]","og_url":"https:\/\/playroom.tr\/en\/pasif-network-sistemleri\/","og_site_name":"Netko Sistem Teknoloji","article_modified_time":"2024-01-13T00:15:58+00:00","og_image":[{"url":"https:\/\/playroom.tr\/wp-content\/uploads\/2024\/01\/1-5.png"}],"twitter_card":"summary_large_image","schema":{"@context":"https:\/\/schema.org","@graph":[{"@type":"WebPage","@id":"https:\/\/playroom.tr\/pasif-network-sistemleri\/","url":"https:\/\/playroom.tr\/pasif-network-sistemleri\/","name":"Pasif Network Sistemleri - Netko Sistem Teknoloji","isPartOf":{"@id":"https:\/\/playroom.tr\/#website"},"datePublished":"2024-01-13T00:12:27+00:00","dateModified":"2024-01-13T00:15:58+00:00","breadcrumb":{"@id":"https:\/\/playroom.tr\/pasif-network-sistemleri\/#breadcrumb"},"inLanguage":"en-US","potentialAction":[{"@type":"ReadAction","target":["https:\/\/playroom.tr\/pasif-network-sistemleri\/"]}]},{"@type":"BreadcrumbList","@id":"https:\/\/playroom.tr\/pasif-network-sistemleri\/#breadcrumb","itemListElement":[{"@type":"ListItem","position":1,"name":"Anasayfa","item":"https:\/\/playroom.tr\/"},{"@type":"ListItem","position":2,"name":"Pasif Network Sistemleri"}]},{"@type":"WebSite","@id":"https:\/\/playroom.tr\/#website","url":"https:\/\/playroom.tr\/","name":"Netko Sistem Teknoloji","description":"Netko Sistem Teknoloji","potentialAction":[{"@type":"SearchAction","target":{"@type":"EntryPoint","urlTemplate":"https:\/\/playroom.tr\/?s={search_term_string}"},"query-input":"required name=search_term_string"}],"inLanguage":"en-US"}]}},"_links":{"self":[{"href":"https:\/\/playroom.tr\/en\/wp-json\/wp\/v2\/pages\/802","targetHints":{"allow":["GET"]}}],"collection":[{"href":"https:\/\/playroom.tr\/en\/wp-json\/wp\/v2\/pages"}],"about":[{"href":"https:\/\/playroom.tr\/en\/wp-json\/wp\/v2\/types\/page"}],"author":[{"embeddable":true,"href":"https:\/\/playroom.tr\/en\/wp-json\/wp\/v2\/users\/1"}],"replies":[{"embeddable":true,"href":"https:\/\/playroom.tr\/en\/wp-json\/wp\/v2\/comments?post=802"}],"version-history":[{"count":4,"href":"https:\/\/playroom.tr\/en\/wp-json\/wp\/v2\/pages\/802\/revisions"}],"predecessor-version":[{"id":814,"href":"https:\/\/playroom.tr\/en\/wp-json\/wp\/v2\/pages\/802\/revisions\/814"}],"wp:attachment":[{"href":"https:\/\/playroom.tr\/en\/wp-json\/wp\/v2\/media?parent=802"}],"curies":[{"name":"wp","href":"https:\/\/api.w.org\/{rel}","templated":true}]}}