{"id":944,"date":"2024-01-14T23:56:23","date_gmt":"2024-01-14T20:56:23","guid":{"rendered":"https:\/\/playroom.tr\/?page_id=944"},"modified":"2024-01-15T00:00:02","modified_gmt":"2024-01-14T21:00:02","slug":"analog-telefon-santralleri","status":"publish","type":"page","link":"https:\/\/playroom.tr\/en\/analog-telefon-santralleri\/","title":{"rendered":"Analog Telefon Santralleri"},"content":{"rendered":"<div data-elementor-type=\"wp-page\" data-elementor-id=\"944\" class=\"elementor elementor-944\" data-elementor-post-type=\"page\">\n\t\t\t\t\t\t\t<div class=\"elementor-element elementor-element-b64f9e1 e-flex e-con-boxed elementor-invisible e-con e-parent\" data-id=\"b64f9e1\" data-element_type=\"container\" data-settings=\"{&quot;jet_parallax_layout_list&quot;:[],&quot;animation&quot;:&quot;fadeInUp&quot;,&quot;content_width&quot;:&quot;boxed&quot;}\" data-core-v316-plus=\"true\">\n\t\t\t\t\t<div class=\"e-con-inner\">\n\t\t\t\t<div class=\"elementor-element elementor-element-7abe956 elementor-widget elementor-widget-heading\" data-id=\"7abe956\" data-element_type=\"widget\" data-widget_type=\"heading.default\">\n\t\t\t\t<div class=\"elementor-widget-container\">\n\t\t\t<style>\/*! elementor - v3.18.0 - 04-12-2023 *\/\n.elementor-heading-title{padding:0;margin:0;line-height:1}.elementor-widget-heading .elementor-heading-title[class*=elementor-size-]>a{color:inherit;font-size:inherit;line-height:inherit}.elementor-widget-heading .elementor-heading-title.elementor-size-small{font-size:15px}.elementor-widget-heading .elementor-heading-title.elementor-size-medium{font-size:19px}.elementor-widget-heading .elementor-heading-title.elementor-size-large{font-size:29px}.elementor-widget-heading .elementor-heading-title.elementor-size-xl{font-size:39px}.elementor-widget-heading .elementor-heading-title.elementor-size-xxl{font-size:59px}<\/style><h2 class=\"elementor-heading-title elementor-size-default\">Analog Telefon Santralleri<\/h2>\t\t<\/div>\n\t\t\t\t<\/div>\n\t\t\t\t\t<\/div>\n\t\t\t\t<\/div>\n\t\t<div class=\"elementor-element elementor-element-fc457f2 e-flex e-con-boxed e-con e-parent\" data-id=\"fc457f2\" data-element_type=\"container\" data-settings=\"{&quot;jet_parallax_layout_list&quot;:[],&quot;content_width&quot;:&quot;boxed&quot;}\" data-core-v316-plus=\"true\">\n\t\t\t\t\t<div class=\"e-con-inner\">\n\t\t<div class=\"elementor-element elementor-element-2466e4b e-con-full e-flex elementor-invisible e-con e-child\" data-id=\"2466e4b\" data-element_type=\"container\" data-settings=\"{&quot;content_width&quot;:&quot;full&quot;,&quot;jet_parallax_layout_list&quot;:[],&quot;animation&quot;:&quot;fadeInLeft&quot;}\">\n\t\t\t\t<div class=\"elementor-element elementor-element-d037a8d elementor-widget elementor-widget-image\" data-id=\"d037a8d\" data-element_type=\"widget\" data-widget_type=\"image.default\">\n\t\t\t\t<div class=\"elementor-widget-container\">\n\t\t\t<style>\/*! elementor - v3.18.0 - 04-12-2023 *\/\n.elementor-widget-image{text-align:center}.elementor-widget-image a{display:inline-block}.elementor-widget-image a img[src$=\".svg\"]{width:48px}.elementor-widget-image img{vertical-align:middle;display:inline-block}<\/style>\t\t\t\t\t\t\t\t\t\t\t\t<img fetchpriority=\"high\" decoding=\"async\" width=\"1024\" height=\"1024\" src=\"https:\/\/playroom.tr\/wp-content\/uploads\/2024\/01\/1-16.png\" class=\"elementor-animation-grow attachment-large size-large wp-image-953\" alt=\"\" srcset=\"https:\/\/playroom.tr\/wp-content\/uploads\/2024\/01\/1-16.png 1024w, https:\/\/playroom.tr\/wp-content\/uploads\/2024\/01\/1-16-300x300.png 300w, https:\/\/playroom.tr\/wp-content\/uploads\/2024\/01\/1-16-150x150.png 150w, https:\/\/playroom.tr\/wp-content\/uploads\/2024\/01\/1-16-768x768.png 768w, https:\/\/playroom.tr\/wp-content\/uploads\/2024\/01\/1-16-12x12.png 12w, https:\/\/playroom.tr\/wp-content\/uploads\/2024\/01\/1-16-500x500.png 500w\" sizes=\"(max-width: 1024px) 100vw, 1024px\" \/>\t\t\t\t\t\t\t\t\t\t\t\t\t\t\t<\/div>\n\t\t\t\t<\/div>\n\t\t\t\t<\/div>\n\t\t<div class=\"elementor-element elementor-element-0c69588 e-con-full e-flex elementor-invisible e-con e-child\" data-id=\"0c69588\" data-element_type=\"container\" data-settings=\"{&quot;content_width&quot;:&quot;full&quot;,&quot;jet_parallax_layout_list&quot;:[],&quot;animation&quot;:&quot;fadeInRight&quot;}\">\n\t\t\t\t<div class=\"elementor-element elementor-element-98db73b elementor-widget elementor-widget-text-editor\" data-id=\"98db73b\" data-element_type=\"widget\" data-widget_type=\"text-editor.default\">\n\t\t\t\t<div class=\"elementor-widget-container\">\n\t\t\t<style>\/*! elementor - v3.18.0 - 04-12-2023 *\/\n.elementor-widget-text-editor.elementor-drop-cap-view-stacked .elementor-drop-cap{background-color:#69727d;color:#fff}.elementor-widget-text-editor.elementor-drop-cap-view-framed .elementor-drop-cap{color:#69727d;border:3px solid;background-color:transparent}.elementor-widget-text-editor:not(.elementor-drop-cap-view-default) .elementor-drop-cap{margin-top:8px}.elementor-widget-text-editor:not(.elementor-drop-cap-view-default) .elementor-drop-cap-letter{width:1em;height:1em}.elementor-widget-text-editor .elementor-drop-cap{float:left;text-align:center;line-height:1;font-size:50px}.elementor-widget-text-editor .elementor-drop-cap-letter{display:inline-block}<\/style>\t\t\t\t<p><strong>Netko Sistem: Analog Telefon Santrallerinde G\u00fcvenilir ve Geleneksel \u0130leti\u015fim \u00c7\u00f6z\u00fcmleri<\/strong><\/p><p>Netko Sistem Teknoloji ve Bilgi \u0130\u015flem Hizmetleri San. Tic. Ltd. \u015eti., analog telefon santralleri konusunda m\u00fc\u015fterilerine g\u00fcvenilir ve geleneksel ileti\u015fim \u00e7\u00f6z\u00fcmleri sunmaktad\u0131r. Analog telefon santralleri, i\u015fletmelerin ve kurumlar\u0131n temel ileti\u015fim ihtiya\u00e7lar\u0131n\u0131 kar\u015f\u0131layan klasik bir \u00e7\u00f6z\u00fcm olarak hala geni\u015f bir kullan\u0131m alan\u0131na sahiptir. Netko Sistem, bu alandaki uzmanl\u0131\u011f\u0131 ile m\u00fc\u015fterilerine kaliteli ve kesintisiz bir telefon hizmeti sa\u011flar.<\/p><p>Analog telefon santralleri, ses sinyallerini analog sinyaller olarak ileten ve telefon hatlar\u0131 \u00fczerinden \u00e7al\u0131\u015fan sistemlerdir. Bu sistemler, basitli\u011fi ve g\u00fcvenilirli\u011fi ile bilinir ve \u00f6zellikle k\u00fc\u00e7\u00fck ve orta \u00f6l\u00e7ekli i\u015fletmeler i\u00e7in uygun bir \u00e7\u00f6z\u00fcm sunar. Netko Sistem, analog santrallerin kurulumu, bak\u0131m\u0131 ve onar\u0131m\u0131 konusunda tam hizmet sa\u011flayarak, i\u015fletmelerin ileti\u015fim altyap\u0131lar\u0131n\u0131n s\u00fcrekli \u00e7al\u0131\u015f\u0131r durumda olmas\u0131n\u0131 garanti eder.<\/p>\t\t\t\t\t\t<\/div>\n\t\t\t\t<\/div>\n\t\t\t\t<\/div>\n\t\t\t\t\t<\/div>\n\t\t\t\t<\/div>\n\t\t<div class=\"elementor-element elementor-element-b0a848f e-flex e-con-boxed e-con e-parent\" data-id=\"b0a848f\" data-element_type=\"container\" data-settings=\"{&quot;jet_parallax_layout_list&quot;:[],&quot;content_width&quot;:&quot;boxed&quot;}\" data-core-v316-plus=\"true\">\n\t\t\t\t\t<div class=\"e-con-inner\">\n\t\t<div class=\"elementor-element elementor-element-5bde864 e-con-full e-flex elementor-invisible e-con e-child\" data-id=\"5bde864\" data-element_type=\"container\" data-settings=\"{&quot;content_width&quot;:&quot;full&quot;,&quot;jet_parallax_layout_list&quot;:[],&quot;animation&quot;:&quot;fadeInLeft&quot;}\">\n\t\t\t\t<div class=\"elementor-element elementor-element-2668f4f elementor-widget elementor-widget-text-editor\" data-id=\"2668f4f\" data-element_type=\"widget\" data-widget_type=\"text-editor.default\">\n\t\t\t\t<div class=\"elementor-widget-container\">\n\t\t\t\t\t\t\t<p>Netko Sistem&#8217;in sundu\u011fu analog telefon santralleri, kullan\u0131c\u0131 dostu \u00f6zellikleri ile \u00f6n plana \u00e7\u0131kar. Bu santraller, kolay kullan\u0131labilir aray\u00fczler ve temel \u00e7a\u011fr\u0131 y\u00f6netimi \u00f6zellikleri ile i\u015fletmelerin telefon trafi\u011fini etkili bir \u015fekilde y\u00f6netmelerini sa\u011flar. Ayr\u0131ca, uzun \u00f6m\u00fcrl\u00fc ve dayan\u0131kl\u0131 olmalar\u0131 nedeniyle, d\u00fc\u015f\u00fck bak\u0131m maliyetleri ve y\u00fcksek g\u00fcvenilirlik sunarlar.<\/p><p>G\u00fcvenlik ve gizlilik, Netko Sistem&#8217;in analog telefon santralleri \u00e7\u00f6z\u00fcmlerinde \u00f6nemli bir odakt\u0131r. \u015eirket, m\u00fc\u015fterilerinin \u00f6zel bilgilerinin g\u00fcvenli\u011fini sa\u011flamak i\u00e7in gerekli t\u00fcm g\u00fcvenlik protokollerini uygular. Bu, i\u015fletmelerin ve kullan\u0131c\u0131lar\u0131n g\u00fcven i\u00e7inde ileti\u015fim kurmalar\u0131n\u0131 sa\u011flar.<\/p>\t\t\t\t\t\t<\/div>\n\t\t\t\t<\/div>\n\t\t\t\t<\/div>\n\t\t<div class=\"elementor-element elementor-element-edec083 e-con-full e-flex elementor-invisible e-con e-child\" data-id=\"edec083\" data-element_type=\"container\" data-settings=\"{&quot;content_width&quot;:&quot;full&quot;,&quot;jet_parallax_layout_list&quot;:[],&quot;animation&quot;:&quot;fadeInRight&quot;}\">\n\t\t\t\t<div class=\"elementor-element elementor-element-4522e39 elementor-widget elementor-widget-image\" data-id=\"4522e39\" data-element_type=\"widget\" data-widget_type=\"image.default\">\n\t\t\t\t<div class=\"elementor-widget-container\">\n\t\t\t\t\t\t\t\t\t\t\t\t\t\t\t<img decoding=\"async\" width=\"1024\" height=\"1024\" src=\"https:\/\/playroom.tr\/wp-content\/uploads\/2024\/01\/2-16.png\" class=\"elementor-animation-grow attachment-large size-large wp-image-954\" alt=\"\" srcset=\"https:\/\/playroom.tr\/wp-content\/uploads\/2024\/01\/2-16.png 1024w, https:\/\/playroom.tr\/wp-content\/uploads\/2024\/01\/2-16-300x300.png 300w, https:\/\/playroom.tr\/wp-content\/uploads\/2024\/01\/2-16-150x150.png 150w, https:\/\/playroom.tr\/wp-content\/uploads\/2024\/01\/2-16-768x768.png 768w, https:\/\/playroom.tr\/wp-content\/uploads\/2024\/01\/2-16-12x12.png 12w, https:\/\/playroom.tr\/wp-content\/uploads\/2024\/01\/2-16-500x500.png 500w\" sizes=\"(max-width: 1024px) 100vw, 1024px\" \/>\t\t\t\t\t\t\t\t\t\t\t\t\t\t\t<\/div>\n\t\t\t\t<\/div>\n\t\t\t\t<\/div>\n\t\t\t\t\t<\/div>\n\t\t\t\t<\/div>\n\t\t<div class=\"elementor-element elementor-element-841ccbb e-flex e-con-boxed e-con e-parent\" data-id=\"841ccbb\" data-element_type=\"container\" data-settings=\"{&quot;jet_parallax_layout_list&quot;:[],&quot;content_width&quot;:&quot;boxed&quot;}\" data-core-v316-plus=\"true\">\n\t\t\t\t\t<div class=\"e-con-inner\">\n\t\t<div class=\"elementor-element elementor-element-0dfbfc7 e-con-full e-flex elementor-invisible e-con e-child\" data-id=\"0dfbfc7\" data-element_type=\"container\" data-settings=\"{&quot;content_width&quot;:&quot;full&quot;,&quot;jet_parallax_layout_list&quot;:[],&quot;animation&quot;:&quot;fadeInLeft&quot;}\">\n\t\t\t\t<div class=\"elementor-element elementor-element-e4c4cc3 elementor-widget elementor-widget-image\" data-id=\"e4c4cc3\" data-element_type=\"widget\" data-widget_type=\"image.default\">\n\t\t\t\t<div class=\"elementor-widget-container\">\n\t\t\t\t\t\t\t\t\t\t\t\t\t\t\t<img decoding=\"async\" width=\"1024\" height=\"1024\" src=\"https:\/\/playroom.tr\/wp-content\/uploads\/2024\/01\/3-14.png\" class=\"elementor-animation-grow attachment-large size-large wp-image-955\" alt=\"\" srcset=\"https:\/\/playroom.tr\/wp-content\/uploads\/2024\/01\/3-14.png 1024w, https:\/\/playroom.tr\/wp-content\/uploads\/2024\/01\/3-14-300x300.png 300w, https:\/\/playroom.tr\/wp-content\/uploads\/2024\/01\/3-14-150x150.png 150w, https:\/\/playroom.tr\/wp-content\/uploads\/2024\/01\/3-14-768x768.png 768w, https:\/\/playroom.tr\/wp-content\/uploads\/2024\/01\/3-14-12x12.png 12w, https:\/\/playroom.tr\/wp-content\/uploads\/2024\/01\/3-14-500x500.png 500w\" sizes=\"(max-width: 1024px) 100vw, 1024px\" \/>\t\t\t\t\t\t\t\t\t\t\t\t\t\t\t<\/div>\n\t\t\t\t<\/div>\n\t\t\t\t<\/div>\n\t\t<div class=\"elementor-element elementor-element-0ec0a3e e-con-full e-flex elementor-invisible e-con e-child\" data-id=\"0ec0a3e\" data-element_type=\"container\" data-settings=\"{&quot;content_width&quot;:&quot;full&quot;,&quot;jet_parallax_layout_list&quot;:[],&quot;animation&quot;:&quot;fadeInRight&quot;}\">\n\t\t\t\t<div class=\"elementor-element elementor-element-0beb2ce elementor-widget elementor-widget-text-editor\" data-id=\"0beb2ce\" data-element_type=\"widget\" data-widget_type=\"text-editor.default\">\n\t\t\t\t<div class=\"elementor-widget-container\">\n\t\t\t\t\t\t\t<div class=\"min-h-[20px] text-message flex flex-col items-start gap-3 whitespace-pre-wrap break-words [.text-message+&amp;]:mt-5 overflow-x-auto\" data-message-author-role=\"assistant\" data-message-id=\"e94f459b-e12e-48be-8d64-c7550e184f1a\"><div class=\"markdown prose w-full break-words dark:prose-invert light\"><p>Netko Sistem, analog telefon santrallerinin yan\u0131 s\u0131ra, m\u00fc\u015fterilerine gelece\u011fe y\u00f6nelik \u00e7\u00f6z\u00fcmler sunmak amac\u0131yla dijital ve IP tabanl\u0131 telefon sistemleri hakk\u0131nda da dan\u0131\u015fmanl\u0131k hizmetleri sa\u011flar. Bu, m\u00fc\u015fterilerin mevcut ve gelecekteki ileti\u015fim ihtiya\u00e7lar\u0131na uygun en uygun \u00e7\u00f6z\u00fcm\u00fc bulmalar\u0131na yard\u0131mc\u0131 olur.<\/p><p>Sonu\u00e7 olarak, Netko Sistem&#8217;in analog telefon santralleri \u00e7\u00f6z\u00fcmleri, geleneksel ve g\u00fcvenilir ileti\u015fim se\u00e7enekleri arayan i\u015fletmeler i\u00e7in idealdir. Bu sistemler, basitlik ve g\u00fcvenilirlikleri ile bilinirken, Netko Sistem m\u00fc\u015fterilere bu sistemlerin kurulumu, bak\u0131m\u0131 ve gerekti\u011finde modernizasyonu konusunda uzmanl\u0131k sunar. \u0130\u015fletmeler, Netko Sistem&#8217;in sa\u011flad\u0131\u011f\u0131 analog telefon santralleri ile etkili ileti\u015fim kurabilir, i\u015f s\u00fcre\u00e7lerini sorunsuz bir \u015fekilde y\u00fcr\u00fctebilir ve m\u00fc\u015fterileriyle kesintisiz ileti\u015fim sa\u011flayabilirler.<\/p><\/div><\/div>\t\t\t\t\t\t<\/div>\n\t\t\t\t<\/div>\n\t\t\t\t<\/div>\n\t\t\t\t\t<\/div>\n\t\t\t\t<\/div>\n\t\t<div class=\"elementor-element elementor-element-1010097 e-flex e-con-boxed e-con e-parent\" data-id=\"1010097\" data-element_type=\"container\" data-settings=\"{&quot;jet_parallax_layout_list&quot;:[],&quot;content_width&quot;:&quot;boxed&quot;}\" data-core-v316-plus=\"true\">\n\t\t\t\t\t<div class=\"e-con-inner\">\n\t\t<div class=\"elementor-element elementor-element-f80b2bd e-con-full e-flex elementor-invisible e-con e-child\" data-id=\"f80b2bd\" data-element_type=\"container\" data-settings=\"{&quot;content_width&quot;:&quot;full&quot;,&quot;jet_parallax_layout_list&quot;:[],&quot;animation&quot;:&quot;fadeInLeft&quot;}\">\n\t\t\t\t<div class=\"elementor-element elementor-element-a884006 elementor-widget elementor-widget-text-editor\" data-id=\"a884006\" data-element_type=\"widget\" data-widget_type=\"text-editor.default\">\n\t\t\t\t<div class=\"elementor-widget-container\">\n\t\t\t\t\t\t\t<p>Netko Sistem, analog telefon santrallerinin yan\u0131 s\u0131ra, i\u015fletmelerin dijital d\u00f6n\u00fc\u015f\u00fcm yolculuklar\u0131nda da onlara rehberlik ederek, daha geli\u015fmi\u015f ve kapsaml\u0131 ileti\u015fim \u00e7\u00f6z\u00fcmleri sunma konusunda destek sa\u011flar. Bu yakla\u015f\u0131m, i\u015fletmelerin hem mevcut ihtiya\u00e7lar\u0131n\u0131 kar\u015f\u0131lamas\u0131na hem de gelece\u011fe y\u00f6nelik altyap\u0131lar\u0131n\u0131 g\u00fc\u00e7lendirmesine olanak tan\u0131r.<\/p>\t\t\t\t\t\t<\/div>\n\t\t\t\t<\/div>\n\t\t\t\t<\/div>\n\t\t<div class=\"elementor-element elementor-element-c0465ae e-con-full e-flex elementor-invisible e-con e-child\" data-id=\"c0465ae\" data-element_type=\"container\" data-settings=\"{&quot;content_width&quot;:&quot;full&quot;,&quot;jet_parallax_layout_list&quot;:[],&quot;animation&quot;:&quot;fadeInRight&quot;}\">\n\t\t\t\t<div class=\"elementor-element elementor-element-61da1c7 elementor-widget elementor-widget-image\" data-id=\"61da1c7\" data-element_type=\"widget\" data-widget_type=\"image.default\">\n\t\t\t\t<div class=\"elementor-widget-container\">\n\t\t\t\t\t\t\t\t\t\t\t\t\t\t\t<img loading=\"lazy\" decoding=\"async\" width=\"1024\" height=\"1024\" src=\"https:\/\/playroom.tr\/wp-content\/uploads\/2024\/01\/4-13.png\" class=\"elementor-animation-grow attachment-large size-large wp-image-956\" alt=\"\" srcset=\"https:\/\/playroom.tr\/wp-content\/uploads\/2024\/01\/4-13.png 1024w, https:\/\/playroom.tr\/wp-content\/uploads\/2024\/01\/4-13-300x300.png 300w, https:\/\/playroom.tr\/wp-content\/uploads\/2024\/01\/4-13-150x150.png 150w, https:\/\/playroom.tr\/wp-content\/uploads\/2024\/01\/4-13-768x768.png 768w, https:\/\/playroom.tr\/wp-content\/uploads\/2024\/01\/4-13-12x12.png 12w, https:\/\/playroom.tr\/wp-content\/uploads\/2024\/01\/4-13-500x500.png 500w\" sizes=\"(max-width: 1024px) 100vw, 1024px\" \/>\t\t\t\t\t\t\t\t\t\t\t\t\t\t\t<\/div>\n\t\t\t\t<\/div>\n\t\t\t\t<\/div>\n\t\t\t\t\t<\/div>\n\t\t\t\t<\/div>\n\t\t<div class=\"elementor-element elementor-element-0da0734 e-flex e-con-boxed e-con e-parent\" data-id=\"0da0734\" data-element_type=\"container\" data-settings=\"{&quot;jet_parallax_layout_list&quot;:[],&quot;content_width&quot;:&quot;boxed&quot;}\" data-core-v316-plus=\"true\">\n\t\t\t\t\t<div class=\"e-con-inner\">\n\t\t\t\t<div class=\"elementor-element elementor-element-42d5beb elementor-align-center elementor-mobile-align-center elementor-widget elementor-widget-raven-button\" data-id=\"42d5beb\" data-element_type=\"widget\" data-settings=\"{&quot;turn_to_popup_action_button&quot;:&quot;no&quot;}\" data-widget_type=\"raven-button.default\">\n\t\t\t\t<div class=\"elementor-widget-container\">\n\t\t\t\t\t<div class=\"raven-widget-wrapper\">\n\t\t\t<a class=\"raven-button raven-button-widget-normal-effect-shine raven-button-text-align-center raven-button-link elementor-animation-grow\" href=\"https:\/\/playroom.tr\/index.php\/contact\/\">\t\t\t\t<div class=\"raven-button-overlay\" ><\/div>\n\t\t\t\t<span class=\"raven-button-content\">\n\t\t\t\t\t\n\t\t\t\t\t<div class=\"button-text-container\">\n\t\t\t\t\t\t\t\t\t\t\t\t<div class=\"raven-button-texts-wrapper\">\n\t\t\t\t\t\t\t<div class=\"button-text\">\n\t\t\t\t\t\t\t\t<span class=\"raven-button-text\">\n\t\t\t\t\t\t\t\t\tTeklif Al\t\t\t\t\t\t\t\t<\/span>\n\t\t\t\t\t\t\t<\/div>\n\t\t\t\t\t\t\t\t\t\t\t\t\t<\/div>\n\t\t\t\t\t\t\t\t\t\t\t<\/div>\n\t\t\t\t\t\n\t\t\t\t\t\t\t\t\t<\/span>\n\t\t\t<\/a>\t\t<\/div>\n\t\t\t\t<\/div>\n\t\t\t\t<\/div>\n\t\t\t\t\t<\/div>\n\t\t\t\t<\/div>\n\t\t\t\t\t\t\t<\/div>","protected":false},"excerpt":{"rendered":"<p>Analog Telefon Santralleri Netko Sistem: Analog Telefon Santrallerinde G\u00fcvenilir ve Geleneksel \u0130leti\u015fim \u00c7\u00f6z\u00fcmleri Netko Sistem Teknoloji ve Bilgi \u0130\u015flem Hizmetleri San. Tic. Ltd. \u015eti., analog telefon santralleri konusunda m\u00fc\u015fterilerine g\u00fcvenilir ve geleneksel ileti\u015fim \u00e7\u00f6z\u00fcmleri sunmaktad\u0131r. Analog telefon santralleri, i\u015fletmelerin ve kurumlar\u0131n temel ileti\u015fim ihtiya\u00e7lar\u0131n\u0131 kar\u015f\u0131layan klasik bir \u00e7\u00f6z\u00fcm olarak hala geni\u015f bir kullan\u0131m alan\u0131na sahiptir. [&hellip;]<\/p>","protected":false},"author":1,"featured_media":0,"parent":0,"menu_order":0,"comment_status":"closed","ping_status":"closed","template":"elementor_header_footer","meta":{"footnotes":""},"class_list":["post-944","page","type-page","status-publish","hentry"],"acf":[],"yoast_head":"<!-- This site is optimized with the Yoast SEO Premium plugin v21.8 (Yoast SEO v21.8) - https:\/\/yoast.com\/wordpress\/plugins\/seo\/ -->\n<title>Analog Telefon Santralleri - Netko Sistem Teknoloji<\/title>\n<meta name=\"robots\" content=\"index, follow, max-snippet:-1, max-image-preview:large, max-video-preview:-1\" \/>\n<link rel=\"canonical\" href=\"https:\/\/playroom.tr\/en\/analog-telefon-santralleri\/\" \/>\n<meta property=\"og:locale\" content=\"en_US\" \/>\n<meta property=\"og:type\" content=\"article\" \/>\n<meta property=\"og:title\" content=\"Analog Telefon Santralleri\" \/>\n<meta property=\"og:description\" content=\"Analog Telefon Santralleri Netko Sistem: Analog Telefon Santrallerinde G\u00fcvenilir ve Geleneksel \u0130leti\u015fim \u00c7\u00f6z\u00fcmleri Netko Sistem Teknoloji ve Bilgi \u0130\u015flem Hizmetleri San. Tic. Ltd. \u015eti., analog telefon santralleri konusunda m\u00fc\u015fterilerine g\u00fcvenilir ve geleneksel ileti\u015fim \u00e7\u00f6z\u00fcmleri sunmaktad\u0131r. Analog telefon santralleri, i\u015fletmelerin ve kurumlar\u0131n temel ileti\u015fim ihtiya\u00e7lar\u0131n\u0131 kar\u015f\u0131layan klasik bir \u00e7\u00f6z\u00fcm olarak hala geni\u015f bir kullan\u0131m alan\u0131na sahiptir. [&hellip;]\" \/>\n<meta property=\"og:url\" content=\"https:\/\/playroom.tr\/en\/analog-telefon-santralleri\/\" \/>\n<meta property=\"og:site_name\" content=\"Netko Sistem Teknoloji\" \/>\n<meta property=\"article:modified_time\" content=\"2024-01-14T21:00:02+00:00\" \/>\n<meta property=\"og:image\" content=\"https:\/\/playroom.tr\/wp-content\/uploads\/2024\/01\/1-16.png\" \/>\n<meta name=\"twitter:card\" content=\"summary_large_image\" \/>\n<script type=\"application\/ld+json\" class=\"yoast-schema-graph\">{\"@context\":\"https:\/\/schema.org\",\"@graph\":[{\"@type\":\"WebPage\",\"@id\":\"https:\/\/playroom.tr\/analog-telefon-santralleri\/\",\"url\":\"https:\/\/playroom.tr\/analog-telefon-santralleri\/\",\"name\":\"Analog Telefon Santralleri - Netko Sistem Teknoloji\",\"isPartOf\":{\"@id\":\"https:\/\/playroom.tr\/#website\"},\"datePublished\":\"2024-01-14T20:56:23+00:00\",\"dateModified\":\"2024-01-14T21:00:02+00:00\",\"breadcrumb\":{\"@id\":\"https:\/\/playroom.tr\/analog-telefon-santralleri\/#breadcrumb\"},\"inLanguage\":\"en-US\",\"potentialAction\":[{\"@type\":\"ReadAction\",\"target\":[\"https:\/\/playroom.tr\/analog-telefon-santralleri\/\"]}]},{\"@type\":\"BreadcrumbList\",\"@id\":\"https:\/\/playroom.tr\/analog-telefon-santralleri\/#breadcrumb\",\"itemListElement\":[{\"@type\":\"ListItem\",\"position\":1,\"name\":\"Anasayfa\",\"item\":\"https:\/\/playroom.tr\/\"},{\"@type\":\"ListItem\",\"position\":2,\"name\":\"Analog Telefon Santralleri\"}]},{\"@type\":\"WebSite\",\"@id\":\"https:\/\/playroom.tr\/#website\",\"url\":\"https:\/\/playroom.tr\/\",\"name\":\"Netko Sistem Teknoloji\",\"description\":\"Netko Sistem Teknoloji\",\"potentialAction\":[{\"@type\":\"SearchAction\",\"target\":{\"@type\":\"EntryPoint\",\"urlTemplate\":\"https:\/\/playroom.tr\/?s={search_term_string}\"},\"query-input\":\"required name=search_term_string\"}],\"inLanguage\":\"en-US\"}]}<\/script>\n<!-- \/ Yoast SEO Premium plugin. -->","yoast_head_json":{"title":"Analog Telefon Santralleri - Netko Sistem Teknoloji","robots":{"index":"index","follow":"follow","max-snippet":"max-snippet:-1","max-image-preview":"max-image-preview:large","max-video-preview":"max-video-preview:-1"},"canonical":"https:\/\/playroom.tr\/en\/analog-telefon-santralleri\/","og_locale":"en_US","og_type":"article","og_title":"Analog Telefon Santralleri","og_description":"Analog Telefon Santralleri Netko Sistem: Analog Telefon Santrallerinde G\u00fcvenilir ve Geleneksel \u0130leti\u015fim \u00c7\u00f6z\u00fcmleri Netko Sistem Teknoloji ve Bilgi \u0130\u015flem Hizmetleri San. Tic. Ltd. \u015eti., analog telefon santralleri konusunda m\u00fc\u015fterilerine g\u00fcvenilir ve geleneksel ileti\u015fim \u00e7\u00f6z\u00fcmleri sunmaktad\u0131r. Analog telefon santralleri, i\u015fletmelerin ve kurumlar\u0131n temel ileti\u015fim ihtiya\u00e7lar\u0131n\u0131 kar\u015f\u0131layan klasik bir \u00e7\u00f6z\u00fcm olarak hala geni\u015f bir kullan\u0131m alan\u0131na sahiptir. [&hellip;]","og_url":"https:\/\/playroom.tr\/en\/analog-telefon-santralleri\/","og_site_name":"Netko Sistem Teknoloji","article_modified_time":"2024-01-14T21:00:02+00:00","og_image":[{"url":"https:\/\/playroom.tr\/wp-content\/uploads\/2024\/01\/1-16.png"}],"twitter_card":"summary_large_image","schema":{"@context":"https:\/\/schema.org","@graph":[{"@type":"WebPage","@id":"https:\/\/playroom.tr\/analog-telefon-santralleri\/","url":"https:\/\/playroom.tr\/analog-telefon-santralleri\/","name":"Analog Telefon Santralleri - Netko Sistem Teknoloji","isPartOf":{"@id":"https:\/\/playroom.tr\/#website"},"datePublished":"2024-01-14T20:56:23+00:00","dateModified":"2024-01-14T21:00:02+00:00","breadcrumb":{"@id":"https:\/\/playroom.tr\/analog-telefon-santralleri\/#breadcrumb"},"inLanguage":"en-US","potentialAction":[{"@type":"ReadAction","target":["https:\/\/playroom.tr\/analog-telefon-santralleri\/"]}]},{"@type":"BreadcrumbList","@id":"https:\/\/playroom.tr\/analog-telefon-santralleri\/#breadcrumb","itemListElement":[{"@type":"ListItem","position":1,"name":"Anasayfa","item":"https:\/\/playroom.tr\/"},{"@type":"ListItem","position":2,"name":"Analog Telefon Santralleri"}]},{"@type":"WebSite","@id":"https:\/\/playroom.tr\/#website","url":"https:\/\/playroom.tr\/","name":"Netko Sistem Teknoloji","description":"Netko Sistem Teknoloji","potentialAction":[{"@type":"SearchAction","target":{"@type":"EntryPoint","urlTemplate":"https:\/\/playroom.tr\/?s={search_term_string}"},"query-input":"required name=search_term_string"}],"inLanguage":"en-US"}]}},"_links":{"self":[{"href":"https:\/\/playroom.tr\/en\/wp-json\/wp\/v2\/pages\/944","targetHints":{"allow":["GET"]}}],"collection":[{"href":"https:\/\/playroom.tr\/en\/wp-json\/wp\/v2\/pages"}],"about":[{"href":"https:\/\/playroom.tr\/en\/wp-json\/wp\/v2\/types\/page"}],"author":[{"embeddable":true,"href":"https:\/\/playroom.tr\/en\/wp-json\/wp\/v2\/users\/1"}],"replies":[{"embeddable":true,"href":"https:\/\/playroom.tr\/en\/wp-json\/wp\/v2\/comments?post=944"}],"version-history":[{"count":7,"href":"https:\/\/playroom.tr\/en\/wp-json\/wp\/v2\/pages\/944\/revisions"}],"predecessor-version":[{"id":959,"href":"https:\/\/playroom.tr\/en\/wp-json\/wp\/v2\/pages\/944\/revisions\/959"}],"wp:attachment":[{"href":"https:\/\/playroom.tr\/en\/wp-json\/wp\/v2\/media?parent=944"}],"curies":[{"name":"wp","href":"https:\/\/api.w.org\/{rel}","templated":true}]}}