{"id":973,"date":"2024-01-15T00:04:54","date_gmt":"2024-01-14T21:04:54","guid":{"rendered":"https:\/\/playroom.tr\/?page_id=973"},"modified":"2024-01-15T00:08:04","modified_gmt":"2024-01-14T21:08:04","slug":"cagri-merkezi-cozumleri","status":"publish","type":"page","link":"https:\/\/playroom.tr\/en\/cagri-merkezi-cozumleri\/","title":{"rendered":"\u00c7a\u011fr\u0131 Merkezi \u00c7\u00f6z\u00fcmleri"},"content":{"rendered":"<div data-elementor-type=\"wp-page\" data-elementor-id=\"973\" class=\"elementor elementor-973\" data-elementor-post-type=\"page\">\n\t\t\t\t\t\t\t<div class=\"elementor-element elementor-element-34b832c e-flex e-con-boxed elementor-invisible e-con e-parent\" data-id=\"34b832c\" data-element_type=\"container\" data-settings=\"{&quot;jet_parallax_layout_list&quot;:[],&quot;animation&quot;:&quot;fadeInUp&quot;,&quot;content_width&quot;:&quot;boxed&quot;}\" data-core-v316-plus=\"true\">\n\t\t\t\t\t<div class=\"e-con-inner\">\n\t\t\t\t<div class=\"elementor-element elementor-element-3aa3408 elementor-widget elementor-widget-heading\" data-id=\"3aa3408\" data-element_type=\"widget\" data-widget_type=\"heading.default\">\n\t\t\t\t<div class=\"elementor-widget-container\">\n\t\t\t<style>\/*! elementor - v3.18.0 - 04-12-2023 *\/\n.elementor-heading-title{padding:0;margin:0;line-height:1}.elementor-widget-heading .elementor-heading-title[class*=elementor-size-]>a{color:inherit;font-size:inherit;line-height:inherit}.elementor-widget-heading .elementor-heading-title.elementor-size-small{font-size:15px}.elementor-widget-heading .elementor-heading-title.elementor-size-medium{font-size:19px}.elementor-widget-heading .elementor-heading-title.elementor-size-large{font-size:29px}.elementor-widget-heading .elementor-heading-title.elementor-size-xl{font-size:39px}.elementor-widget-heading .elementor-heading-title.elementor-size-xxl{font-size:59px}<\/style><h2 class=\"elementor-heading-title elementor-size-default\">\u00c7a\u011fr\u0131 Merkezi \u00c7\u00f6z\u00fcmleri<\/h2>\t\t<\/div>\n\t\t\t\t<\/div>\n\t\t\t\t\t<\/div>\n\t\t\t\t<\/div>\n\t\t<div class=\"elementor-element elementor-element-093db11 e-flex e-con-boxed e-con e-parent\" data-id=\"093db11\" data-element_type=\"container\" data-settings=\"{&quot;jet_parallax_layout_list&quot;:[],&quot;content_width&quot;:&quot;boxed&quot;}\" data-core-v316-plus=\"true\">\n\t\t\t\t\t<div class=\"e-con-inner\">\n\t\t<div class=\"elementor-element elementor-element-d9e35b3 e-con-full e-flex elementor-invisible e-con e-child\" data-id=\"d9e35b3\" data-element_type=\"container\" data-settings=\"{&quot;content_width&quot;:&quot;full&quot;,&quot;jet_parallax_layout_list&quot;:[],&quot;animation&quot;:&quot;fadeInLeft&quot;}\">\n\t\t\t\t<div class=\"elementor-element elementor-element-4722b53 elementor-widget elementor-widget-image\" data-id=\"4722b53\" data-element_type=\"widget\" data-widget_type=\"image.default\">\n\t\t\t\t<div class=\"elementor-widget-container\">\n\t\t\t<style>\/*! elementor - v3.18.0 - 04-12-2023 *\/\n.elementor-widget-image{text-align:center}.elementor-widget-image a{display:inline-block}.elementor-widget-image a img[src$=\".svg\"]{width:48px}.elementor-widget-image img{vertical-align:middle;display:inline-block}<\/style>\t\t\t\t\t\t\t\t\t\t\t\t<img fetchpriority=\"high\" decoding=\"async\" width=\"1024\" height=\"1024\" src=\"https:\/\/playroom.tr\/wp-content\/uploads\/2024\/01\/1-18.png\" class=\"elementor-animation-grow attachment-large size-large wp-image-979\" alt=\"\" srcset=\"https:\/\/playroom.tr\/wp-content\/uploads\/2024\/01\/1-18.png 1024w, https:\/\/playroom.tr\/wp-content\/uploads\/2024\/01\/1-18-300x300.png 300w, https:\/\/playroom.tr\/wp-content\/uploads\/2024\/01\/1-18-150x150.png 150w, https:\/\/playroom.tr\/wp-content\/uploads\/2024\/01\/1-18-768x768.png 768w, https:\/\/playroom.tr\/wp-content\/uploads\/2024\/01\/1-18-12x12.png 12w, https:\/\/playroom.tr\/wp-content\/uploads\/2024\/01\/1-18-500x500.png 500w\" sizes=\"(max-width: 1024px) 100vw, 1024px\" \/>\t\t\t\t\t\t\t\t\t\t\t\t\t\t\t<\/div>\n\t\t\t\t<\/div>\n\t\t\t\t<\/div>\n\t\t<div class=\"elementor-element elementor-element-fe416d6 e-con-full e-flex elementor-invisible e-con e-child\" data-id=\"fe416d6\" data-element_type=\"container\" data-settings=\"{&quot;content_width&quot;:&quot;full&quot;,&quot;jet_parallax_layout_list&quot;:[],&quot;animation&quot;:&quot;fadeInRight&quot;}\">\n\t\t\t\t<div class=\"elementor-element elementor-element-18f6bb8 elementor-widget elementor-widget-text-editor\" data-id=\"18f6bb8\" data-element_type=\"widget\" data-widget_type=\"text-editor.default\">\n\t\t\t\t<div class=\"elementor-widget-container\">\n\t\t\t<style>\/*! elementor - v3.18.0 - 04-12-2023 *\/\n.elementor-widget-text-editor.elementor-drop-cap-view-stacked .elementor-drop-cap{background-color:#69727d;color:#fff}.elementor-widget-text-editor.elementor-drop-cap-view-framed .elementor-drop-cap{color:#69727d;border:3px solid;background-color:transparent}.elementor-widget-text-editor:not(.elementor-drop-cap-view-default) .elementor-drop-cap{margin-top:8px}.elementor-widget-text-editor:not(.elementor-drop-cap-view-default) .elementor-drop-cap-letter{width:1em;height:1em}.elementor-widget-text-editor .elementor-drop-cap{float:left;text-align:center;line-height:1;font-size:50px}.elementor-widget-text-editor .elementor-drop-cap-letter{display:inline-block}<\/style>\t\t\t\t<p><strong>Netko Sistem: \u00c7a\u011fr\u0131 Merkezi \u00c7\u00f6z\u00fcmleriyle M\u00fc\u015fteri Hizmetlerinde M\u00fckemmellik ve Verimlilik<\/strong><\/p><p>Netko Sistem Teknoloji ve Bilgi \u0130\u015flem Hizmetleri San. Tic. Ltd. \u015eti., \u00e7a\u011fr\u0131 merkezi \u00e7\u00f6z\u00fcmleri alan\u0131nda m\u00fc\u015fteri hizmetlerinde m\u00fckemmellik ve verimlilik sunmaktad\u0131r. \u00c7a\u011fr\u0131 merkezi \u00e7\u00f6z\u00fcmleri, i\u015fletmelerin m\u00fc\u015fteri etkile\u015fimlerini y\u00f6netmelerine ve m\u00fc\u015fteri memnuniyetini art\u0131rmalar\u0131na yard\u0131mc\u0131 olur. Netko Sistem, bu alanda sundu\u011fu kapsaml\u0131 hizmetlerle, i\u015fletmelerin \u00e7a\u011fr\u0131 merkezi operasyonlar\u0131n\u0131 optimize etmelerine katk\u0131da bulunur.<\/p><p>Netko Sistem&#8217;in \u00e7a\u011fr\u0131 merkezi \u00e7\u00f6z\u00fcmleri, geleneksel telefon sistemlerinden modern dijital ileti\u015fim platformlar\u0131na kadar geni\u015f bir yelpazeyi kapsar. Bu \u00e7\u00f6z\u00fcmler, \u00e7a\u011fr\u0131 y\u00f6netimi, sesli yan\u0131t sistemleri (IVR), otomatik \u00e7a\u011fr\u0131 da\u011f\u0131t\u0131m\u0131 (ACD), m\u00fc\u015fteri ili\u015fkileri y\u00f6netimi (CRM) entegrasyonu ve veri analiti\u011fi gibi \u00f6zellikleri i\u00e7erir. Bu \u00f6zellikler, \u00e7a\u011fr\u0131 merkezlerinin daha etkin ve verimli \u00e7al\u0131\u015fmas\u0131n\u0131 sa\u011flar, m\u00fc\u015fteri hizmetleri deneyimini iyile\u015ftirir.<\/p>\t\t\t\t\t\t<\/div>\n\t\t\t\t<\/div>\n\t\t\t\t<\/div>\n\t\t\t\t\t<\/div>\n\t\t\t\t<\/div>\n\t\t<div class=\"elementor-element elementor-element-d5164c0 e-flex e-con-boxed e-con e-parent\" data-id=\"d5164c0\" data-element_type=\"container\" data-settings=\"{&quot;jet_parallax_layout_list&quot;:[],&quot;content_width&quot;:&quot;boxed&quot;}\" data-core-v316-plus=\"true\">\n\t\t\t\t\t<div class=\"e-con-inner\">\n\t\t<div class=\"elementor-element elementor-element-6301d3c e-con-full e-flex elementor-invisible e-con e-child\" data-id=\"6301d3c\" data-element_type=\"container\" data-settings=\"{&quot;content_width&quot;:&quot;full&quot;,&quot;jet_parallax_layout_list&quot;:[],&quot;animation&quot;:&quot;fadeInLeft&quot;}\">\n\t\t\t\t<div class=\"elementor-element elementor-element-90d381d elementor-widget elementor-widget-text-editor\" data-id=\"90d381d\" data-element_type=\"widget\" data-widget_type=\"text-editor.default\">\n\t\t\t\t<div class=\"elementor-widget-container\">\n\t\t\t\t\t\t\t<div class=\"min-h-[20px] text-message flex flex-col items-start gap-3 whitespace-pre-wrap break-words [.text-message+&amp;]:mt-5 overflow-x-auto\" data-message-author-role=\"assistant\" data-message-id=\"3434313d-f816-4e6f-8962-d7a21479c106\"><div class=\"markdown prose w-full break-words dark:prose-invert light\"><p>Netko Sistem, \u00e7a\u011fr\u0131 merkezi \u00e7\u00f6z\u00fcmlerinin kurulumu ve y\u00f6netiminde teknik uzmanl\u0131k sa\u011flar. \u015eirket, her i\u015fletmenin \u00f6zel ihtiya\u00e7lar\u0131na uygun olarak \u00f6zelle\u015ftirilmi\u015f \u00e7\u00f6z\u00fcmler sunar ve \u00e7a\u011fr\u0131 merkezi operasyonlar\u0131n\u0131n sorunsuz bir \u015fekilde entegre edilmesini ve y\u00f6netilmesini sa\u011flar. Ayr\u0131ca, s\u00fcrekli teknik destek ve e\u011fitim hizmetleriyle, \u00e7a\u011fr\u0131 merkezi personelinin sistemleri etkili bir \u015fekilde kullanmas\u0131n\u0131 sa\u011flar.<\/p><p>G\u00fcvenlik ve veri koruma, Netko Sistem&#8217;in \u00e7a\u011fr\u0131 merkezi \u00e7\u00f6z\u00fcmlerinde temel bir odakt\u0131r. \u015eirket, m\u00fc\u015fteri verilerinin g\u00fcvenli\u011fini ve gizlili\u011fini korumak i\u00e7in ileri d\u00fczey g\u00fcvenlik protokolleri ve \u015fifreleme teknolojileri kullan\u0131r. Bu, \u00f6zellikle hassas m\u00fc\u015fteri bilgilerinin i\u015flendi\u011fi ve sakland\u0131\u011f\u0131 durumlar i\u00e7in kritik \u00f6neme sahiptir.<\/p><\/div><\/div>\t\t\t\t\t\t<\/div>\n\t\t\t\t<\/div>\n\t\t\t\t<\/div>\n\t\t<div class=\"elementor-element elementor-element-4b1b882 e-con-full e-flex elementor-invisible e-con e-child\" data-id=\"4b1b882\" data-element_type=\"container\" data-settings=\"{&quot;content_width&quot;:&quot;full&quot;,&quot;jet_parallax_layout_list&quot;:[],&quot;animation&quot;:&quot;fadeInRight&quot;}\">\n\t\t\t\t<div class=\"elementor-element elementor-element-6c9799c elementor-widget elementor-widget-image\" data-id=\"6c9799c\" data-element_type=\"widget\" data-widget_type=\"image.default\">\n\t\t\t\t<div class=\"elementor-widget-container\">\n\t\t\t\t\t\t\t\t\t\t\t\t\t\t\t<img decoding=\"async\" width=\"1024\" height=\"1024\" src=\"https:\/\/playroom.tr\/wp-content\/uploads\/2024\/01\/2-18.png\" class=\"elementor-animation-grow attachment-large size-large wp-image-980\" alt=\"\" srcset=\"https:\/\/playroom.tr\/wp-content\/uploads\/2024\/01\/2-18.png 1024w, https:\/\/playroom.tr\/wp-content\/uploads\/2024\/01\/2-18-300x300.png 300w, https:\/\/playroom.tr\/wp-content\/uploads\/2024\/01\/2-18-150x150.png 150w, https:\/\/playroom.tr\/wp-content\/uploads\/2024\/01\/2-18-768x768.png 768w, https:\/\/playroom.tr\/wp-content\/uploads\/2024\/01\/2-18-12x12.png 12w, https:\/\/playroom.tr\/wp-content\/uploads\/2024\/01\/2-18-500x500.png 500w\" sizes=\"(max-width: 1024px) 100vw, 1024px\" \/>\t\t\t\t\t\t\t\t\t\t\t\t\t\t\t<\/div>\n\t\t\t\t<\/div>\n\t\t\t\t<\/div>\n\t\t\t\t\t<\/div>\n\t\t\t\t<\/div>\n\t\t<div class=\"elementor-element elementor-element-742c54b e-flex e-con-boxed e-con e-parent\" data-id=\"742c54b\" data-element_type=\"container\" data-settings=\"{&quot;jet_parallax_layout_list&quot;:[],&quot;content_width&quot;:&quot;boxed&quot;}\" data-core-v316-plus=\"true\">\n\t\t\t\t\t<div class=\"e-con-inner\">\n\t\t<div class=\"elementor-element elementor-element-4b588db e-con-full e-flex elementor-invisible e-con e-child\" data-id=\"4b588db\" data-element_type=\"container\" data-settings=\"{&quot;content_width&quot;:&quot;full&quot;,&quot;jet_parallax_layout_list&quot;:[],&quot;animation&quot;:&quot;fadeInLeft&quot;}\">\n\t\t\t\t<div class=\"elementor-element elementor-element-7109d80 elementor-widget elementor-widget-image\" data-id=\"7109d80\" data-element_type=\"widget\" data-widget_type=\"image.default\">\n\t\t\t\t<div class=\"elementor-widget-container\">\n\t\t\t\t\t\t\t\t\t\t\t\t\t\t\t<img decoding=\"async\" width=\"1024\" height=\"1024\" src=\"https:\/\/playroom.tr\/wp-content\/uploads\/2024\/01\/3-16.png\" class=\"elementor-animation-grow attachment-large size-large wp-image-981\" alt=\"\" srcset=\"https:\/\/playroom.tr\/wp-content\/uploads\/2024\/01\/3-16.png 1024w, https:\/\/playroom.tr\/wp-content\/uploads\/2024\/01\/3-16-300x300.png 300w, https:\/\/playroom.tr\/wp-content\/uploads\/2024\/01\/3-16-150x150.png 150w, https:\/\/playroom.tr\/wp-content\/uploads\/2024\/01\/3-16-768x768.png 768w, https:\/\/playroom.tr\/wp-content\/uploads\/2024\/01\/3-16-12x12.png 12w, https:\/\/playroom.tr\/wp-content\/uploads\/2024\/01\/3-16-500x500.png 500w\" sizes=\"(max-width: 1024px) 100vw, 1024px\" \/>\t\t\t\t\t\t\t\t\t\t\t\t\t\t\t<\/div>\n\t\t\t\t<\/div>\n\t\t\t\t<\/div>\n\t\t<div class=\"elementor-element elementor-element-0790fe1 e-con-full e-flex elementor-invisible e-con e-child\" data-id=\"0790fe1\" data-element_type=\"container\" data-settings=\"{&quot;content_width&quot;:&quot;full&quot;,&quot;jet_parallax_layout_list&quot;:[],&quot;animation&quot;:&quot;fadeInRight&quot;}\">\n\t\t\t\t<div class=\"elementor-element elementor-element-9fdce60 elementor-widget elementor-widget-text-editor\" data-id=\"9fdce60\" data-element_type=\"widget\" data-widget_type=\"text-editor.default\">\n\t\t\t\t<div class=\"elementor-widget-container\">\n\t\t\t\t\t\t\t<p>Netko Sistem&#8217;in \u00e7a\u011fr\u0131 merkezi \u00e7\u00f6z\u00fcmleri ayn\u0131 zamanda analitik ve raporlama \u00f6zellikleriyle donat\u0131lm\u0131\u015ft\u0131r. Bu \u00f6zellikler, \u00e7a\u011fr\u0131 merkezi performans\u0131n\u0131 izlemek ve m\u00fc\u015fteri etkile\u015fimlerinden de\u011ferli i\u00e7g\u00f6r\u00fcler elde etmek i\u00e7in kullan\u0131l\u0131r. \u0130\u015fletmeler, bu verileri kullanarak m\u00fc\u015fteri hizmetleri stratejilerini iyile\u015ftirebilir, hizmet kalitesini art\u0131rabilir ve m\u00fc\u015fteri memnuniyetini maksimize edebilir.<\/p><p>Netko Sistem, bulut tabanl\u0131 \u00e7a\u011fr\u0131 merkezi \u00e7\u00f6z\u00fcmleriyle de i\u015fletmelere y\u00fcksek d\u00fczeyde \u00f6l\u00e7eklenebilirlik ve esneklik sunar. Bulut tabanl\u0131 sistemler, i\u015fletmelerin co\u011frafi s\u0131n\u0131rlamalardan ba\u011f\u0131ms\u0131z olarak \u00e7al\u0131\u015fmalar\u0131n\u0131 sa\u011flar ve uzaktan \u00e7al\u0131\u015fma modellerini destekler. Bu, i\u015fletmelerin kaynaklar\u0131n\u0131 daha verimli kullanmalar\u0131n\u0131 ve i\u015f s\u00fcre\u00e7lerini daha esnek hale getirmelerini sa\u011flar.<\/p>\t\t\t\t\t\t<\/div>\n\t\t\t\t<\/div>\n\t\t\t\t<\/div>\n\t\t\t\t\t<\/div>\n\t\t\t\t<\/div>\n\t\t<div class=\"elementor-element elementor-element-1318ce5 e-flex e-con-boxed e-con e-parent\" data-id=\"1318ce5\" data-element_type=\"container\" data-settings=\"{&quot;jet_parallax_layout_list&quot;:[],&quot;content_width&quot;:&quot;boxed&quot;}\" data-core-v316-plus=\"true\">\n\t\t\t\t\t<div class=\"e-con-inner\">\n\t\t<div class=\"elementor-element elementor-element-24d4a36 e-con-full e-flex elementor-invisible e-con e-child\" data-id=\"24d4a36\" data-element_type=\"container\" data-settings=\"{&quot;content_width&quot;:&quot;full&quot;,&quot;jet_parallax_layout_list&quot;:[],&quot;animation&quot;:&quot;fadeInLeft&quot;}\">\n\t\t\t\t<div class=\"elementor-element elementor-element-697af83 elementor-widget elementor-widget-text-editor\" data-id=\"697af83\" data-element_type=\"widget\" data-widget_type=\"text-editor.default\">\n\t\t\t\t<div class=\"elementor-widget-container\">\n\t\t\t\t\t\t\t<p>Sonu\u00e7 olarak, Netko Sistem&#8217;in \u00e7a\u011fr\u0131 merkezi \u00e7\u00f6z\u00fcmleri, i\u015fletmelere m\u00fc\u015fteri hizmetleri operasyonlar\u0131n\u0131 geli\u015ftirmek i\u00e7in kapsaml\u0131 ve yenilik\u00e7i ara\u00e7lar sunar. Bu \u00e7\u00f6z\u00fcmler, m\u00fc\u015fteri memnuniyetini art\u0131r\u0131rken, i\u015fletmelerin ileti\u015fim altyap\u0131lar\u0131n\u0131 g\u00fc\u00e7lendirir ve i\u015f s\u00fcre\u00e7lerini optimize eder. Netko Sistem, m\u00fc\u015fterilerine \u00e7a\u011fr\u0131 merkezi \u00e7\u00f6z\u00fcmleri konusunda en \u00fcst d\u00fczeyde hizmet ve destek sunarak, onlar\u0131n i\u015f hedeflerine ula\u015fmalar\u0131na yard\u0131mc\u0131 olur.<\/p>\t\t\t\t\t\t<\/div>\n\t\t\t\t<\/div>\n\t\t\t\t<\/div>\n\t\t<div class=\"elementor-element elementor-element-7d12d8b e-con-full e-flex elementor-invisible e-con e-child\" data-id=\"7d12d8b\" data-element_type=\"container\" data-settings=\"{&quot;content_width&quot;:&quot;full&quot;,&quot;jet_parallax_layout_list&quot;:[],&quot;animation&quot;:&quot;fadeInRight&quot;}\">\n\t\t\t\t<div class=\"elementor-element elementor-element-fefac13 elementor-widget elementor-widget-image\" data-id=\"fefac13\" data-element_type=\"widget\" data-widget_type=\"image.default\">\n\t\t\t\t<div class=\"elementor-widget-container\">\n\t\t\t\t\t\t\t\t\t\t\t\t\t\t\t<img loading=\"lazy\" decoding=\"async\" width=\"1024\" height=\"1024\" src=\"https:\/\/playroom.tr\/wp-content\/uploads\/2024\/01\/4-15.png\" class=\"elementor-animation-grow attachment-large size-large wp-image-982\" alt=\"\" srcset=\"https:\/\/playroom.tr\/wp-content\/uploads\/2024\/01\/4-15.png 1024w, https:\/\/playroom.tr\/wp-content\/uploads\/2024\/01\/4-15-300x300.png 300w, https:\/\/playroom.tr\/wp-content\/uploads\/2024\/01\/4-15-150x150.png 150w, https:\/\/playroom.tr\/wp-content\/uploads\/2024\/01\/4-15-768x768.png 768w, https:\/\/playroom.tr\/wp-content\/uploads\/2024\/01\/4-15-12x12.png 12w, https:\/\/playroom.tr\/wp-content\/uploads\/2024\/01\/4-15-500x500.png 500w\" sizes=\"(max-width: 1024px) 100vw, 1024px\" \/>\t\t\t\t\t\t\t\t\t\t\t\t\t\t\t<\/div>\n\t\t\t\t<\/div>\n\t\t\t\t<\/div>\n\t\t\t\t\t<\/div>\n\t\t\t\t<\/div>\n\t\t<div class=\"elementor-element elementor-element-c7644b5 e-flex e-con-boxed e-con e-parent\" data-id=\"c7644b5\" data-element_type=\"container\" data-settings=\"{&quot;jet_parallax_layout_list&quot;:[],&quot;content_width&quot;:&quot;boxed&quot;}\" data-core-v316-plus=\"true\">\n\t\t\t\t\t<div class=\"e-con-inner\">\n\t\t\t\t<div class=\"elementor-element elementor-element-b018c43 elementor-align-center elementor-mobile-align-center elementor-widget elementor-widget-raven-button\" data-id=\"b018c43\" data-element_type=\"widget\" data-settings=\"{&quot;turn_to_popup_action_button&quot;:&quot;no&quot;}\" data-widget_type=\"raven-button.default\">\n\t\t\t\t<div class=\"elementor-widget-container\">\n\t\t\t\t\t<div class=\"raven-widget-wrapper\">\n\t\t\t<a class=\"raven-button raven-button-widget-normal-effect-shine raven-button-text-align-center raven-button-link elementor-animation-grow\" href=\"https:\/\/playroom.tr\/index.php\/contact\/\">\t\t\t\t<div class=\"raven-button-overlay\" ><\/div>\n\t\t\t\t<span class=\"raven-button-content\">\n\t\t\t\t\t\n\t\t\t\t\t<div class=\"button-text-container\">\n\t\t\t\t\t\t\t\t\t\t\t\t<div class=\"raven-button-texts-wrapper\">\n\t\t\t\t\t\t\t<div class=\"button-text\">\n\t\t\t\t\t\t\t\t<span class=\"raven-button-text\">\n\t\t\t\t\t\t\t\t\tTeklif Al\t\t\t\t\t\t\t\t<\/span>\n\t\t\t\t\t\t\t<\/div>\n\t\t\t\t\t\t\t\t\t\t\t\t\t<\/div>\n\t\t\t\t\t\t\t\t\t\t\t<\/div>\n\t\t\t\t\t\n\t\t\t\t\t\t\t\t\t<\/span>\n\t\t\t<\/a>\t\t<\/div>\n\t\t\t\t<\/div>\n\t\t\t\t<\/div>\n\t\t\t\t\t<\/div>\n\t\t\t\t<\/div>\n\t\t\t\t\t\t\t<\/div>","protected":false},"excerpt":{"rendered":"<p>\u00c7a\u011fr\u0131 Merkezi \u00c7\u00f6z\u00fcmleri Netko Sistem: \u00c7a\u011fr\u0131 Merkezi \u00c7\u00f6z\u00fcmleriyle M\u00fc\u015fteri Hizmetlerinde M\u00fckemmellik ve Verimlilik Netko Sistem Teknoloji ve Bilgi \u0130\u015flem Hizmetleri San. Tic. Ltd. \u015eti., \u00e7a\u011fr\u0131 merkezi \u00e7\u00f6z\u00fcmleri alan\u0131nda m\u00fc\u015fteri hizmetlerinde m\u00fckemmellik ve verimlilik sunmaktad\u0131r. \u00c7a\u011fr\u0131 merkezi \u00e7\u00f6z\u00fcmleri, i\u015fletmelerin m\u00fc\u015fteri etkile\u015fimlerini y\u00f6netmelerine ve m\u00fc\u015fteri memnuniyetini art\u0131rmalar\u0131na yard\u0131mc\u0131 olur. Netko Sistem, bu alanda sundu\u011fu kapsaml\u0131 hizmetlerle, i\u015fletmelerin [&hellip;]<\/p>","protected":false},"author":1,"featured_media":0,"parent":0,"menu_order":0,"comment_status":"closed","ping_status":"closed","template":"elementor_header_footer","meta":{"footnotes":""},"class_list":["post-973","page","type-page","status-publish","hentry"],"acf":[],"yoast_head":"<!-- This site is optimized with the Yoast SEO Premium plugin v21.8 (Yoast SEO v21.8) - https:\/\/yoast.com\/wordpress\/plugins\/seo\/ -->\n<title>\u00c7a\u011fr\u0131 Merkezi \u00c7\u00f6z\u00fcmleri - Netko Sistem Teknoloji<\/title>\n<meta name=\"robots\" content=\"index, follow, max-snippet:-1, max-image-preview:large, max-video-preview:-1\" \/>\n<link rel=\"canonical\" href=\"https:\/\/playroom.tr\/en\/cagri-merkezi-cozumleri\/\" \/>\n<meta property=\"og:locale\" content=\"en_US\" \/>\n<meta property=\"og:type\" content=\"article\" \/>\n<meta property=\"og:title\" content=\"\u00c7a\u011fr\u0131 Merkezi \u00c7\u00f6z\u00fcmleri\" \/>\n<meta property=\"og:description\" content=\"\u00c7a\u011fr\u0131 Merkezi \u00c7\u00f6z\u00fcmleri Netko Sistem: \u00c7a\u011fr\u0131 Merkezi \u00c7\u00f6z\u00fcmleriyle M\u00fc\u015fteri Hizmetlerinde M\u00fckemmellik ve Verimlilik Netko Sistem Teknoloji ve Bilgi \u0130\u015flem Hizmetleri San. Tic. Ltd. \u015eti., \u00e7a\u011fr\u0131 merkezi \u00e7\u00f6z\u00fcmleri alan\u0131nda m\u00fc\u015fteri hizmetlerinde m\u00fckemmellik ve verimlilik sunmaktad\u0131r. \u00c7a\u011fr\u0131 merkezi \u00e7\u00f6z\u00fcmleri, i\u015fletmelerin m\u00fc\u015fteri etkile\u015fimlerini y\u00f6netmelerine ve m\u00fc\u015fteri memnuniyetini art\u0131rmalar\u0131na yard\u0131mc\u0131 olur. Netko Sistem, bu alanda sundu\u011fu kapsaml\u0131 hizmetlerle, i\u015fletmelerin [&hellip;]\" \/>\n<meta property=\"og:url\" content=\"https:\/\/playroom.tr\/en\/cagri-merkezi-cozumleri\/\" \/>\n<meta property=\"og:site_name\" content=\"Netko Sistem Teknoloji\" \/>\n<meta property=\"article:modified_time\" content=\"2024-01-14T21:08:04+00:00\" \/>\n<meta property=\"og:image\" content=\"https:\/\/playroom.tr\/wp-content\/uploads\/2024\/01\/1-18.png\" \/>\n<meta name=\"twitter:card\" content=\"summary_large_image\" \/>\n<script type=\"application\/ld+json\" class=\"yoast-schema-graph\">{\"@context\":\"https:\/\/schema.org\",\"@graph\":[{\"@type\":\"WebPage\",\"@id\":\"https:\/\/playroom.tr\/cagri-merkezi-cozumleri\/\",\"url\":\"https:\/\/playroom.tr\/cagri-merkezi-cozumleri\/\",\"name\":\"\u00c7a\u011fr\u0131 Merkezi \u00c7\u00f6z\u00fcmleri - Netko Sistem Teknoloji\",\"isPartOf\":{\"@id\":\"https:\/\/playroom.tr\/#website\"},\"datePublished\":\"2024-01-14T21:04:54+00:00\",\"dateModified\":\"2024-01-14T21:08:04+00:00\",\"breadcrumb\":{\"@id\":\"https:\/\/playroom.tr\/cagri-merkezi-cozumleri\/#breadcrumb\"},\"inLanguage\":\"en-US\",\"potentialAction\":[{\"@type\":\"ReadAction\",\"target\":[\"https:\/\/playroom.tr\/cagri-merkezi-cozumleri\/\"]}]},{\"@type\":\"BreadcrumbList\",\"@id\":\"https:\/\/playroom.tr\/cagri-merkezi-cozumleri\/#breadcrumb\",\"itemListElement\":[{\"@type\":\"ListItem\",\"position\":1,\"name\":\"Anasayfa\",\"item\":\"https:\/\/playroom.tr\/\"},{\"@type\":\"ListItem\",\"position\":2,\"name\":\"\u00c7a\u011fr\u0131 Merkezi \u00c7\u00f6z\u00fcmleri\"}]},{\"@type\":\"WebSite\",\"@id\":\"https:\/\/playroom.tr\/#website\",\"url\":\"https:\/\/playroom.tr\/\",\"name\":\"Netko Sistem Teknoloji\",\"description\":\"Netko Sistem Teknoloji\",\"potentialAction\":[{\"@type\":\"SearchAction\",\"target\":{\"@type\":\"EntryPoint\",\"urlTemplate\":\"https:\/\/playroom.tr\/?s={search_term_string}\"},\"query-input\":\"required name=search_term_string\"}],\"inLanguage\":\"en-US\"}]}<\/script>\n<!-- \/ Yoast SEO Premium plugin. -->","yoast_head_json":{"title":"\u00c7a\u011fr\u0131 Merkezi \u00c7\u00f6z\u00fcmleri - Netko Sistem Teknoloji","robots":{"index":"index","follow":"follow","max-snippet":"max-snippet:-1","max-image-preview":"max-image-preview:large","max-video-preview":"max-video-preview:-1"},"canonical":"https:\/\/playroom.tr\/en\/cagri-merkezi-cozumleri\/","og_locale":"en_US","og_type":"article","og_title":"\u00c7a\u011fr\u0131 Merkezi \u00c7\u00f6z\u00fcmleri","og_description":"\u00c7a\u011fr\u0131 Merkezi \u00c7\u00f6z\u00fcmleri Netko Sistem: \u00c7a\u011fr\u0131 Merkezi \u00c7\u00f6z\u00fcmleriyle M\u00fc\u015fteri Hizmetlerinde M\u00fckemmellik ve Verimlilik Netko Sistem Teknoloji ve Bilgi \u0130\u015flem Hizmetleri San. Tic. Ltd. \u015eti., \u00e7a\u011fr\u0131 merkezi \u00e7\u00f6z\u00fcmleri alan\u0131nda m\u00fc\u015fteri hizmetlerinde m\u00fckemmellik ve verimlilik sunmaktad\u0131r. \u00c7a\u011fr\u0131 merkezi \u00e7\u00f6z\u00fcmleri, i\u015fletmelerin m\u00fc\u015fteri etkile\u015fimlerini y\u00f6netmelerine ve m\u00fc\u015fteri memnuniyetini art\u0131rmalar\u0131na yard\u0131mc\u0131 olur. Netko Sistem, bu alanda sundu\u011fu kapsaml\u0131 hizmetlerle, i\u015fletmelerin [&hellip;]","og_url":"https:\/\/playroom.tr\/en\/cagri-merkezi-cozumleri\/","og_site_name":"Netko Sistem Teknoloji","article_modified_time":"2024-01-14T21:08:04+00:00","og_image":[{"url":"https:\/\/playroom.tr\/wp-content\/uploads\/2024\/01\/1-18.png"}],"twitter_card":"summary_large_image","schema":{"@context":"https:\/\/schema.org","@graph":[{"@type":"WebPage","@id":"https:\/\/playroom.tr\/cagri-merkezi-cozumleri\/","url":"https:\/\/playroom.tr\/cagri-merkezi-cozumleri\/","name":"\u00c7a\u011fr\u0131 Merkezi \u00c7\u00f6z\u00fcmleri - Netko Sistem Teknoloji","isPartOf":{"@id":"https:\/\/playroom.tr\/#website"},"datePublished":"2024-01-14T21:04:54+00:00","dateModified":"2024-01-14T21:08:04+00:00","breadcrumb":{"@id":"https:\/\/playroom.tr\/cagri-merkezi-cozumleri\/#breadcrumb"},"inLanguage":"en-US","potentialAction":[{"@type":"ReadAction","target":["https:\/\/playroom.tr\/cagri-merkezi-cozumleri\/"]}]},{"@type":"BreadcrumbList","@id":"https:\/\/playroom.tr\/cagri-merkezi-cozumleri\/#breadcrumb","itemListElement":[{"@type":"ListItem","position":1,"name":"Anasayfa","item":"https:\/\/playroom.tr\/"},{"@type":"ListItem","position":2,"name":"\u00c7a\u011fr\u0131 Merkezi \u00c7\u00f6z\u00fcmleri"}]},{"@type":"WebSite","@id":"https:\/\/playroom.tr\/#website","url":"https:\/\/playroom.tr\/","name":"Netko Sistem Teknoloji","description":"Netko Sistem Teknoloji","potentialAction":[{"@type":"SearchAction","target":{"@type":"EntryPoint","urlTemplate":"https:\/\/playroom.tr\/?s={search_term_string}"},"query-input":"required name=search_term_string"}],"inLanguage":"en-US"}]}},"_links":{"self":[{"href":"https:\/\/playroom.tr\/en\/wp-json\/wp\/v2\/pages\/973","targetHints":{"allow":["GET"]}}],"collection":[{"href":"https:\/\/playroom.tr\/en\/wp-json\/wp\/v2\/pages"}],"about":[{"href":"https:\/\/playroom.tr\/en\/wp-json\/wp\/v2\/types\/page"}],"author":[{"embeddable":true,"href":"https:\/\/playroom.tr\/en\/wp-json\/wp\/v2\/users\/1"}],"replies":[{"embeddable":true,"href":"https:\/\/playroom.tr\/en\/wp-json\/wp\/v2\/comments?post=973"}],"version-history":[{"count":4,"href":"https:\/\/playroom.tr\/en\/wp-json\/wp\/v2\/pages\/973\/revisions"}],"predecessor-version":[{"id":985,"href":"https:\/\/playroom.tr\/en\/wp-json\/wp\/v2\/pages\/973\/revisions\/985"}],"wp:attachment":[{"href":"https:\/\/playroom.tr\/en\/wp-json\/wp\/v2\/media?parent=973"}],"curies":[{"name":"wp","href":"https:\/\/api.w.org\/{rel}","templated":true}]}}