{"id":986,"date":"2024-01-15T00:08:21","date_gmt":"2024-01-14T21:08:21","guid":{"rendered":"https:\/\/playroom.tr\/?page_id=986"},"modified":"2024-01-15T00:14:07","modified_gmt":"2024-01-14T21:14:07","slug":"kablolu-kablosuz-telefon-cozumleri","status":"publish","type":"page","link":"https:\/\/playroom.tr\/en\/kablolu-kablosuz-telefon-cozumleri\/","title":{"rendered":"Kablolu &#038; Kablosuz Telefon \u00c7\u00f6z\u00fcmleri"},"content":{"rendered":"<div data-elementor-type=\"wp-page\" data-elementor-id=\"986\" class=\"elementor elementor-986\" data-elementor-post-type=\"page\">\n\t\t\t\t\t\t\t<div class=\"elementor-element elementor-element-b647ebe e-flex e-con-boxed elementor-invisible e-con e-parent\" data-id=\"b647ebe\" data-element_type=\"container\" data-settings=\"{&quot;jet_parallax_layout_list&quot;:[],&quot;animation&quot;:&quot;fadeInUp&quot;,&quot;content_width&quot;:&quot;boxed&quot;}\" data-core-v316-plus=\"true\">\n\t\t\t\t\t<div class=\"e-con-inner\">\n\t\t\t\t<div class=\"elementor-element elementor-element-8a5ea08 elementor-widget elementor-widget-heading\" data-id=\"8a5ea08\" data-element_type=\"widget\" data-widget_type=\"heading.default\">\n\t\t\t\t<div class=\"elementor-widget-container\">\n\t\t\t<style>\/*! elementor - v3.18.0 - 04-12-2023 *\/\n.elementor-heading-title{padding:0;margin:0;line-height:1}.elementor-widget-heading .elementor-heading-title[class*=elementor-size-]>a{color:inherit;font-size:inherit;line-height:inherit}.elementor-widget-heading .elementor-heading-title.elementor-size-small{font-size:15px}.elementor-widget-heading .elementor-heading-title.elementor-size-medium{font-size:19px}.elementor-widget-heading .elementor-heading-title.elementor-size-large{font-size:29px}.elementor-widget-heading .elementor-heading-title.elementor-size-xl{font-size:39px}.elementor-widget-heading .elementor-heading-title.elementor-size-xxl{font-size:59px}<\/style><h2 class=\"elementor-heading-title elementor-size-default\">Kablolu & Kablosuz Telefon \u00c7\u00f6z\u00fcmleri<\/h2>\t\t<\/div>\n\t\t\t\t<\/div>\n\t\t\t\t\t<\/div>\n\t\t\t\t<\/div>\n\t\t<div class=\"elementor-element elementor-element-8283e8b e-flex e-con-boxed e-con e-parent\" data-id=\"8283e8b\" data-element_type=\"container\" data-settings=\"{&quot;jet_parallax_layout_list&quot;:[],&quot;content_width&quot;:&quot;boxed&quot;}\" data-core-v316-plus=\"true\">\n\t\t\t\t\t<div class=\"e-con-inner\">\n\t\t<div class=\"elementor-element elementor-element-583802c e-con-full e-flex elementor-invisible e-con e-child\" data-id=\"583802c\" data-element_type=\"container\" data-settings=\"{&quot;content_width&quot;:&quot;full&quot;,&quot;jet_parallax_layout_list&quot;:[],&quot;animation&quot;:&quot;fadeInLeft&quot;}\">\n\t\t\t\t<div class=\"elementor-element elementor-element-70b17cb elementor-widget elementor-widget-image\" data-id=\"70b17cb\" data-element_type=\"widget\" data-widget_type=\"image.default\">\n\t\t\t\t<div class=\"elementor-widget-container\">\n\t\t\t<style>\/*! elementor - v3.18.0 - 04-12-2023 *\/\n.elementor-widget-image{text-align:center}.elementor-widget-image a{display:inline-block}.elementor-widget-image a img[src$=\".svg\"]{width:48px}.elementor-widget-image img{vertical-align:middle;display:inline-block}<\/style>\t\t\t\t\t\t\t\t\t\t\t\t<img fetchpriority=\"high\" decoding=\"async\" width=\"1024\" height=\"1024\" src=\"https:\/\/playroom.tr\/wp-content\/uploads\/2024\/01\/1-19.png\" class=\"elementor-animation-grow attachment-large size-large wp-image-992\" alt=\"\" srcset=\"https:\/\/playroom.tr\/wp-content\/uploads\/2024\/01\/1-19.png 1024w, https:\/\/playroom.tr\/wp-content\/uploads\/2024\/01\/1-19-300x300.png 300w, https:\/\/playroom.tr\/wp-content\/uploads\/2024\/01\/1-19-150x150.png 150w, https:\/\/playroom.tr\/wp-content\/uploads\/2024\/01\/1-19-768x768.png 768w, https:\/\/playroom.tr\/wp-content\/uploads\/2024\/01\/1-19-12x12.png 12w, https:\/\/playroom.tr\/wp-content\/uploads\/2024\/01\/1-19-500x500.png 500w\" sizes=\"(max-width: 1024px) 100vw, 1024px\" \/>\t\t\t\t\t\t\t\t\t\t\t\t\t\t\t<\/div>\n\t\t\t\t<\/div>\n\t\t\t\t<\/div>\n\t\t<div class=\"elementor-element elementor-element-79fd422 e-con-full e-flex elementor-invisible e-con e-child\" data-id=\"79fd422\" data-element_type=\"container\" data-settings=\"{&quot;content_width&quot;:&quot;full&quot;,&quot;jet_parallax_layout_list&quot;:[],&quot;animation&quot;:&quot;fadeInRight&quot;}\">\n\t\t\t\t<div class=\"elementor-element elementor-element-c39a147 elementor-widget elementor-widget-text-editor\" data-id=\"c39a147\" data-element_type=\"widget\" data-widget_type=\"text-editor.default\">\n\t\t\t\t<div class=\"elementor-widget-container\">\n\t\t\t<style>\/*! elementor - v3.18.0 - 04-12-2023 *\/\n.elementor-widget-text-editor.elementor-drop-cap-view-stacked .elementor-drop-cap{background-color:#69727d;color:#fff}.elementor-widget-text-editor.elementor-drop-cap-view-framed .elementor-drop-cap{color:#69727d;border:3px solid;background-color:transparent}.elementor-widget-text-editor:not(.elementor-drop-cap-view-default) .elementor-drop-cap{margin-top:8px}.elementor-widget-text-editor:not(.elementor-drop-cap-view-default) .elementor-drop-cap-letter{width:1em;height:1em}.elementor-widget-text-editor .elementor-drop-cap{float:left;text-align:center;line-height:1;font-size:50px}.elementor-widget-text-editor .elementor-drop-cap-letter{display:inline-block}<\/style>\t\t\t\t<p><strong>Netko Sistem: Kablolu ve Kablosuz Telefon \u00c7\u00f6z\u00fcmleriyle Kapsaml\u0131 \u0130leti\u015fim Deneyimi<\/strong><\/p><p>Netko Sistem Teknoloji ve Bilgi \u0130\u015flem Hizmetleri San. Tic. Ltd. \u015eti., hem kablolu hem de kablosuz telefon \u00e7\u00f6z\u00fcmleri sunarak i\u015fletmelerin ve bireylerin ileti\u015fim ihtiya\u00e7lar\u0131n\u0131 kapsaml\u0131 bir \u015fekilde kar\u015f\u0131lamaktad\u0131r. Bu \u00e7\u00f6z\u00fcmler, g\u00fcnl\u00fck ileti\u015fim ihtiya\u00e7lar\u0131ndan karma\u015f\u0131k i\u015f s\u00fcre\u00e7lerine kadar geni\u015f bir kullan\u0131m alan\u0131 sunar ve m\u00fc\u015fterilerin verimli ileti\u015fim kurmalar\u0131n\u0131 sa\u011flar.<\/p><p>Netko Sistem&#8217;in kablolu telefon \u00e7\u00f6z\u00fcmleri, geleneksel telefon hatt\u0131 altyap\u0131s\u0131n\u0131 kullanarak g\u00fcvenilir ve kaliteli ses ileti\u015fimi sunar. Bu \u00e7\u00f6z\u00fcmler, ofisler, \u00e7a\u011fr\u0131 merkezleri ve ev kullan\u0131m\u0131 i\u00e7in idealdir. Kablolu telefonlar, basit kullan\u0131m\u0131, y\u00fcksek ses kalitesi ve uzun \u00f6m\u00fcrl\u00fcl\u00fckleri ile bilinir. Netko Sistem, m\u00fc\u015fterilere \u00e7e\u015fitli kablolu telefon modelleri ve aksesuarlar\u0131 sunarak, her t\u00fcrl\u00fc ihtiyaca uygun \u00e7\u00f6z\u00fcmler sa\u011flar.<\/p>\t\t\t\t\t\t<\/div>\n\t\t\t\t<\/div>\n\t\t\t\t<\/div>\n\t\t\t\t\t<\/div>\n\t\t\t\t<\/div>\n\t\t<div class=\"elementor-element elementor-element-b02a341 e-flex e-con-boxed e-con e-parent\" data-id=\"b02a341\" data-element_type=\"container\" data-settings=\"{&quot;jet_parallax_layout_list&quot;:[],&quot;content_width&quot;:&quot;boxed&quot;}\" data-core-v316-plus=\"true\">\n\t\t\t\t\t<div class=\"e-con-inner\">\n\t\t<div class=\"elementor-element elementor-element-690f13a e-con-full e-flex elementor-invisible e-con e-child\" data-id=\"690f13a\" data-element_type=\"container\" data-settings=\"{&quot;content_width&quot;:&quot;full&quot;,&quot;jet_parallax_layout_list&quot;:[],&quot;animation&quot;:&quot;fadeInLeft&quot;}\">\n\t\t\t\t<div class=\"elementor-element elementor-element-e879e05 elementor-widget elementor-widget-text-editor\" data-id=\"e879e05\" data-element_type=\"widget\" data-widget_type=\"text-editor.default\">\n\t\t\t\t<div class=\"elementor-widget-container\">\n\t\t\t\t\t\t\t<div class=\"min-h-[20px] text-message flex flex-col items-start gap-3 whitespace-pre-wrap break-words [.text-message+&amp;]:mt-5 overflow-x-auto\" data-message-author-role=\"assistant\" data-message-id=\"93a4785a-4bd0-4607-98d5-843183bc0e8b\"><div class=\"markdown prose w-full break-words dark:prose-invert light\"><p>Kablosuz telefon \u00e7\u00f6z\u00fcmleri ise, hareket \u00f6zg\u00fcrl\u00fc\u011f\u00fc ve esneklik sunar. Netko Sistem&#8217;in kablosuz telefon \u00e7\u00f6z\u00fcmleri, i\u015fletmelerin ve bireylerin hareket halindeyken bile kesintisiz ileti\u015fim kurmalar\u0131n\u0131 sa\u011flar. Bu telefonlar, geni\u015f kapsama alanlar\u0131, uzun pil \u00f6m\u00fcrleri ve y\u00fcksek ses kaliteleri ile \u00f6ne \u00e7\u0131kar. Ayr\u0131ca, kullan\u0131c\u0131lar\u0131n farkl\u0131 ortamlarda rahat\u00e7a ileti\u015fim kurmalar\u0131na olanak tan\u0131yan ergonomik tasar\u0131mlara sahiptirler.<\/p><\/div><\/div><div class=\"min-h-[20px] text-message flex flex-col items-start gap-3 whitespace-pre-wrap break-words [.text-message+&amp;]:mt-5 overflow-x-auto\" data-message-author-role=\"assistant\" data-message-id=\"55f432e6-944c-4769-89c7-d915787a3f58\"><div class=\"result-streaming markdown prose w-full break-words dark:prose-invert light\"><p>Netko Sistem, kablolu ve kablosuz telefon sistemlerinin kurulumu, yap\u0131land\u0131r\u0131lmas\u0131 ve bak\u0131m\u0131 konusunda tam hizmet sunar. \u015eirket, her m\u00fc\u015fterinin \u00f6zel gereksinimlerini anlayarak, en uygun \u00e7\u00f6z\u00fcm\u00fc \u00f6nerir ve uygular. Ayr\u0131ca, telefon sistemlerinin sorunsuz \u00e7al\u0131\u015fmas\u0131n\u0131 sa\u011flamak i\u00e7in d\u00fczenli bak\u0131m ve destek hizmetleri de sa\u011flar.<\/p><\/div><\/div>\t\t\t\t\t\t<\/div>\n\t\t\t\t<\/div>\n\t\t\t\t<\/div>\n\t\t<div class=\"elementor-element elementor-element-7666473 e-con-full e-flex elementor-invisible e-con e-child\" data-id=\"7666473\" data-element_type=\"container\" data-settings=\"{&quot;content_width&quot;:&quot;full&quot;,&quot;jet_parallax_layout_list&quot;:[],&quot;animation&quot;:&quot;fadeInRight&quot;}\">\n\t\t\t\t<div class=\"elementor-element elementor-element-b216839 elementor-widget elementor-widget-image\" data-id=\"b216839\" data-element_type=\"widget\" data-widget_type=\"image.default\">\n\t\t\t\t<div class=\"elementor-widget-container\">\n\t\t\t\t\t\t\t\t\t\t\t\t\t\t\t<img decoding=\"async\" width=\"1024\" height=\"1024\" src=\"https:\/\/playroom.tr\/wp-content\/uploads\/2024\/01\/2-19.png\" class=\"elementor-animation-grow attachment-large size-large wp-image-993\" alt=\"\" srcset=\"https:\/\/playroom.tr\/wp-content\/uploads\/2024\/01\/2-19.png 1024w, https:\/\/playroom.tr\/wp-content\/uploads\/2024\/01\/2-19-300x300.png 300w, https:\/\/playroom.tr\/wp-content\/uploads\/2024\/01\/2-19-150x150.png 150w, https:\/\/playroom.tr\/wp-content\/uploads\/2024\/01\/2-19-768x768.png 768w, https:\/\/playroom.tr\/wp-content\/uploads\/2024\/01\/2-19-12x12.png 12w, https:\/\/playroom.tr\/wp-content\/uploads\/2024\/01\/2-19-500x500.png 500w\" sizes=\"(max-width: 1024px) 100vw, 1024px\" \/>\t\t\t\t\t\t\t\t\t\t\t\t\t\t\t<\/div>\n\t\t\t\t<\/div>\n\t\t\t\t<\/div>\n\t\t\t\t\t<\/div>\n\t\t\t\t<\/div>\n\t\t<div class=\"elementor-element elementor-element-f2db264 e-flex e-con-boxed e-con e-parent\" data-id=\"f2db264\" data-element_type=\"container\" data-settings=\"{&quot;jet_parallax_layout_list&quot;:[],&quot;content_width&quot;:&quot;boxed&quot;}\" data-core-v316-plus=\"true\">\n\t\t\t\t\t<div class=\"e-con-inner\">\n\t\t<div class=\"elementor-element elementor-element-68bc592 e-con-full e-flex elementor-invisible e-con e-child\" data-id=\"68bc592\" data-element_type=\"container\" data-settings=\"{&quot;content_width&quot;:&quot;full&quot;,&quot;jet_parallax_layout_list&quot;:[],&quot;animation&quot;:&quot;fadeInLeft&quot;}\">\n\t\t\t\t<div class=\"elementor-element elementor-element-1fa3ef6 elementor-widget elementor-widget-image\" data-id=\"1fa3ef6\" data-element_type=\"widget\" data-widget_type=\"image.default\">\n\t\t\t\t<div class=\"elementor-widget-container\">\n\t\t\t\t\t\t\t\t\t\t\t\t\t\t\t<img decoding=\"async\" width=\"1024\" height=\"1024\" src=\"https:\/\/playroom.tr\/wp-content\/uploads\/2024\/01\/3-17.png\" class=\"elementor-animation-grow attachment-large size-large wp-image-994\" alt=\"\" srcset=\"https:\/\/playroom.tr\/wp-content\/uploads\/2024\/01\/3-17.png 1024w, https:\/\/playroom.tr\/wp-content\/uploads\/2024\/01\/3-17-300x300.png 300w, https:\/\/playroom.tr\/wp-content\/uploads\/2024\/01\/3-17-150x150.png 150w, https:\/\/playroom.tr\/wp-content\/uploads\/2024\/01\/3-17-768x768.png 768w, https:\/\/playroom.tr\/wp-content\/uploads\/2024\/01\/3-17-12x12.png 12w, https:\/\/playroom.tr\/wp-content\/uploads\/2024\/01\/3-17-500x500.png 500w\" sizes=\"(max-width: 1024px) 100vw, 1024px\" \/>\t\t\t\t\t\t\t\t\t\t\t\t\t\t\t<\/div>\n\t\t\t\t<\/div>\n\t\t\t\t<\/div>\n\t\t<div class=\"elementor-element elementor-element-6517c31 e-con-full e-flex elementor-invisible e-con e-child\" data-id=\"6517c31\" data-element_type=\"container\" data-settings=\"{&quot;content_width&quot;:&quot;full&quot;,&quot;jet_parallax_layout_list&quot;:[],&quot;animation&quot;:&quot;fadeInRight&quot;}\">\n\t\t\t\t<div class=\"elementor-element elementor-element-89a13a3 elementor-widget elementor-widget-text-editor\" data-id=\"89a13a3\" data-element_type=\"widget\" data-widget_type=\"text-editor.default\">\n\t\t\t\t<div class=\"elementor-widget-container\">\n\t\t\t\t\t\t\t<p>G\u00fcvenlik ve gizlilik, Netko Sistem&#8217;in telefon \u00e7\u00f6z\u00fcmlerinde \u00f6nemli bir odakt\u0131r. \u015eirket, aramalar\u0131n g\u00fcvenli\u011fini sa\u011flamak i\u00e7in geli\u015fmi\u015f \u015fifreleme teknolojilerini kullan\u0131r. Bu, \u00f6zellikle hassas i\u015f bilgilerinin ve ki\u015fisel verilerin ileti\u015fim s\u0131ras\u0131nda korunmas\u0131 gereken durumlar i\u00e7in \u00f6nemlidir.<\/p><p>Netko Sistem, ayr\u0131ca, i\u015fletmelerin ve bireylerin de\u011fi\u015fen ileti\u015fim ihtiya\u00e7lar\u0131na uyum sa\u011flamak i\u00e7in esnek ve \u00f6l\u00e7eklenebilir telefon \u00e7\u00f6z\u00fcmleri sunar. \u0130ster basit bir ev kullan\u0131m\u0131 ister karma\u015f\u0131k bir i\u015f ortam\u0131 olsun, Netko Sistem&#8217;in telefon \u00e7\u00f6z\u00fcmleri, kullan\u0131c\u0131lar\u0131n etkili bir \u015fekilde ileti\u015fim kurmalar\u0131n\u0131 sa\u011flar.<\/p>\t\t\t\t\t\t<\/div>\n\t\t\t\t<\/div>\n\t\t\t\t<\/div>\n\t\t\t\t\t<\/div>\n\t\t\t\t<\/div>\n\t\t<div class=\"elementor-element elementor-element-c7a3077 e-flex e-con-boxed e-con e-parent\" data-id=\"c7a3077\" data-element_type=\"container\" data-settings=\"{&quot;jet_parallax_layout_list&quot;:[],&quot;content_width&quot;:&quot;boxed&quot;}\" data-core-v316-plus=\"true\">\n\t\t\t\t\t<div class=\"e-con-inner\">\n\t\t<div class=\"elementor-element elementor-element-e503cbc e-con-full e-flex elementor-invisible e-con e-child\" data-id=\"e503cbc\" data-element_type=\"container\" data-settings=\"{&quot;content_width&quot;:&quot;full&quot;,&quot;jet_parallax_layout_list&quot;:[],&quot;animation&quot;:&quot;fadeInLeft&quot;}\">\n\t\t\t\t<div class=\"elementor-element elementor-element-5dcadd0 elementor-widget elementor-widget-text-editor\" data-id=\"5dcadd0\" data-element_type=\"widget\" data-widget_type=\"text-editor.default\">\n\t\t\t\t<div class=\"elementor-widget-container\">\n\t\t\t\t\t\t\t<p>Sonu\u00e7 olarak, Netko Sistem&#8217;in kablolu ve kablosuz telefon \u00e7\u00f6z\u00fcmleri, kullan\u0131c\u0131lar\u0131n g\u00fcnl\u00fck ileti\u015fim ihtiya\u00e7lar\u0131na cevap verirken, i\u015f s\u00fcre\u00e7lerini de destekler. \u015eirket, m\u00fc\u015fterilerine en \u00fcst d\u00fczeyde hizmet ve destek sunarak, ileti\u015fim altyap\u0131lar\u0131n\u0131 g\u00fc\u00e7lendirir ve i\u015f s\u00fcre\u00e7lerini kolayla\u015ft\u0131r\u0131r.<\/p>\t\t\t\t\t\t<\/div>\n\t\t\t\t<\/div>\n\t\t\t\t<\/div>\n\t\t<div class=\"elementor-element elementor-element-50a55aa e-con-full e-flex elementor-invisible e-con e-child\" data-id=\"50a55aa\" data-element_type=\"container\" data-settings=\"{&quot;content_width&quot;:&quot;full&quot;,&quot;jet_parallax_layout_list&quot;:[],&quot;animation&quot;:&quot;fadeInRight&quot;}\">\n\t\t\t\t<div class=\"elementor-element elementor-element-7090ee6 elementor-widget elementor-widget-image\" data-id=\"7090ee6\" data-element_type=\"widget\" data-widget_type=\"image.default\">\n\t\t\t\t<div class=\"elementor-widget-container\">\n\t\t\t\t\t\t\t\t\t\t\t\t\t\t\t<img loading=\"lazy\" decoding=\"async\" width=\"1024\" height=\"1024\" src=\"https:\/\/playroom.tr\/wp-content\/uploads\/2024\/01\/4-16.png\" class=\"elementor-animation-grow attachment-large size-large wp-image-995\" alt=\"\" srcset=\"https:\/\/playroom.tr\/wp-content\/uploads\/2024\/01\/4-16.png 1024w, https:\/\/playroom.tr\/wp-content\/uploads\/2024\/01\/4-16-300x300.png 300w, https:\/\/playroom.tr\/wp-content\/uploads\/2024\/01\/4-16-150x150.png 150w, https:\/\/playroom.tr\/wp-content\/uploads\/2024\/01\/4-16-768x768.png 768w, https:\/\/playroom.tr\/wp-content\/uploads\/2024\/01\/4-16-12x12.png 12w, https:\/\/playroom.tr\/wp-content\/uploads\/2024\/01\/4-16-500x500.png 500w\" sizes=\"(max-width: 1024px) 100vw, 1024px\" \/>\t\t\t\t\t\t\t\t\t\t\t\t\t\t\t<\/div>\n\t\t\t\t<\/div>\n\t\t\t\t<\/div>\n\t\t\t\t\t<\/div>\n\t\t\t\t<\/div>\n\t\t<div class=\"elementor-element elementor-element-2d22412 e-flex e-con-boxed e-con e-parent\" data-id=\"2d22412\" data-element_type=\"container\" data-settings=\"{&quot;jet_parallax_layout_list&quot;:[],&quot;content_width&quot;:&quot;boxed&quot;}\" data-core-v316-plus=\"true\">\n\t\t\t\t\t<div class=\"e-con-inner\">\n\t\t\t\t<div class=\"elementor-element elementor-element-6dc5b01 elementor-align-center elementor-mobile-align-center elementor-widget elementor-widget-raven-button\" data-id=\"6dc5b01\" data-element_type=\"widget\" data-settings=\"{&quot;turn_to_popup_action_button&quot;:&quot;no&quot;}\" data-widget_type=\"raven-button.default\">\n\t\t\t\t<div class=\"elementor-widget-container\">\n\t\t\t\t\t<div class=\"raven-widget-wrapper\">\n\t\t\t<a class=\"raven-button raven-button-widget-normal-effect-shine raven-button-text-align-center raven-button-link elementor-animation-grow\" href=\"https:\/\/playroom.tr\/index.php\/contact\/\">\t\t\t\t<div class=\"raven-button-overlay\" ><\/div>\n\t\t\t\t<span class=\"raven-button-content\">\n\t\t\t\t\t\n\t\t\t\t\t<div class=\"button-text-container\">\n\t\t\t\t\t\t\t\t\t\t\t\t<div class=\"raven-button-texts-wrapper\">\n\t\t\t\t\t\t\t<div class=\"button-text\">\n\t\t\t\t\t\t\t\t<span class=\"raven-button-text\">\n\t\t\t\t\t\t\t\t\tTeklif Al\t\t\t\t\t\t\t\t<\/span>\n\t\t\t\t\t\t\t<\/div>\n\t\t\t\t\t\t\t\t\t\t\t\t\t<\/div>\n\t\t\t\t\t\t\t\t\t\t\t<\/div>\n\t\t\t\t\t\n\t\t\t\t\t\t\t\t\t<\/span>\n\t\t\t<\/a>\t\t<\/div>\n\t\t\t\t<\/div>\n\t\t\t\t<\/div>\n\t\t\t\t\t<\/div>\n\t\t\t\t<\/div>\n\t\t\t\t\t\t\t<\/div>","protected":false},"excerpt":{"rendered":"<p>Kablolu &#038; Kablosuz Telefon \u00c7\u00f6z\u00fcmleri Netko Sistem: Kablolu ve Kablosuz Telefon \u00c7\u00f6z\u00fcmleriyle Kapsaml\u0131 \u0130leti\u015fim Deneyimi Netko Sistem Teknoloji ve Bilgi \u0130\u015flem Hizmetleri San. Tic. Ltd. \u015eti., hem kablolu hem de kablosuz telefon \u00e7\u00f6z\u00fcmleri sunarak i\u015fletmelerin ve bireylerin ileti\u015fim ihtiya\u00e7lar\u0131n\u0131 kapsaml\u0131 bir \u015fekilde kar\u015f\u0131lamaktad\u0131r. Bu \u00e7\u00f6z\u00fcmler, g\u00fcnl\u00fck ileti\u015fim ihtiya\u00e7lar\u0131ndan karma\u015f\u0131k i\u015f s\u00fcre\u00e7lerine kadar geni\u015f bir kullan\u0131m [&hellip;]<\/p>","protected":false},"author":1,"featured_media":0,"parent":0,"menu_order":0,"comment_status":"closed","ping_status":"closed","template":"elementor_header_footer","meta":{"footnotes":""},"class_list":["post-986","page","type-page","status-publish","hentry"],"acf":[],"yoast_head":"<!-- This site is optimized with the Yoast SEO Premium plugin v21.8 (Yoast SEO v21.8) - https:\/\/yoast.com\/wordpress\/plugins\/seo\/ -->\n<title>Kablolu &amp; Kablosuz Telefon \u00c7\u00f6z\u00fcmleri - Netko Sistem Teknoloji<\/title>\n<meta name=\"robots\" content=\"index, follow, max-snippet:-1, max-image-preview:large, max-video-preview:-1\" \/>\n<link rel=\"canonical\" href=\"https:\/\/playroom.tr\/en\/kablolu-kablosuz-telefon-cozumleri\/\" \/>\n<meta property=\"og:locale\" content=\"en_US\" \/>\n<meta property=\"og:type\" content=\"article\" \/>\n<meta property=\"og:title\" content=\"Kablolu &amp; Kablosuz Telefon \u00c7\u00f6z\u00fcmleri\" \/>\n<meta property=\"og:description\" content=\"Kablolu &#038; Kablosuz Telefon \u00c7\u00f6z\u00fcmleri Netko Sistem: Kablolu ve Kablosuz Telefon \u00c7\u00f6z\u00fcmleriyle Kapsaml\u0131 \u0130leti\u015fim Deneyimi Netko Sistem Teknoloji ve Bilgi \u0130\u015flem Hizmetleri San. Tic. Ltd. \u015eti., hem kablolu hem de kablosuz telefon \u00e7\u00f6z\u00fcmleri sunarak i\u015fletmelerin ve bireylerin ileti\u015fim ihtiya\u00e7lar\u0131n\u0131 kapsaml\u0131 bir \u015fekilde kar\u015f\u0131lamaktad\u0131r. Bu \u00e7\u00f6z\u00fcmler, g\u00fcnl\u00fck ileti\u015fim ihtiya\u00e7lar\u0131ndan karma\u015f\u0131k i\u015f s\u00fcre\u00e7lerine kadar geni\u015f bir kullan\u0131m [&hellip;]\" \/>\n<meta property=\"og:url\" content=\"https:\/\/playroom.tr\/en\/kablolu-kablosuz-telefon-cozumleri\/\" \/>\n<meta property=\"og:site_name\" content=\"Netko Sistem Teknoloji\" \/>\n<meta property=\"article:modified_time\" content=\"2024-01-14T21:14:07+00:00\" \/>\n<meta property=\"og:image\" content=\"https:\/\/playroom.tr\/wp-content\/uploads\/2024\/01\/1-19.png\" \/>\n<meta name=\"twitter:card\" content=\"summary_large_image\" \/>\n<script type=\"application\/ld+json\" class=\"yoast-schema-graph\">{\"@context\":\"https:\/\/schema.org\",\"@graph\":[{\"@type\":\"WebPage\",\"@id\":\"https:\/\/playroom.tr\/kablolu-kablosuz-telefon-cozumleri\/\",\"url\":\"https:\/\/playroom.tr\/kablolu-kablosuz-telefon-cozumleri\/\",\"name\":\"Kablolu & Kablosuz Telefon \u00c7\u00f6z\u00fcmleri - Netko Sistem Teknoloji\",\"isPartOf\":{\"@id\":\"https:\/\/playroom.tr\/#website\"},\"datePublished\":\"2024-01-14T21:08:21+00:00\",\"dateModified\":\"2024-01-14T21:14:07+00:00\",\"breadcrumb\":{\"@id\":\"https:\/\/playroom.tr\/kablolu-kablosuz-telefon-cozumleri\/#breadcrumb\"},\"inLanguage\":\"en-US\",\"potentialAction\":[{\"@type\":\"ReadAction\",\"target\":[\"https:\/\/playroom.tr\/kablolu-kablosuz-telefon-cozumleri\/\"]}]},{\"@type\":\"BreadcrumbList\",\"@id\":\"https:\/\/playroom.tr\/kablolu-kablosuz-telefon-cozumleri\/#breadcrumb\",\"itemListElement\":[{\"@type\":\"ListItem\",\"position\":1,\"name\":\"Anasayfa\",\"item\":\"https:\/\/playroom.tr\/\"},{\"@type\":\"ListItem\",\"position\":2,\"name\":\"Kablolu &#038; Kablosuz Telefon \u00c7\u00f6z\u00fcmleri\"}]},{\"@type\":\"WebSite\",\"@id\":\"https:\/\/playroom.tr\/#website\",\"url\":\"https:\/\/playroom.tr\/\",\"name\":\"Netko Sistem Teknoloji\",\"description\":\"Netko Sistem Teknoloji\",\"potentialAction\":[{\"@type\":\"SearchAction\",\"target\":{\"@type\":\"EntryPoint\",\"urlTemplate\":\"https:\/\/playroom.tr\/?s={search_term_string}\"},\"query-input\":\"required name=search_term_string\"}],\"inLanguage\":\"en-US\"}]}<\/script>\n<!-- \/ Yoast SEO Premium plugin. -->","yoast_head_json":{"title":"Kablolu & Kablosuz Telefon \u00c7\u00f6z\u00fcmleri - Netko Sistem Teknoloji","robots":{"index":"index","follow":"follow","max-snippet":"max-snippet:-1","max-image-preview":"max-image-preview:large","max-video-preview":"max-video-preview:-1"},"canonical":"https:\/\/playroom.tr\/en\/kablolu-kablosuz-telefon-cozumleri\/","og_locale":"en_US","og_type":"article","og_title":"Kablolu & Kablosuz Telefon \u00c7\u00f6z\u00fcmleri","og_description":"Kablolu &#038; Kablosuz Telefon \u00c7\u00f6z\u00fcmleri Netko Sistem: Kablolu ve Kablosuz Telefon \u00c7\u00f6z\u00fcmleriyle Kapsaml\u0131 \u0130leti\u015fim Deneyimi Netko Sistem Teknoloji ve Bilgi \u0130\u015flem Hizmetleri San. Tic. Ltd. \u015eti., hem kablolu hem de kablosuz telefon \u00e7\u00f6z\u00fcmleri sunarak i\u015fletmelerin ve bireylerin ileti\u015fim ihtiya\u00e7lar\u0131n\u0131 kapsaml\u0131 bir \u015fekilde kar\u015f\u0131lamaktad\u0131r. Bu \u00e7\u00f6z\u00fcmler, g\u00fcnl\u00fck ileti\u015fim ihtiya\u00e7lar\u0131ndan karma\u015f\u0131k i\u015f s\u00fcre\u00e7lerine kadar geni\u015f bir kullan\u0131m [&hellip;]","og_url":"https:\/\/playroom.tr\/en\/kablolu-kablosuz-telefon-cozumleri\/","og_site_name":"Netko Sistem Teknoloji","article_modified_time":"2024-01-14T21:14:07+00:00","og_image":[{"url":"https:\/\/playroom.tr\/wp-content\/uploads\/2024\/01\/1-19.png"}],"twitter_card":"summary_large_image","schema":{"@context":"https:\/\/schema.org","@graph":[{"@type":"WebPage","@id":"https:\/\/playroom.tr\/kablolu-kablosuz-telefon-cozumleri\/","url":"https:\/\/playroom.tr\/kablolu-kablosuz-telefon-cozumleri\/","name":"Kablolu & Kablosuz Telefon \u00c7\u00f6z\u00fcmleri - Netko Sistem Teknoloji","isPartOf":{"@id":"https:\/\/playroom.tr\/#website"},"datePublished":"2024-01-14T21:08:21+00:00","dateModified":"2024-01-14T21:14:07+00:00","breadcrumb":{"@id":"https:\/\/playroom.tr\/kablolu-kablosuz-telefon-cozumleri\/#breadcrumb"},"inLanguage":"en-US","potentialAction":[{"@type":"ReadAction","target":["https:\/\/playroom.tr\/kablolu-kablosuz-telefon-cozumleri\/"]}]},{"@type":"BreadcrumbList","@id":"https:\/\/playroom.tr\/kablolu-kablosuz-telefon-cozumleri\/#breadcrumb","itemListElement":[{"@type":"ListItem","position":1,"name":"Anasayfa","item":"https:\/\/playroom.tr\/"},{"@type":"ListItem","position":2,"name":"Kablolu &#038; Kablosuz Telefon \u00c7\u00f6z\u00fcmleri"}]},{"@type":"WebSite","@id":"https:\/\/playroom.tr\/#website","url":"https:\/\/playroom.tr\/","name":"Netko Sistem Teknoloji","description":"Netko Sistem Teknoloji","potentialAction":[{"@type":"SearchAction","target":{"@type":"EntryPoint","urlTemplate":"https:\/\/playroom.tr\/?s={search_term_string}"},"query-input":"required name=search_term_string"}],"inLanguage":"en-US"}]}},"_links":{"self":[{"href":"https:\/\/playroom.tr\/en\/wp-json\/wp\/v2\/pages\/986","targetHints":{"allow":["GET"]}}],"collection":[{"href":"https:\/\/playroom.tr\/en\/wp-json\/wp\/v2\/pages"}],"about":[{"href":"https:\/\/playroom.tr\/en\/wp-json\/wp\/v2\/types\/page"}],"author":[{"embeddable":true,"href":"https:\/\/playroom.tr\/en\/wp-json\/wp\/v2\/users\/1"}],"replies":[{"embeddable":true,"href":"https:\/\/playroom.tr\/en\/wp-json\/wp\/v2\/comments?post=986"}],"version-history":[{"count":4,"href":"https:\/\/playroom.tr\/en\/wp-json\/wp\/v2\/pages\/986\/revisions"}],"predecessor-version":[{"id":998,"href":"https:\/\/playroom.tr\/en\/wp-json\/wp\/v2\/pages\/986\/revisions\/998"}],"wp:attachment":[{"href":"https:\/\/playroom.tr\/en\/wp-json\/wp\/v2\/media?parent=986"}],"curies":[{"name":"wp","href":"https:\/\/api.w.org\/{rel}","templated":true}]}}